{"id":109147,"date":"2024-02-08T06:30:54","date_gmt":"2024-02-08T04:30:54","guid":{"rendered":"https:\/\/exlibris.ee\/toode\/hugo-auf-groser-jagd-lesehasen-bucherei-materialien-und-kopiervorlagen-zur-klassenlekture\/"},"modified":"2026-04-04T03:16:01","modified_gmt":"2026-04-04T00:16:01","slug":"hugo-auf-groser-jagd-lesehasen-bucherei-materialien-und-kopiervorlagen-zur-klassenlekture","status":"publish","type":"product","link":"https:\/\/exlibris.ee\/ru\/produkt\/hugo-auf-groser-jagd-lesehasen-bucherei-materialien-und-kopiervorlagen-zur-klassenlekture\/","title":{"rendered":"Hugo auf gro\u00dfer Jagd \/ Lesehasen-B\u00fccherei \/ Materialien und Kopiervorlagen zur Klassenlekt\u00fcre"},"content":{"rendered":"<p>Etwas l\u00e4uft anders als geplant \u2013 und schon machen die Gef\u00fchle mit einem, was sie wollen. Wie kommt man aus der Wut heraus? Und wie bringt man Gef\u00fchle angemessen zum Ausdruck?. Das Begleitmaterial vertieft solche Fragen auf abwechslungsreiche Weise, wobei sich die Kinder auch kreativ ausleben k\u00f6nnen. Dar\u00fcber hinaus gibt es Kopiervorlagen, die das Textverst\u00e4ndnis sichern und das Thema \u201eInsekten\u201c aufgreifen. Ein Abschlussspiel belohnt neben gr\u00fcndlichem Lesen Geschicklichkeit. Arbeitsbl\u00e4tter mit unterschiedlichen Niveaustufen erleichtern die Differenzierung.<\/p>\n","protected":false},"excerpt":{"rendered":"<p>Etwas l\u00e4uft anders als geplant \u2013 und schon machen die Gef\u00fchle mit einem, was sie wollen. Wie kommt man aus der Wut heraus? Und wie bringt man Gef\u00fchle angemessen zum Ausdruck?. Das Begleitmaterial vertieft solche Fragen auf abwechslungsreiche Weise, wobei&#8230;<\/p>\n","protected":false},"featured_media":109138,"template":"","meta":{"_acf_changed":false,"inline_featured_image":false},"product_brand":[],"product_cat":[851],"product_tag":[],"series":[{"id":2103,"name":"Hugo auf gro\u00dfer Jagd","slug":"hugo-auf-groser-jagd"}],"publisher":[{"id":2104,"name":"Hase und Igel Verlag","slug":"hase-und-igel-verlag"}],"class_list":{"0":"post-109147","1":"product","2":"type-product","3":"status-publish","4":"has-post-thumbnail","6":"product_cat-lesetexte-deutsch","7":"series-hugo-auf-groser-jagd","8":"publisher-hase-und-igel-verlag","10":"first","11":"onbackorder","12":"taxable","13":"shipping-taxable","14":"purchasable","15":"product-type-simple"},"acf":[],"_links":{"self":[{"href":"https:\/\/exlibris.ee\/ru\/wp-json\/wp\/v2\/product\/109147","targetHints":{"allow":["GET"]}}],"collection":[{"href":"https:\/\/exlibris.ee\/ru\/wp-json\/wp\/v2\/product"}],"about":[{"href":"https:\/\/exlibris.ee\/ru\/wp-json\/wp\/v2\/types\/product"}],"wp:featuredmedia":[{"embeddable":true,"href":"https:\/\/exlibris.ee\/ru\/wp-json\/wp\/v2\/media\/109138"}],"wp:attachment":[{"href":"https:\/\/exlibris.ee\/ru\/wp-json\/wp\/v2\/media?parent=109147"}],"wp:term":[{"taxonomy":"product_brand","embeddable":true,"href":"https:\/\/exlibris.ee\/ru\/wp-json\/wp\/v2\/product_brand?post=109147"},{"taxonomy":"product_cat","embeddable":true,"href":"https:\/\/exlibris.ee\/ru\/wp-json\/wp\/v2\/product_cat?post=109147"},{"taxonomy":"product_tag","embeddable":true,"href":"https:\/\/exlibris.ee\/ru\/wp-json\/wp\/v2\/product_tag?post=109147"},{"taxonomy":"series","embeddable":true,"href":"https:\/\/exlibris.ee\/ru\/wp-json\/wp\/v2\/series?post=109147"},{"taxonomy":"publisher","embeddable":true,"href":"https:\/\/exlibris.ee\/ru\/wp-json\/wp\/v2\/publisher?post=109147"}],"curies":[{"name":"wp","href":"https:\/\/api.w.org\/{rel}","templated":true}]}}