{"id":109190,"date":"2024-02-08T06:33:04","date_gmt":"2024-02-08T04:33:04","guid":{"rendered":"https:\/\/exlibris.ee\/toode\/kikeri-was-kinderbuch-deutsch-russisch-mit-mp3-horbuch-zum-herunterladen\/"},"modified":"2026-04-17T15:36:08","modified_gmt":"2026-04-17T12:36:08","slug":"kikeri-was-kinderbuch-deutsch-russisch-mit-mp3-horbuch-zum-herunterladen","status":"publish","type":"product","link":"https:\/\/exlibris.ee\/ru\/produkt\/kikeri-was-kinderbuch-deutsch-russisch-mit-mp3-horbuch-zum-herunterladen\/","title":{"rendered":"Kikeri \u2013 was? \/ Kinderbuch Deutsch-Russisch mit MP3-H\u00f6rbuch zum Herunterladen"},"content":{"rendered":"<p>Zweisprachiges Kinderbuch Deutsch-Russisch ab 4 Jahren. Der Neue in der Nachbarschaft redet ganz sch\u00f6n komisch. Die anderen Tiere verstehen kein Wort. Was will er blo\u00df sagen?. Kikeri &#8212; was? erz\u00e4hlt eine charmante Geschichte \u00fcber Sprachunterschiede und Sprachverst\u00e4ndnis.. Durchgehend farbig illustriert, mit H\u00f6rbuch als MP3-Download. F\u00fcr weitere Sprachen erh\u00e4ltlich.<\/p>\n","protected":false},"excerpt":{"rendered":"<p>Zweisprachiges Kinderbuch Deutsch-Russisch ab 4 Jahren. Der Neue in der Nachbarschaft redet ganz sch\u00f6n komisch. Die anderen Tiere verstehen kein Wort. Was will er blo\u00df sagen?. Kikeri &#8212; was? erz\u00e4hlt eine charmante Geschichte \u00fcber Sprachunterschiede und Sprachverst\u00e4ndnis.. Durchgehend farbig illustriert,&#8230;<\/p>\n","protected":false},"featured_media":320906,"template":"","meta":{"_acf_changed":false,"inline_featured_image":false},"product_brand":[],"product_cat":[851],"product_tag":[],"series":[{"id":2105,"name":"Kikeri \u2013 was?","slug":"kikeri-was"}],"publisher":[{"id":1305,"name":"Edition bi:libri","slug":"edition-bilibri"}],"class_list":{"0":"post-109190","1":"product","2":"type-product","3":"status-publish","4":"has-post-thumbnail","6":"product_cat-lesetexte-deutsch","7":"series-kikeri-was","8":"publisher-edition-bilibri","10":"first","11":"onbackorder","12":"taxable","13":"shipping-taxable","14":"purchasable","15":"product-type-simple"},"acf":[],"_links":{"self":[{"href":"https:\/\/exlibris.ee\/ru\/wp-json\/wp\/v2\/product\/109190","targetHints":{"allow":["GET"]}}],"collection":[{"href":"https:\/\/exlibris.ee\/ru\/wp-json\/wp\/v2\/product"}],"about":[{"href":"https:\/\/exlibris.ee\/ru\/wp-json\/wp\/v2\/types\/product"}],"wp:featuredmedia":[{"embeddable":true,"href":"https:\/\/exlibris.ee\/ru\/wp-json\/wp\/v2\/media\/320906"}],"wp:attachment":[{"href":"https:\/\/exlibris.ee\/ru\/wp-json\/wp\/v2\/media?parent=109190"}],"wp:term":[{"taxonomy":"product_brand","embeddable":true,"href":"https:\/\/exlibris.ee\/ru\/wp-json\/wp\/v2\/product_brand?post=109190"},{"taxonomy":"product_cat","embeddable":true,"href":"https:\/\/exlibris.ee\/ru\/wp-json\/wp\/v2\/product_cat?post=109190"},{"taxonomy":"product_tag","embeddable":true,"href":"https:\/\/exlibris.ee\/ru\/wp-json\/wp\/v2\/product_tag?post=109190"},{"taxonomy":"series","embeddable":true,"href":"https:\/\/exlibris.ee\/ru\/wp-json\/wp\/v2\/series?post=109190"},{"taxonomy":"publisher","embeddable":true,"href":"https:\/\/exlibris.ee\/ru\/wp-json\/wp\/v2\/publisher?post=109190"}],"curies":[{"name":"wp","href":"https:\/\/api.w.org\/{rel}","templated":true}]}}