{"id":109192,"date":"2024-02-08T06:33:05","date_gmt":"2024-02-08T04:33:05","guid":{"rendered":"https:\/\/exlibris.ee\/toode\/beste-freunde-plus-b1-2-arbeitsbuch-plus-interaktive-version\/"},"modified":"2026-04-13T05:28:28","modified_gmt":"2026-04-13T02:28:28","slug":"beste-freunde-plus-b1-2-arbeitsbuch-plus-interaktive-version","status":"publish","type":"product","link":"https:\/\/exlibris.ee\/ru\/produkt\/beste-freunde-plus-b1-2-arbeitsbuch-plus-interaktive-version\/","title":{"rendered":"Beste Freunde PLUS B1.2 \/ Arbeitsbuch plus interaktive Version"},"content":{"rendered":"<p>Kurzbeschreibung des Verlags<br \/>\nNiveau B1.2 bis B1.2<br \/>\nBeste Freunde PLUS \u2013 das interaktive DaF-Lehrwerk (A1 &#8212; B1) f\u00fcr Deutsch als Fremdsprache<\/p>\n<p>Zielgruppe: Jugendliche ohne Vorkenntnisse<\/p>\n<p>Beste Freunde PLUS B1.2 Arbeitsbuch \u2013 inklusive Startcode f\u00fcr die interaktive Version<\/p>\n<p>&#8212; jede Lektion enth\u00e4lt sieben vierfarbige Seiten<br \/>\n&#8212; zahlreiche \u00dcbungen zu Grammatik, Wortschatz und Redemittel f\u00fcr die Arbeit im Unterricht oder zum selbstst\u00e4ndigen Lernen zu Hause<br \/>\n&#8212; umfangreiches Angebot an selbstentdeckender, kontrastiv angelegter Grammatikarbeit<br \/>\n&#8212; klar ausgewiesenes, kleinschrittiges Schreibtraining<br \/>\n&#8212; ausf\u00fchrliches Phonetiktraining<br \/>\n&#8212; gezieltes Pr\u00fcfungstraining<br \/>\n&#8212; klares wechselseitiges Verweissystem zwischen Kurs- und Arbeitsbuch<br \/>\n&#8212; \u00fcbersichtliche Pr\u00e4sentation des Lernwortschatzes<br \/>\n&#8212; pro Modul zwei Seiten Fertigkeitentraining sowie eine Seite Selbstevaluation (Kann-Beschreibungen des GER)<br \/>\n&#8212; ausgewiesene Portfolio-Aufgaben<br \/>\n&#8212; \u00dcbungen zur Binnendifferenzierung<br \/>\n&#8212; Lerntipps<br \/>\n&#8212; Arbeitsbl\u00e4tter f\u00fcr Partneraufgaben des Kursbuchs im Anhang<\/p>\n<p>Die interaktive Version des Arbeitsbuchs Beste Freunde PLUS B1.2 enth\u00e4lt:<\/p>\n<p>&#8212; digitales Arbeitsbuch f\u00fcr Whiteboard, PC\/Mac und Tablet<br \/>\n&#8212; integrierte Audiodateien zum Arbeitsbuch<br \/>\n&#8212; interaktiv umgesetzte \u00dcbungen aus dem Arbeitsbuch<br \/>\n&#8212; Grammatik-Clips und interaktive Zusatz\u00fcbungen zu Aussprache,Wortschatz, Grammatik und Kommunikation<br \/>\n&#8212; integrierte Whiteboard-Werkzeuge zum Markieren, Kommentieren und Pr\u00e4sentieren<br \/>\n&#8212; intuitiv und ohne Einf\u00fchrung sofort einsetzbar<br \/>\n&#8212; Nutzung auf allen Ger\u00e4ten und allen g\u00e4ngigen Browsern<br \/>\n&#8212; offline verf\u00fcgbar \u00fcber die Hueber-interaktiv-App und als Kopie auf USB-Stick<\/p>\n","protected":false},"excerpt":{"rendered":"<p>Kurzbeschreibung des Verlags Niveau B1.2 bis B1.2 Beste Freunde PLUS \u2013 das interaktive DaF-Lehrwerk (A1 &#8212; B1) f\u00fcr Deutsch als Fremdsprache Zielgruppe: Jugendliche ohne Vorkenntnisse Beste Freunde PLUS B1.2 Arbeitsbuch \u2013 inklusive Startcode f\u00fcr die interaktive Version &#8212; jede Lektion&#8230;<\/p>\n","protected":false},"featured_media":235726,"template":"","meta":{"_acf_changed":false,"inline_featured_image":false},"product_brand":[],"product_cat":[477],"product_tag":[],"series":[{"id":2044,"name":"Beste Freunde Plus","slug":"beste-freunde-plus"}],"publisher":[{"id":497,"name":"Hueber Verlag","slug":"hueber-verlag"}],"class_list":{"0":"post-109192","1":"product","2":"type-product","3":"status-publish","4":"has-post-thumbnail","6":"product_cat-lehrwerke-fur-jugendliche","7":"series-beste-freunde-plus","8":"publisher-hueber-verlag","10":"first","11":"instock","12":"taxable","13":"shipping-taxable","14":"purchasable","15":"product-type-simple"},"acf":[],"_links":{"self":[{"href":"https:\/\/exlibris.ee\/ru\/wp-json\/wp\/v2\/product\/109192","targetHints":{"allow":["GET"]}}],"collection":[{"href":"https:\/\/exlibris.ee\/ru\/wp-json\/wp\/v2\/product"}],"about":[{"href":"https:\/\/exlibris.ee\/ru\/wp-json\/wp\/v2\/types\/product"}],"wp:featuredmedia":[{"embeddable":true,"href":"https:\/\/exlibris.ee\/ru\/wp-json\/wp\/v2\/media\/235726"}],"wp:attachment":[{"href":"https:\/\/exlibris.ee\/ru\/wp-json\/wp\/v2\/media?parent=109192"}],"wp:term":[{"taxonomy":"product_brand","embeddable":true,"href":"https:\/\/exlibris.ee\/ru\/wp-json\/wp\/v2\/product_brand?post=109192"},{"taxonomy":"product_cat","embeddable":true,"href":"https:\/\/exlibris.ee\/ru\/wp-json\/wp\/v2\/product_cat?post=109192"},{"taxonomy":"product_tag","embeddable":true,"href":"https:\/\/exlibris.ee\/ru\/wp-json\/wp\/v2\/product_tag?post=109192"},{"taxonomy":"series","embeddable":true,"href":"https:\/\/exlibris.ee\/ru\/wp-json\/wp\/v2\/series?post=109192"},{"taxonomy":"publisher","embeddable":true,"href":"https:\/\/exlibris.ee\/ru\/wp-json\/wp\/v2\/publisher?post=109192"}],"curies":[{"name":"wp","href":"https:\/\/api.w.org\/{rel}","templated":true}]}}