{"id":109228,"date":"2024-02-08T06:35:13","date_gmt":"2024-02-08T04:35:13","guid":{"rendered":"https:\/\/exlibris.ee\/toode\/paula-und-struppi-lesehasen-bucherei-materialien-und-kopiervorlagen-zur-klassenlekture\/"},"modified":"2026-04-18T15:35:43","modified_gmt":"2026-04-18T12:35:43","slug":"paula-und-struppi-lesehasen-bucherei-materialien-und-kopiervorlagen-zur-klassenlekture","status":"publish","type":"product","link":"https:\/\/exlibris.ee\/ru\/produkt\/paula-und-struppi-lesehasen-bucherei-materialien-und-kopiervorlagen-zur-klassenlekture\/","title":{"rendered":"Paula und Struppi \/ Lesehasen-B\u00fccherei \/ Materialien und Kopiervorlagen zur Klassenlekt\u00fcre"},"content":{"rendered":"<p>Das Material l\u00e4sst sich differenzierend im Unterricht einsetzen. Es bietet den Sch\u00fcler:innen die M\u00f6glichkeit, sich ihren individuellen Lesef\u00e4higkeiten entsprechend aktiv mit der Lekt\u00fcre auseinanderzusetzen.. Im Lehrerteil finden Sie kurze Inhaltsangaben zum Geschehen im Buch, Gespr\u00e4chsanl\u00e4sse, Hinweise und Tipps zu den jeweiligen Kopiervorlagen sowie L\u00f6sungen zu den Aufgaben. Die weiterf\u00fchrenden Ideen geben Impulse zur Vertiefung.. Dem Leseverm\u00f6gen von Kindern am Anfang der Primarstufe gem\u00e4\u00df sind die Kopiervorlagen einfach gestaltet, sodass sie weitgehend selbstst\u00e4ndig von den Sch\u00fcler:innen bearbeitet werden k\u00f6nnen.. Die Arbeitsbl\u00e4tter regen zur intensiven Textarbeit an und stellen gleichzeitig die Verbindung zu anderen F\u00e4chern, wie z.B. dem Sachunterricht, her. Die Themen aus dem Buch \u2013 Hund, Geburtstag, Schatzsuche, Zauberer \u2013 werden handlungsorientiert aufgegriffen und f\u00f6rdern so die Lesemotivation.<\/p>\n","protected":false},"excerpt":{"rendered":"<p>Das Material l\u00e4sst sich differenzierend im Unterricht einsetzen. Es bietet den Sch\u00fcler:innen die M\u00f6glichkeit, sich ihren individuellen Lesef\u00e4higkeiten entsprechend aktiv mit der Lekt\u00fcre auseinanderzusetzen.. Im Lehrerteil finden Sie kurze Inhaltsangaben zum Geschehen im Buch, Gespr\u00e4chsanl\u00e4sse, Hinweise und Tipps zu den&#8230;<\/p>\n","protected":false},"featured_media":337950,"template":"","meta":{"_acf_changed":false,"inline_featured_image":false},"product_brand":[],"product_cat":[851],"product_tag":[],"series":[{"id":2110,"name":"Paula und Struppi","slug":"paula-und-struppi"}],"publisher":[{"id":2104,"name":"Hase und Igel Verlag","slug":"hase-und-igel-verlag"}],"class_list":{"0":"post-109228","1":"product","2":"type-product","3":"status-publish","4":"has-post-thumbnail","6":"product_cat-lesetexte-deutsch","7":"series-paula-und-struppi","8":"publisher-hase-und-igel-verlag","10":"first","11":"onbackorder","12":"taxable","13":"shipping-taxable","14":"purchasable","15":"product-type-simple"},"acf":[],"_links":{"self":[{"href":"https:\/\/exlibris.ee\/ru\/wp-json\/wp\/v2\/product\/109228","targetHints":{"allow":["GET"]}}],"collection":[{"href":"https:\/\/exlibris.ee\/ru\/wp-json\/wp\/v2\/product"}],"about":[{"href":"https:\/\/exlibris.ee\/ru\/wp-json\/wp\/v2\/types\/product"}],"wp:featuredmedia":[{"embeddable":true,"href":"https:\/\/exlibris.ee\/ru\/wp-json\/wp\/v2\/media\/337950"}],"wp:attachment":[{"href":"https:\/\/exlibris.ee\/ru\/wp-json\/wp\/v2\/media?parent=109228"}],"wp:term":[{"taxonomy":"product_brand","embeddable":true,"href":"https:\/\/exlibris.ee\/ru\/wp-json\/wp\/v2\/product_brand?post=109228"},{"taxonomy":"product_cat","embeddable":true,"href":"https:\/\/exlibris.ee\/ru\/wp-json\/wp\/v2\/product_cat?post=109228"},{"taxonomy":"product_tag","embeddable":true,"href":"https:\/\/exlibris.ee\/ru\/wp-json\/wp\/v2\/product_tag?post=109228"},{"taxonomy":"series","embeddable":true,"href":"https:\/\/exlibris.ee\/ru\/wp-json\/wp\/v2\/series?post=109228"},{"taxonomy":"publisher","embeddable":true,"href":"https:\/\/exlibris.ee\/ru\/wp-json\/wp\/v2\/publisher?post=109228"}],"curies":[{"name":"wp","href":"https:\/\/api.w.org\/{rel}","templated":true}]}}