{"id":109235,"date":"2024-02-08T06:35:15","date_gmt":"2024-02-08T04:35:15","guid":{"rendered":"https:\/\/exlibris.ee\/toode\/boris-der-kater-das-badewannenauto-kinderbuch-deutsch-ukrainisch-mit-mp3-horbuch-zum-herunterladen\/"},"modified":"2026-04-18T15:37:26","modified_gmt":"2026-04-18T12:37:26","slug":"boris-der-kater-das-badewannenauto-kinderbuch-deutsch-ukrainisch-mit-mp3-horbuch-zum-herunterladen","status":"publish","type":"product","link":"https:\/\/exlibris.ee\/ru\/produkt\/boris-der-kater-das-badewannenauto-kinderbuch-deutsch-ukrainisch-mit-mp3-horbuch-zum-herunterladen\/","title":{"rendered":"Boris der Kater \u2013 Das Badewannenauto \/ Kinderbuch Deutsch-Ukrainisch mit MP3-H\u00f6rbuch zum Herunterladen"},"content":{"rendered":"<p>Zweisprachiges Kinderbuch Deutsch-Ukrainisch ab 4 Jahren. Boris, der Kater, mag es behaglich. Aber hin und wieder kommt etwas dazwischen. Die lustigen Abenteuer des kleinen Katers mit den gro\u00dfen Ideen sind in diesem Buch vereint.. Das Kater-Boris-Buch beinhaltet acht abgeschlossene Bildgeschichten, die kleine und gro\u00dfe Leserinnen und Leser zum Schmunzeln bringen. Der Autor und Illustrator Erwin Moser verbindet meisterhaft sein zeichnerisches Talent mit seinem feinen sprachlichen Witz und hat in seinem umfangreichen Schaffen viele liebenswerte Figuren entwickelt.. Durchgehend farbig illustriert, mit H\u00f6rbuch als MP3-Download in 9 Sprachen.. F\u00fcr weitere Sprachen erh\u00e4ltlich.<\/p>\n","protected":false},"excerpt":{"rendered":"<p>Zweisprachiges Kinderbuch Deutsch-Ukrainisch ab 4 Jahren. Boris, der Kater, mag es behaglich. Aber hin und wieder kommt etwas dazwischen. Die lustigen Abenteuer des kleinen Katers mit den gro\u00dfen Ideen sind in diesem Buch vereint.. Das Kater-Boris-Buch beinhaltet acht abgeschlossene Bildgeschichten,&#8230;<\/p>\n","protected":false},"featured_media":337989,"template":"","meta":{"_acf_changed":false,"inline_featured_image":false},"product_brand":[],"product_cat":[851],"product_tag":[],"series":[{"id":2111,"name":"Boris der Kater","slug":"boris-der-kater"}],"publisher":[{"id":1308,"name":"NordS\u00fcd","slug":"nordsud"}],"class_list":{"0":"post-109235","1":"product","2":"type-product","3":"status-publish","4":"has-post-thumbnail","6":"product_cat-lesetexte-deutsch","7":"series-boris-der-kater","8":"publisher-nordsud","10":"first","11":"onbackorder","12":"taxable","13":"shipping-taxable","14":"purchasable","15":"product-type-simple"},"acf":[],"_links":{"self":[{"href":"https:\/\/exlibris.ee\/ru\/wp-json\/wp\/v2\/product\/109235","targetHints":{"allow":["GET"]}}],"collection":[{"href":"https:\/\/exlibris.ee\/ru\/wp-json\/wp\/v2\/product"}],"about":[{"href":"https:\/\/exlibris.ee\/ru\/wp-json\/wp\/v2\/types\/product"}],"wp:featuredmedia":[{"embeddable":true,"href":"https:\/\/exlibris.ee\/ru\/wp-json\/wp\/v2\/media\/337989"}],"wp:attachment":[{"href":"https:\/\/exlibris.ee\/ru\/wp-json\/wp\/v2\/media?parent=109235"}],"wp:term":[{"taxonomy":"product_brand","embeddable":true,"href":"https:\/\/exlibris.ee\/ru\/wp-json\/wp\/v2\/product_brand?post=109235"},{"taxonomy":"product_cat","embeddable":true,"href":"https:\/\/exlibris.ee\/ru\/wp-json\/wp\/v2\/product_cat?post=109235"},{"taxonomy":"product_tag","embeddable":true,"href":"https:\/\/exlibris.ee\/ru\/wp-json\/wp\/v2\/product_tag?post=109235"},{"taxonomy":"series","embeddable":true,"href":"https:\/\/exlibris.ee\/ru\/wp-json\/wp\/v2\/series?post=109235"},{"taxonomy":"publisher","embeddable":true,"href":"https:\/\/exlibris.ee\/ru\/wp-json\/wp\/v2\/publisher?post=109235"}],"curies":[{"name":"wp","href":"https:\/\/api.w.org\/{rel}","templated":true}]}}