{"id":109240,"date":"2024-02-08T06:35:16","date_gmt":"2024-02-08T04:35:16","guid":{"rendered":"https:\/\/exlibris.ee\/toode\/reiseziel-deutschland-destination-germany-sprach-und-reisefuhrer-deutsch-englisch-auf-dem-niveau-a2-bis-b2-landeskunde\/"},"modified":"2026-04-14T19:25:19","modified_gmt":"2026-04-14T16:25:19","slug":"reiseziel-deutschland-destination-germany-sprach-und-reisefuhrer-deutsch-englisch-auf-dem-niveau-a2-bis-b2-landeskunde","status":"publish","type":"product","link":"https:\/\/exlibris.ee\/ru\/produkt\/reiseziel-deutschland-destination-germany-sprach-und-reisefuhrer-deutsch-englisch-auf-dem-niveau-a2-bis-b2-landeskunde\/","title":{"rendered":"Reiseziel Deutschland \u2013 Destination Germany \/ Sprach- und Reisef\u00fchrer Deutsch-Englisch auf dem Niveau A2 bis B2 \/ Landeskunde"},"content":{"rendered":"<p>Level: A2 to B2. Zielgruppe: Alle, die sich sprachlich auf eine Deutschlandreise vorbereiten und auch wichtige Sehensw\u00fcrdigkeiten kennenlernen wollen.. Der erste Teil ist ein Sprachf\u00fchrer, der die wichtigsten Situationen vom Ankommen, Auf dem Flughafen, Einkaufen, Essen bis zu Beschwerden und Probleml\u00f6sungen aufgreift, dazu Tipps wie \u00d6ffnungszeiten, Notrufnummern usw. Der zweite Teil ist eine Rundreise durch Deutschland von Berlin \u00fcber Hamburg, K\u00f6ln und M\u00fcnchen bis Dresden mit vielen n\u00fctzlichen Hinweisen und Geheimtipps. S\u00e4mtliche Texte sind \u00fcbersetzt, sodass auch Lerner mit geringeren Vorkenntnissen sich informieren und gleichzeitig sprachlich profitieren k\u00f6nnen.. Audio-CD zur Festigung der Aussprache und als Merkhilfe zu Schnelltrainer Reiseziel Deutschland.<\/p>\n","protected":false},"excerpt":{"rendered":"<p>Level: A2 to B2. Zielgruppe: Alle, die sich sprachlich auf eine Deutschlandreise vorbereiten und auch wichtige Sehensw\u00fcrdigkeiten kennenlernen wollen.. Der erste Teil ist ein Sprachf\u00fchrer, der die wichtigsten Situationen vom Ankommen, Auf dem Flughafen, Einkaufen, Essen bis zu Beschwerden und&#8230;<\/p>\n","protected":false},"featured_media":269496,"template":"","meta":{"_acf_changed":false,"inline_featured_image":false},"product_brand":[],"product_cat":[490],"product_tag":[],"series":[{"id":1338,"name":"Landeskunde Deutschland","slug":"landeskunde-deutschland"}],"publisher":[{"id":1315,"name":"Verlag f\u00fcr Deutsch","slug":"verlag-fur-deutsch"}],"class_list":{"0":"post-109240","1":"product","2":"type-product","3":"status-publish","4":"has-post-thumbnail","6":"product_cat-landeskunde","7":"series-landeskunde-deutschland","8":"publisher-verlag-fur-deutsch","10":"first","11":"onbackorder","12":"taxable","13":"shipping-taxable","14":"purchasable","15":"product-type-simple"},"acf":[],"_links":{"self":[{"href":"https:\/\/exlibris.ee\/ru\/wp-json\/wp\/v2\/product\/109240","targetHints":{"allow":["GET"]}}],"collection":[{"href":"https:\/\/exlibris.ee\/ru\/wp-json\/wp\/v2\/product"}],"about":[{"href":"https:\/\/exlibris.ee\/ru\/wp-json\/wp\/v2\/types\/product"}],"wp:featuredmedia":[{"embeddable":true,"href":"https:\/\/exlibris.ee\/ru\/wp-json\/wp\/v2\/media\/269496"}],"wp:attachment":[{"href":"https:\/\/exlibris.ee\/ru\/wp-json\/wp\/v2\/media?parent=109240"}],"wp:term":[{"taxonomy":"product_brand","embeddable":true,"href":"https:\/\/exlibris.ee\/ru\/wp-json\/wp\/v2\/product_brand?post=109240"},{"taxonomy":"product_cat","embeddable":true,"href":"https:\/\/exlibris.ee\/ru\/wp-json\/wp\/v2\/product_cat?post=109240"},{"taxonomy":"product_tag","embeddable":true,"href":"https:\/\/exlibris.ee\/ru\/wp-json\/wp\/v2\/product_tag?post=109240"},{"taxonomy":"series","embeddable":true,"href":"https:\/\/exlibris.ee\/ru\/wp-json\/wp\/v2\/series?post=109240"},{"taxonomy":"publisher","embeddable":true,"href":"https:\/\/exlibris.ee\/ru\/wp-json\/wp\/v2\/publisher?post=109240"}],"curies":[{"name":"wp","href":"https:\/\/api.w.org\/{rel}","templated":true}]}}