{"id":109294,"date":"2024-02-08T06:37:27","date_gmt":"2024-02-08T04:37:27","guid":{"rendered":"https:\/\/exlibris.ee\/toode\/lotti-muss-bleiben-tiergeschichten-lekture-fur-kinder\/"},"modified":"2026-04-03T09:18:19","modified_gmt":"2026-04-03T06:18:19","slug":"lotti-muss-bleiben-tiergeschichten-lekture-fur-kinder","status":"publish","type":"product","link":"https:\/\/exlibris.ee\/ru\/produkt\/lotti-muss-bleiben-tiergeschichten-lekture-fur-kinder\/","title":{"rendered":"Lotti muss bleiben! \/ Tiergeschichten \/ Lekt\u00fcre f\u00fcr Kinder"},"content":{"rendered":"<p>Emma und Maximilian entdecken auf einem Rastplatz ein Huhn und nehmen es mit nach Hause. Ihre Mutter ist von dem neuen Haustier gar nicht begeistert. Jetzt m\u00fcssen die Kinder beweisen, dass sie f\u00fcr Lotti sorgen k\u00f6nnen. Dabei bekommen sie Hilfe von einer echten H\u00fchnerexpertin.. Immer h\u00e4ufiger entdeckt man H\u00fchner auch in Privatg\u00e4rten, denn Skandale in der industriellen Tierhaltung haben zu Misstrauen gef\u00fchrt. Die \u201eHobbylandwirte\u201c m\u00f6chten sichergehen, dass ihre Fr\u00fchst\u00fcckseier von gl\u00fccklichen Tieren stammen. Was es f\u00fcr das Familienleben bedeutet, ein Huhn im eigenen Garten zu halten, schildert diese Lekt\u00fcre auf kindgerechte und humorvolle Weise.<\/p>\n","protected":false},"excerpt":{"rendered":"<p>Emma und Maximilian entdecken auf einem Rastplatz ein Huhn und nehmen es mit nach Hause. Ihre Mutter ist von dem neuen Haustier gar nicht begeistert. Jetzt m\u00fcssen die Kinder beweisen, dass sie f\u00fcr Lotti sorgen k\u00f6nnen. Dabei bekommen sie Hilfe&#8230;<\/p>\n","protected":false},"featured_media":109262,"template":"","meta":{"_acf_changed":false,"inline_featured_image":false},"product_brand":[],"product_cat":[851],"product_tag":[],"series":[{"id":2115,"name":"Kugelblitz auf Gaunerjagd durch Deutschland","slug":"kugelblitz-auf-gaunerjagd-durch-deutschland"}],"publisher":[{"id":2104,"name":"Hase und Igel Verlag","slug":"hase-und-igel-verlag"}],"class_list":{"0":"post-109294","1":"product","2":"type-product","3":"status-publish","4":"has-post-thumbnail","6":"product_cat-lesetexte-deutsch","7":"series-kugelblitz-auf-gaunerjagd-durch-deutschland","8":"publisher-hase-und-igel-verlag","10":"first","11":"onbackorder","12":"taxable","13":"shipping-taxable","14":"purchasable","15":"product-type-simple"},"acf":[],"_links":{"self":[{"href":"https:\/\/exlibris.ee\/ru\/wp-json\/wp\/v2\/product\/109294","targetHints":{"allow":["GET"]}}],"collection":[{"href":"https:\/\/exlibris.ee\/ru\/wp-json\/wp\/v2\/product"}],"about":[{"href":"https:\/\/exlibris.ee\/ru\/wp-json\/wp\/v2\/types\/product"}],"wp:featuredmedia":[{"embeddable":true,"href":"https:\/\/exlibris.ee\/ru\/wp-json\/wp\/v2\/media\/109262"}],"wp:attachment":[{"href":"https:\/\/exlibris.ee\/ru\/wp-json\/wp\/v2\/media?parent=109294"}],"wp:term":[{"taxonomy":"product_brand","embeddable":true,"href":"https:\/\/exlibris.ee\/ru\/wp-json\/wp\/v2\/product_brand?post=109294"},{"taxonomy":"product_cat","embeddable":true,"href":"https:\/\/exlibris.ee\/ru\/wp-json\/wp\/v2\/product_cat?post=109294"},{"taxonomy":"product_tag","embeddable":true,"href":"https:\/\/exlibris.ee\/ru\/wp-json\/wp\/v2\/product_tag?post=109294"},{"taxonomy":"series","embeddable":true,"href":"https:\/\/exlibris.ee\/ru\/wp-json\/wp\/v2\/series?post=109294"},{"taxonomy":"publisher","embeddable":true,"href":"https:\/\/exlibris.ee\/ru\/wp-json\/wp\/v2\/publisher?post=109294"}],"curies":[{"name":"wp","href":"https:\/\/api.w.org\/{rel}","templated":true}]}}