{"id":109298,"date":"2024-02-08T06:37:28","date_gmt":"2024-02-08T04:37:28","guid":{"rendered":"https:\/\/exlibris.ee\/toode\/gute-nacht-im-zoo-kinderbuch-deutsch-russisch-mit-mp3-horbuch-zum-herunterladen\/"},"modified":"2026-04-04T03:19:56","modified_gmt":"2026-04-04T00:19:56","slug":"gute-nacht-im-zoo-kinderbuch-deutsch-russisch-mit-mp3-horbuch-zum-herunterladen","status":"publish","type":"product","link":"https:\/\/exlibris.ee\/ru\/produkt\/gute-nacht-im-zoo-kinderbuch-deutsch-russisch-mit-mp3-horbuch-zum-herunterladen\/","title":{"rendered":"Gute Nacht im Zoo \/ Kinderbuch Deutsch-Russisch mit MP3-H\u00f6rbuch zum Herunterladen"},"content":{"rendered":"<p>Zweisprachiges Kinderbuch Deutsch-Russisch ab 4 Jahren. Es wird Nacht im Zoo, doch Papagei Pippo kann nicht einschlafen. Wer heult da nur? Pippo fliegt durch die Gehege, um den Ursprung des L\u00e4rms zu finden und kann so manchem Tier dabei helfen, sich f\u00fcrs Bett vorzubereiten. Und wer so heult? Das findet er auch heraus!. Katharina E. Volk bindet typische Zubettgehrituale in ihre witzige Geschichte um ein st\u00f6rendes Ger\u00e4usch ein: Eine perfekte Gutenachtgeschichte! Die ausdrucksstarken Bilder lassen die Zootiere in den dunklen Nachtszenen leuchten und erg\u00e4nzen die vergn\u00fcgte Natur der Geschichte.. Durchgehend farbig illustriert, mit H\u00f6rbuch als MP3-Download. F\u00fcr weitere Sprachen erh\u00e4ltlich.<\/p>\n","protected":false},"excerpt":{"rendered":"<p>Zweisprachiges Kinderbuch Deutsch-Russisch ab 4 Jahren. Es wird Nacht im Zoo, doch Papagei Pippo kann nicht einschlafen. Wer heult da nur? Pippo fliegt durch die Gehege, um den Ursprung des L\u00e4rms zu finden und kann so manchem Tier dabei helfen,&#8230;<\/p>\n","protected":false},"featured_media":109268,"template":"","meta":{"_acf_changed":false,"inline_featured_image":false},"product_brand":[],"product_cat":[851],"product_tag":[],"series":[],"publisher":[{"id":1305,"name":"Edition bi:libri","slug":"edition-bilibri"}],"class_list":{"0":"post-109298","1":"product","2":"type-product","3":"status-publish","4":"has-post-thumbnail","6":"product_cat-lesetexte-deutsch","7":"publisher-edition-bilibri","9":"first","10":"onbackorder","11":"taxable","12":"shipping-taxable","13":"purchasable","14":"product-type-simple"},"acf":[],"_links":{"self":[{"href":"https:\/\/exlibris.ee\/ru\/wp-json\/wp\/v2\/product\/109298","targetHints":{"allow":["GET"]}}],"collection":[{"href":"https:\/\/exlibris.ee\/ru\/wp-json\/wp\/v2\/product"}],"about":[{"href":"https:\/\/exlibris.ee\/ru\/wp-json\/wp\/v2\/types\/product"}],"wp:featuredmedia":[{"embeddable":true,"href":"https:\/\/exlibris.ee\/ru\/wp-json\/wp\/v2\/media\/109268"}],"wp:attachment":[{"href":"https:\/\/exlibris.ee\/ru\/wp-json\/wp\/v2\/media?parent=109298"}],"wp:term":[{"taxonomy":"product_brand","embeddable":true,"href":"https:\/\/exlibris.ee\/ru\/wp-json\/wp\/v2\/product_brand?post=109298"},{"taxonomy":"product_cat","embeddable":true,"href":"https:\/\/exlibris.ee\/ru\/wp-json\/wp\/v2\/product_cat?post=109298"},{"taxonomy":"product_tag","embeddable":true,"href":"https:\/\/exlibris.ee\/ru\/wp-json\/wp\/v2\/product_tag?post=109298"},{"taxonomy":"series","embeddable":true,"href":"https:\/\/exlibris.ee\/ru\/wp-json\/wp\/v2\/series?post=109298"},{"taxonomy":"publisher","embeddable":true,"href":"https:\/\/exlibris.ee\/ru\/wp-json\/wp\/v2\/publisher?post=109298"}],"curies":[{"name":"wp","href":"https:\/\/api.w.org\/{rel}","templated":true}]}}