{"id":109299,"date":"2024-02-08T06:37:29","date_gmt":"2024-02-08T04:37:29","guid":{"rendered":"https:\/\/exlibris.ee\/toode\/lotti-muss-bleiben-tiergeschichten-materialien-und-kopiervorlagen-zur-klassenlekture\/"},"modified":"2026-05-01T13:59:28","modified_gmt":"2026-05-01T10:59:28","slug":"lotti-muss-bleiben-tiergeschichten-materialien-und-kopiervorlagen-zur-klassenlekture","status":"publish","type":"product","link":"https:\/\/exlibris.ee\/ru\/produkt\/lotti-muss-bleiben-tiergeschichten-materialien-und-kopiervorlagen-zur-klassenlekture\/","title":{"rendered":"Lotti muss bleiben! \/ Tiergeschichten \/ Materialien und Kopiervorlagen zur Klassenlekt\u00fcre"},"content":{"rendered":"<p>Dieses Begleitmaterial bietet zahlreiche kreative M\u00f6glichkeiten, das Sachwissen rund um H\u00fchner zu vertiefen. Daneben versammelt es abwechslungsreiche Aufgaben zur Sicherung des Lekt\u00fcrestoffs und zur Spracharbeit. Abgerundet wird das Material mit einem Memospiel zu Redensarten, einem Quiz f\u00fcr kleine H\u00fchnerexperten und dem Lied \u201eLila, lula, Lotti\u201c.<\/p>\n","protected":false},"excerpt":{"rendered":"<p>Dieses Begleitmaterial bietet zahlreiche kreative M\u00f6glichkeiten, das Sachwissen rund um H\u00fchner zu vertiefen. Daneben versammelt es abwechslungsreiche Aufgaben zur Sicherung des Lekt\u00fcrestoffs und zur Spracharbeit. Abgerundet wird das Material mit einem Memospiel zu Redensarten, einem Quiz f\u00fcr kleine H\u00fchnerexperten und&#8230;<\/p>\n","protected":false},"featured_media":591621,"template":"","meta":{"_acf_changed":false,"inline_featured_image":false},"product_brand":[],"product_cat":[851],"product_tag":[],"series":[{"id":2115,"name":"Kugelblitz auf Gaunerjagd durch Deutschland","slug":"kugelblitz-auf-gaunerjagd-durch-deutschland"}],"publisher":[{"id":2104,"name":"Hase und Igel Verlag","slug":"hase-und-igel-verlag"}],"class_list":{"0":"post-109299","1":"product","2":"type-product","3":"status-publish","4":"has-post-thumbnail","6":"product_cat-lesetexte-deutsch","7":"series-kugelblitz-auf-gaunerjagd-durch-deutschland","8":"publisher-hase-und-igel-verlag","10":"first","11":"onbackorder","12":"taxable","13":"shipping-taxable","14":"purchasable","15":"product-type-simple"},"acf":[],"_links":{"self":[{"href":"https:\/\/exlibris.ee\/ru\/wp-json\/wp\/v2\/product\/109299","targetHints":{"allow":["GET"]}}],"collection":[{"href":"https:\/\/exlibris.ee\/ru\/wp-json\/wp\/v2\/product"}],"about":[{"href":"https:\/\/exlibris.ee\/ru\/wp-json\/wp\/v2\/types\/product"}],"wp:featuredmedia":[{"embeddable":true,"href":"https:\/\/exlibris.ee\/ru\/wp-json\/wp\/v2\/media\/591621"}],"wp:attachment":[{"href":"https:\/\/exlibris.ee\/ru\/wp-json\/wp\/v2\/media?parent=109299"}],"wp:term":[{"taxonomy":"product_brand","embeddable":true,"href":"https:\/\/exlibris.ee\/ru\/wp-json\/wp\/v2\/product_brand?post=109299"},{"taxonomy":"product_cat","embeddable":true,"href":"https:\/\/exlibris.ee\/ru\/wp-json\/wp\/v2\/product_cat?post=109299"},{"taxonomy":"product_tag","embeddable":true,"href":"https:\/\/exlibris.ee\/ru\/wp-json\/wp\/v2\/product_tag?post=109299"},{"taxonomy":"series","embeddable":true,"href":"https:\/\/exlibris.ee\/ru\/wp-json\/wp\/v2\/series?post=109299"},{"taxonomy":"publisher","embeddable":true,"href":"https:\/\/exlibris.ee\/ru\/wp-json\/wp\/v2\/publisher?post=109299"}],"curies":[{"name":"wp","href":"https:\/\/api.w.org\/{rel}","templated":true}]}}