{"id":109301,"date":"2024-02-08T06:37:29","date_gmt":"2024-02-08T04:37:29","guid":{"rendered":"https:\/\/exlibris.ee\/toode\/das-volk-der-honigsammler-tiergeschichten-lekture-fur-kinder\/"},"modified":"2026-04-27T23:41:56","modified_gmt":"2026-04-27T20:41:56","slug":"das-volk-der-honigsammler-tiergeschichten-lekture-fur-kinder","status":"publish","type":"product","link":"https:\/\/exlibris.ee\/ru\/produkt\/das-volk-der-honigsammler-tiergeschichten-lekture-fur-kinder\/","title":{"rendered":"Das Volk der Honigsammler \/ Tiergeschichten \/ Lekt\u00fcre f\u00fcr Kinder"},"content":{"rendered":"<p>Julian staunt, als eine Imkerin den Bienenschwarm auf dem Bolzplatz einf\u00e4ngt. Er freundet sich mit ihrer Tochter Nele an, die ihm viel \u00fcber die Honigsammler erz\u00e4hlt. So erfahren auch die Leser, welche Aufgaben Bienen im Stock haben, wie sie Honig herstellen und was man tun kann, um Insekten zu sch\u00fctzen. Denn sie haben einige Feinde \u2026<\/p>\n","protected":false},"excerpt":{"rendered":"<p>Julian staunt, als eine Imkerin den Bienenschwarm auf dem Bolzplatz einf\u00e4ngt. Er freundet sich mit ihrer Tochter Nele an, die ihm viel \u00fcber die Honigsammler erz\u00e4hlt. So erfahren auch die Leser, welche Aufgaben Bienen im Stock haben, wie sie Honig&#8230;<\/p>\n","protected":false},"featured_media":523908,"template":"","meta":{"_acf_changed":false,"inline_featured_image":false},"product_brand":[],"product_cat":[851],"product_tag":[],"series":[{"id":2116,"name":"Das Volk der Honigsammler","slug":"das-volk-der-honigsammler"}],"publisher":[{"id":2104,"name":"Hase und Igel Verlag","slug":"hase-und-igel-verlag"}],"class_list":{"0":"post-109301","1":"product","2":"type-product","3":"status-publish","4":"has-post-thumbnail","6":"product_cat-lesetexte-deutsch","7":"series-das-volk-der-honigsammler","8":"publisher-hase-und-igel-verlag","10":"first","11":"onbackorder","12":"taxable","13":"shipping-taxable","14":"purchasable","15":"product-type-simple"},"acf":[],"_links":{"self":[{"href":"https:\/\/exlibris.ee\/ru\/wp-json\/wp\/v2\/product\/109301","targetHints":{"allow":["GET"]}}],"collection":[{"href":"https:\/\/exlibris.ee\/ru\/wp-json\/wp\/v2\/product"}],"about":[{"href":"https:\/\/exlibris.ee\/ru\/wp-json\/wp\/v2\/types\/product"}],"wp:featuredmedia":[{"embeddable":true,"href":"https:\/\/exlibris.ee\/ru\/wp-json\/wp\/v2\/media\/523908"}],"wp:attachment":[{"href":"https:\/\/exlibris.ee\/ru\/wp-json\/wp\/v2\/media?parent=109301"}],"wp:term":[{"taxonomy":"product_brand","embeddable":true,"href":"https:\/\/exlibris.ee\/ru\/wp-json\/wp\/v2\/product_brand?post=109301"},{"taxonomy":"product_cat","embeddable":true,"href":"https:\/\/exlibris.ee\/ru\/wp-json\/wp\/v2\/product_cat?post=109301"},{"taxonomy":"product_tag","embeddable":true,"href":"https:\/\/exlibris.ee\/ru\/wp-json\/wp\/v2\/product_tag?post=109301"},{"taxonomy":"series","embeddable":true,"href":"https:\/\/exlibris.ee\/ru\/wp-json\/wp\/v2\/series?post=109301"},{"taxonomy":"publisher","embeddable":true,"href":"https:\/\/exlibris.ee\/ru\/wp-json\/wp\/v2\/publisher?post=109301"}],"curies":[{"name":"wp","href":"https:\/\/api.w.org\/{rel}","templated":true}]}}