{"id":109305,"date":"2024-02-08T06:37:30","date_gmt":"2024-02-08T04:37:30","guid":{"rendered":"https:\/\/exlibris.ee\/toode\/fit-fur-den-deutsch-test-fur-zuwanderer-a2-b1-aktualisierte-ausgabe-ubungsbuch-mit-audios-online\/"},"modified":"2026-04-23T05:49:01","modified_gmt":"2026-04-23T02:49:01","slug":"fit-fur-den-deutsch-test-fur-zuwanderer-a2-b1-aktualisierte-ausgabe-ubungsbuch-mit-audios-online","status":"publish","type":"product","link":"https:\/\/exlibris.ee\/ru\/produkt\/fit-fur-den-deutsch-test-fur-zuwanderer-a2-b1-aktualisierte-ausgabe-ubungsbuch-mit-audios-online\/","title":{"rendered":"Fit f\u00fcr den Deutsch-Test f\u00fcr Zuwanderer A2\u2013B1 \/ Aktualisierte Ausgabe \/ \u00dcbungsbuch mit Audios online"},"content":{"rendered":"<p>A2 &#8212; B1. Das Buch wendet sich an Lernende auf der Niveaustufe B1, die sich gezielt auf die Pr\u00fcfung Deutsch-Test f\u00fcr Zuwanderer (Niveau A2\/B1) vorbereiten wollen.. Die Lernenden trainieren intensiv die beiden produktiven Fertigkeiten Sprechen und Schreiben sowie die rezeptiven Fertigkeiten H\u00f6ren und Lesen. Dabei werden sie Schritt f\u00fcr Schritt auf die Pr\u00fcfungsaufgaben vorbereitet. Hilfreiche Tipps erleichtern das Erreichen das Lernziels. Ein Testmodell schlie\u00dft die Pr\u00fcfungsvorbereitung ab.. Inklusive Antwortbogen im neuen Format des seit 2023 neuen Pr\u00fcfungsanbieters g.a.s.t.<\/p>\n","protected":false},"excerpt":{"rendered":"<p>A2 &#8212; B1. Das Buch wendet sich an Lernende auf der Niveaustufe B1, die sich gezielt auf die Pr\u00fcfung Deutsch-Test f\u00fcr Zuwanderer (Niveau A2\/B1) vorbereiten wollen.. Die Lernenden trainieren intensiv die beiden produktiven Fertigkeiten Sprechen und Schreiben sowie die rezeptiven&#8230;<\/p>\n","protected":false},"featured_media":423414,"template":"","meta":{"_acf_changed":false,"inline_featured_image":false},"product_brand":[],"product_cat":[558],"product_tag":[],"series":[],"publisher":[{"id":497,"name":"Hueber Verlag","slug":"hueber-verlag"}],"class_list":{"0":"post-109305","1":"product","2":"type-product","3":"status-publish","4":"has-post-thumbnail","6":"product_cat-deutsch-uben","7":"publisher-hueber-verlag","9":"first","10":"onbackorder","11":"taxable","12":"shipping-taxable","13":"purchasable","14":"product-type-simple"},"acf":[],"_links":{"self":[{"href":"https:\/\/exlibris.ee\/ru\/wp-json\/wp\/v2\/product\/109305","targetHints":{"allow":["GET"]}}],"collection":[{"href":"https:\/\/exlibris.ee\/ru\/wp-json\/wp\/v2\/product"}],"about":[{"href":"https:\/\/exlibris.ee\/ru\/wp-json\/wp\/v2\/types\/product"}],"wp:featuredmedia":[{"embeddable":true,"href":"https:\/\/exlibris.ee\/ru\/wp-json\/wp\/v2\/media\/423414"}],"wp:attachment":[{"href":"https:\/\/exlibris.ee\/ru\/wp-json\/wp\/v2\/media?parent=109305"}],"wp:term":[{"taxonomy":"product_brand","embeddable":true,"href":"https:\/\/exlibris.ee\/ru\/wp-json\/wp\/v2\/product_brand?post=109305"},{"taxonomy":"product_cat","embeddable":true,"href":"https:\/\/exlibris.ee\/ru\/wp-json\/wp\/v2\/product_cat?post=109305"},{"taxonomy":"product_tag","embeddable":true,"href":"https:\/\/exlibris.ee\/ru\/wp-json\/wp\/v2\/product_tag?post=109305"},{"taxonomy":"series","embeddable":true,"href":"https:\/\/exlibris.ee\/ru\/wp-json\/wp\/v2\/series?post=109305"},{"taxonomy":"publisher","embeddable":true,"href":"https:\/\/exlibris.ee\/ru\/wp-json\/wp\/v2\/publisher?post=109305"}],"curies":[{"name":"wp","href":"https:\/\/api.w.org\/{rel}","templated":true}]}}