{"id":109358,"date":"2024-02-08T06:39:34","date_gmt":"2024-02-08T04:39:34","guid":{"rendered":"https:\/\/exlibris.ee\/toode\/pony-kirsche-will-ins-gluck-tiergeschichten-lekture-fur-kinder\/"},"modified":"2026-05-04T08:26:59","modified_gmt":"2026-05-04T05:26:59","slug":"pony-kirsche-will-ins-gluck-tiergeschichten-lekture-fur-kinder","status":"publish","type":"product","link":"https:\/\/exlibris.ee\/ru\/produkt\/pony-kirsche-will-ins-gluck-tiergeschichten-lekture-fur-kinder\/","title":{"rendered":"Pony Kirsche will ins Gl\u00fcck \/ Tiergeschichten \/ Lekt\u00fcre f\u00fcr Kinder"},"content":{"rendered":"<p>Als Lulu auf der Kirmes f\u00fcnf Ponys entdeckt, ist sie begeistert. Aber dann bemerkt sie, dass die Tiere betr\u00fcbt die K\u00f6pfe h\u00e4ngen lassen. Lulu verzichtet auf das Reiten und schenkt ihrem Pony namens Kirsche lieber eine Pause. Und ausgerechnet Robin, dessen Vater die Pferde geh\u00f6ren, hat schlie\u00dflich einen Plan, wie sie ihnen helfen k\u00f6nnen \u2026. In diesem packenden Buch geht es nicht nur um Ponys, sondern vor allem darum, wie Kinder zusammen f\u00fcr eine Sache einstehen. Sicher spricht die Geschichte dadurch nicht blo\u00df die M\u00e4dchen in Ihrer Klasse an, von denen sich viele wohl ohnehin f\u00fcr Pferde interessieren. Mit Robin gibt es auch f\u00fcr die Jungen eine sympathische Figur, mit der sie sich identifizieren k\u00f6nnen. Au\u00dferdem zeichnet das Buch die Selbstverst\u00e4ndlichkeit aus, mit der die Familienkonstellation mit zwei M\u00fcttern aufgegriffen wird.<\/p>\n","protected":false},"excerpt":{"rendered":"<p>Als Lulu auf der Kirmes f\u00fcnf Ponys entdeckt, ist sie begeistert. Aber dann bemerkt sie, dass die Tiere betr\u00fcbt die K\u00f6pfe h\u00e4ngen lassen. Lulu verzichtet auf das Reiten und schenkt ihrem Pony namens Kirsche lieber eine Pause. Und ausgerechnet Robin,&#8230;<\/p>\n","protected":false},"featured_media":642498,"template":"","meta":{"_acf_changed":false,"inline_featured_image":false},"product_brand":[],"product_cat":[851],"product_tag":[],"series":[{"id":2117,"name":"Pony Kirsche will ins Gl\u00fcck","slug":"pony-kirsche-will-ins-gluck"}],"publisher":[{"id":2104,"name":"Hase und Igel Verlag","slug":"hase-und-igel-verlag"}],"class_list":{"0":"post-109358","1":"product","2":"type-product","3":"status-publish","4":"has-post-thumbnail","6":"product_cat-lesetexte-deutsch","7":"series-pony-kirsche-will-ins-gluck","8":"publisher-hase-und-igel-verlag","10":"first","11":"onbackorder","12":"taxable","13":"shipping-taxable","14":"purchasable","15":"product-type-simple"},"acf":[],"_links":{"self":[{"href":"https:\/\/exlibris.ee\/ru\/wp-json\/wp\/v2\/product\/109358","targetHints":{"allow":["GET"]}}],"collection":[{"href":"https:\/\/exlibris.ee\/ru\/wp-json\/wp\/v2\/product"}],"about":[{"href":"https:\/\/exlibris.ee\/ru\/wp-json\/wp\/v2\/types\/product"}],"wp:featuredmedia":[{"embeddable":true,"href":"https:\/\/exlibris.ee\/ru\/wp-json\/wp\/v2\/media\/642498"}],"wp:attachment":[{"href":"https:\/\/exlibris.ee\/ru\/wp-json\/wp\/v2\/media?parent=109358"}],"wp:term":[{"taxonomy":"product_brand","embeddable":true,"href":"https:\/\/exlibris.ee\/ru\/wp-json\/wp\/v2\/product_brand?post=109358"},{"taxonomy":"product_cat","embeddable":true,"href":"https:\/\/exlibris.ee\/ru\/wp-json\/wp\/v2\/product_cat?post=109358"},{"taxonomy":"product_tag","embeddable":true,"href":"https:\/\/exlibris.ee\/ru\/wp-json\/wp\/v2\/product_tag?post=109358"},{"taxonomy":"series","embeddable":true,"href":"https:\/\/exlibris.ee\/ru\/wp-json\/wp\/v2\/series?post=109358"},{"taxonomy":"publisher","embeddable":true,"href":"https:\/\/exlibris.ee\/ru\/wp-json\/wp\/v2\/publisher?post=109358"}],"curies":[{"name":"wp","href":"https:\/\/api.w.org\/{rel}","templated":true}]}}