{"id":109360,"date":"2024-02-08T06:39:35","date_gmt":"2024-02-08T04:39:35","guid":{"rendered":"https:\/\/exlibris.ee\/toode\/pony-kirsche-will-ins-gluck-tiergeschichten-materialien-und-kopiervorlagen-zur-klassenlekture\/"},"modified":"2026-05-04T08:27:00","modified_gmt":"2026-05-04T05:27:00","slug":"pony-kirsche-will-ins-gluck-tiergeschichten-materialien-und-kopiervorlagen-zur-klassenlekture","status":"publish","type":"product","link":"https:\/\/exlibris.ee\/ru\/produkt\/pony-kirsche-will-ins-gluck-tiergeschichten-materialien-und-kopiervorlagen-zur-klassenlekture\/","title":{"rendered":"Pony Kirsche will ins Gl\u00fcck \/ Tiergeschichten \/ Materialien und Kopiervorlagen zur Klassenlekt\u00fcre"},"content":{"rendered":"<p>Die Kopiervorlagen in diesem Unterrichtsmaterial greifen die verschiedenen Aspekte der Lekt\u00fcre abwechslungsreich auf: Sie behandeln das Sachthema Pferd, stellen die wichtigsten Figuren in den Fokus, \u00fcberpr\u00fcfen das sinnerfassende Lesen und sichern die Textkenntnis. Sprachliche Aspekte wie zusammengesetzte Nomen, bildhafte Ausdr\u00fccke rund um Gef\u00fchle und Sprichw\u00f6rter werden ebenfalls ber\u00fccksichtigt. Dar\u00fcber hinaus enth\u00e4lt das Material kreative Aufgaben, Rezepte und Spiele.. Zahlreiche Arbeitsbl\u00e4tter eignen sich zum Einsatz in der Frei- oder Wochenplanarbeit. Einige davon bieten die M\u00f6glichkeit zur Selbstkontrolle. Aber das Material liefert auch Anregungen f\u00fcr Gespr\u00e4che und Aufgaben im Plenum.<\/p>\n","protected":false},"excerpt":{"rendered":"<p>Die Kopiervorlagen in diesem Unterrichtsmaterial greifen die verschiedenen Aspekte der Lekt\u00fcre abwechslungsreich auf: Sie behandeln das Sachthema Pferd, stellen die wichtigsten Figuren in den Fokus, \u00fcberpr\u00fcfen das sinnerfassende Lesen und sichern die Textkenntnis. Sprachliche Aspekte wie zusammengesetzte Nomen, bildhafte Ausdr\u00fccke&#8230;<\/p>\n","protected":false},"featured_media":642510,"template":"","meta":{"_acf_changed":false,"inline_featured_image":false},"product_brand":[],"product_cat":[851],"product_tag":[],"series":[{"id":2117,"name":"Pony Kirsche will ins Gl\u00fcck","slug":"pony-kirsche-will-ins-gluck"}],"publisher":[{"id":2104,"name":"Hase und Igel Verlag","slug":"hase-und-igel-verlag"}],"class_list":{"0":"post-109360","1":"product","2":"type-product","3":"status-publish","4":"has-post-thumbnail","6":"product_cat-lesetexte-deutsch","7":"series-pony-kirsche-will-ins-gluck","8":"publisher-hase-und-igel-verlag","10":"first","11":"onbackorder","12":"taxable","13":"shipping-taxable","14":"purchasable","15":"product-type-simple"},"acf":[],"_links":{"self":[{"href":"https:\/\/exlibris.ee\/ru\/wp-json\/wp\/v2\/product\/109360","targetHints":{"allow":["GET"]}}],"collection":[{"href":"https:\/\/exlibris.ee\/ru\/wp-json\/wp\/v2\/product"}],"about":[{"href":"https:\/\/exlibris.ee\/ru\/wp-json\/wp\/v2\/types\/product"}],"wp:featuredmedia":[{"embeddable":true,"href":"https:\/\/exlibris.ee\/ru\/wp-json\/wp\/v2\/media\/642510"}],"wp:attachment":[{"href":"https:\/\/exlibris.ee\/ru\/wp-json\/wp\/v2\/media?parent=109360"}],"wp:term":[{"taxonomy":"product_brand","embeddable":true,"href":"https:\/\/exlibris.ee\/ru\/wp-json\/wp\/v2\/product_brand?post=109360"},{"taxonomy":"product_cat","embeddable":true,"href":"https:\/\/exlibris.ee\/ru\/wp-json\/wp\/v2\/product_cat?post=109360"},{"taxonomy":"product_tag","embeddable":true,"href":"https:\/\/exlibris.ee\/ru\/wp-json\/wp\/v2\/product_tag?post=109360"},{"taxonomy":"series","embeddable":true,"href":"https:\/\/exlibris.ee\/ru\/wp-json\/wp\/v2\/series?post=109360"},{"taxonomy":"publisher","embeddable":true,"href":"https:\/\/exlibris.ee\/ru\/wp-json\/wp\/v2\/publisher?post=109360"}],"curies":[{"name":"wp","href":"https:\/\/api.w.org\/{rel}","templated":true}]}}