{"id":109363,"date":"2024-02-08T06:39:36","date_gmt":"2024-02-08T04:39:36","guid":{"rendered":"https:\/\/exlibris.ee\/toode\/till-eulenspiegel-sagen-lekture-fur-kinder\/"},"modified":"2026-05-08T22:59:32","modified_gmt":"2026-05-08T19:59:32","slug":"till-eulenspiegel-sagen-lekture-fur-kinder","status":"publish","type":"product","link":"https:\/\/exlibris.ee\/ru\/produkt\/till-eulenspiegel-sagen-lekture-fur-kinder\/","title":{"rendered":"Till Eulenspiegel \/ Sagen \/ Lekt\u00fcre f\u00fcr Kinder"},"content":{"rendered":"<p>Till Eulenspiegel ist der gr\u00f6\u00dfte Schelm aller Zeiten! Zehn witzige Episoden aus dem Leben des ber\u00fchmten Narren, neu erz\u00e4hlt von Manfred Mai, bringen sicher auch Ihre Klasse zum Schmunzeln: Till verkauft dem Landgrafen ein Bild, das keiner sehen kann. Als die feine Hofgesellschaft den Betrug bemerkt, ist er l\u00e4ngst \u00fcber alle Berge. Auch die klugen Professoren h\u00e4lt Eulenspiegel zum Narren: Er behauptet, dass er einem Esel das Lesen beibringen kann. Die Gelehrten staunen nicht schlecht, als der Lehrer bald erste Erfolge seines tierischen Sch\u00fctzlings vermeldet: Die Buchstaben \u201eI\u201c und \u201eA\u201c hat der Esel immerhin schon gelernt&#8230; Ob B\u00e4cker, Wirt, Herzog oder Landgraf, vor Eulenspiegels Streichen ist niemand sicher!<\/p>\n","protected":false},"excerpt":{"rendered":"<p>Till Eulenspiegel ist der gr\u00f6\u00dfte Schelm aller Zeiten! Zehn witzige Episoden aus dem Leben des ber\u00fchmten Narren, neu erz\u00e4hlt von Manfred Mai, bringen sicher auch Ihre Klasse zum Schmunzeln: Till verkauft dem Landgrafen ein Bild, das keiner sehen kann. Als&#8230;<\/p>\n","protected":false},"featured_media":696221,"template":"","meta":{"_acf_changed":false,"inline_featured_image":false},"product_brand":[],"product_cat":[851],"product_tag":[],"series":[{"id":2120,"name":"Till Eulenspiegel","slug":"till-eulenspiegel"}],"publisher":[{"id":2104,"name":"Hase und Igel Verlag","slug":"hase-und-igel-verlag"}],"class_list":{"0":"post-109363","1":"product","2":"type-product","3":"status-publish","4":"has-post-thumbnail","6":"product_cat-lesetexte-deutsch","7":"series-till-eulenspiegel","8":"publisher-hase-und-igel-verlag","10":"first","11":"onbackorder","12":"taxable","13":"shipping-taxable","14":"purchasable","15":"product-type-simple"},"acf":[],"_links":{"self":[{"href":"https:\/\/exlibris.ee\/ru\/wp-json\/wp\/v2\/product\/109363","targetHints":{"allow":["GET"]}}],"collection":[{"href":"https:\/\/exlibris.ee\/ru\/wp-json\/wp\/v2\/product"}],"about":[{"href":"https:\/\/exlibris.ee\/ru\/wp-json\/wp\/v2\/types\/product"}],"wp:featuredmedia":[{"embeddable":true,"href":"https:\/\/exlibris.ee\/ru\/wp-json\/wp\/v2\/media\/696221"}],"wp:attachment":[{"href":"https:\/\/exlibris.ee\/ru\/wp-json\/wp\/v2\/media?parent=109363"}],"wp:term":[{"taxonomy":"product_brand","embeddable":true,"href":"https:\/\/exlibris.ee\/ru\/wp-json\/wp\/v2\/product_brand?post=109363"},{"taxonomy":"product_cat","embeddable":true,"href":"https:\/\/exlibris.ee\/ru\/wp-json\/wp\/v2\/product_cat?post=109363"},{"taxonomy":"product_tag","embeddable":true,"href":"https:\/\/exlibris.ee\/ru\/wp-json\/wp\/v2\/product_tag?post=109363"},{"taxonomy":"series","embeddable":true,"href":"https:\/\/exlibris.ee\/ru\/wp-json\/wp\/v2\/series?post=109363"},{"taxonomy":"publisher","embeddable":true,"href":"https:\/\/exlibris.ee\/ru\/wp-json\/wp\/v2\/publisher?post=109363"}],"curies":[{"name":"wp","href":"https:\/\/api.w.org\/{rel}","templated":true}]}}