{"id":109365,"date":"2024-02-08T06:39:36","date_gmt":"2024-02-08T04:39:36","guid":{"rendered":"https:\/\/exlibris.ee\/toode\/vielfalt-c1-1-kurs-und-arbeitsbuch-plus-interaktive-version\/"},"modified":"2026-04-25T17:38:43","modified_gmt":"2026-04-25T14:38:43","slug":"vielfalt-c1-1-kurs-und-arbeitsbuch-plus-interaktive-version","status":"publish","type":"product","link":"https:\/\/exlibris.ee\/ru\/produkt\/vielfalt-c1-1-kurs-und-arbeitsbuch-plus-interaktive-version\/","title":{"rendered":"Vielfalt C1.1 \/ Kurs- und Arbeitsbuch plus interaktive Version"},"content":{"rendered":"<p>Level: leads to C1.1. Vielfalt \u2013 Lehrwerk f\u00fcr Deutsch als Fremdsprache. Kurs- und Arbeitsbuch Vielfalt C1.1 \u2013 Buch inklusive Code zur interaktiven Version. Die inkludierte interaktive Version ist ab Mitte Februar 2024 abrufbar.. Vielfalt C1.1 und C1.2 ber\u00fccksichtigen bereits das neue, modulare Goethe-Zertifikat C1 und bereiten mit einer Vielzahl von pr\u00fcfungsvorbereitenden Aufgaben und wertvollen Praxis-Tipps umfassend darauf vor.. Zielgruppe: Erwachsene und Jugendliche ab 16 Jahren in DaF-Kursen C1.1. Kursbuchteil:. \u2022 inklusive Code f\u00fcr interaktive Version. \u2022 modularer Aufbau: 4 Module mit je drei kurzen Lektionen. \u2022 emotionaler Moduleinstieg mit Film: Deutschlernende aus aller Welt erm\u00f6glichen einen pers\u00f6nlichen Einstieg in die lebensnahen, zeitlosen, vielf\u00e4ltigen Themen des Moduls \u2013 mit teilweise explizit beruflichem Schwerpunkt. \u2022 Modulausstiegsseiten mit Originaltexten aus der aktuellen Gegenwartsliteratur: F\u00f6rderung der Lesekompetenz und Erweiterung des Wortschatzes. \u2022 Extra-Beruf-Seiten: berufs\u00fcbergreifende Szenarien, Textsorten und Sprachhandlungen. \u2022 Plurilingualit\u00e4t: sprachvergleichende Aufgaben erweitern das Wissen \u00fcber Sprache und erleichtern die Sprachverwendung in unterschiedlichen Kommunikationssituationen. \u2022 Plurikulturalit\u00e4t: spannende Aufgabenstellungen laden zum Perspektivenwechsel und zum wertedialog ein. \u2022 Wortschatzarbeit: thematische und systematische intensive Erarbeitung.<\/p>\n","protected":false},"excerpt":{"rendered":"<p>Level: leads to C1.1. Vielfalt \u2013 Lehrwerk f\u00fcr Deutsch als Fremdsprache. Kurs- und Arbeitsbuch Vielfalt C1.1 \u2013 Buch inklusive Code zur interaktiven Version. Die inkludierte interaktive Version ist ab Mitte Februar 2024 abrufbar.. Vielfalt C1.1 und C1.2 ber\u00fccksichtigen bereits das&#8230;<\/p>\n","protected":false},"featured_media":473720,"template":"","meta":{"_acf_changed":false,"inline_featured_image":false},"product_brand":[],"product_cat":[1121],"product_tag":[],"series":[{"id":1311,"name":"Vielfalt","slug":"vielfalt"}],"publisher":[{"id":497,"name":"Hueber Verlag","slug":"hueber-verlag"}],"class_list":{"0":"post-109365","1":"product","2":"type-product","3":"status-publish","4":"has-post-thumbnail","6":"product_cat-lehrwerke-fur-jugendliche-und-erwachsene","7":"series-vielfalt","8":"publisher-hueber-verlag","10":"first","11":"onbackorder","12":"taxable","13":"shipping-taxable","14":"purchasable","15":"product-type-simple"},"acf":[],"_links":{"self":[{"href":"https:\/\/exlibris.ee\/ru\/wp-json\/wp\/v2\/product\/109365","targetHints":{"allow":["GET"]}}],"collection":[{"href":"https:\/\/exlibris.ee\/ru\/wp-json\/wp\/v2\/product"}],"about":[{"href":"https:\/\/exlibris.ee\/ru\/wp-json\/wp\/v2\/types\/product"}],"wp:featuredmedia":[{"embeddable":true,"href":"https:\/\/exlibris.ee\/ru\/wp-json\/wp\/v2\/media\/473720"}],"wp:attachment":[{"href":"https:\/\/exlibris.ee\/ru\/wp-json\/wp\/v2\/media?parent=109365"}],"wp:term":[{"taxonomy":"product_brand","embeddable":true,"href":"https:\/\/exlibris.ee\/ru\/wp-json\/wp\/v2\/product_brand?post=109365"},{"taxonomy":"product_cat","embeddable":true,"href":"https:\/\/exlibris.ee\/ru\/wp-json\/wp\/v2\/product_cat?post=109365"},{"taxonomy":"product_tag","embeddable":true,"href":"https:\/\/exlibris.ee\/ru\/wp-json\/wp\/v2\/product_tag?post=109365"},{"taxonomy":"series","embeddable":true,"href":"https:\/\/exlibris.ee\/ru\/wp-json\/wp\/v2\/series?post=109365"},{"taxonomy":"publisher","embeddable":true,"href":"https:\/\/exlibris.ee\/ru\/wp-json\/wp\/v2\/publisher?post=109365"}],"curies":[{"name":"wp","href":"https:\/\/api.w.org\/{rel}","templated":true}]}}