{"id":109369,"date":"2024-02-08T06:39:38","date_gmt":"2024-02-08T04:39:38","guid":{"rendered":"https:\/\/exlibris.ee\/toode\/der-faule-fisch-sefa-kinderbuch-deutsch-ukrainisch-mit-mp3-horbuch-zum-herunterladen\/"},"modified":"2026-04-27T05:43:09","modified_gmt":"2026-04-27T02:43:09","slug":"der-faule-fisch-sefa-kinderbuch-deutsch-ukrainisch-mit-mp3-horbuch-zum-herunterladen","status":"publish","type":"product","link":"https:\/\/exlibris.ee\/ru\/produkt\/der-faule-fisch-sefa-kinderbuch-deutsch-ukrainisch-mit-mp3-horbuch-zum-herunterladen\/","title":{"rendered":"Der faule Fisch Sefa \/ Kinderbuch Deutsch-Ukrainisch mit MP3-H\u00f6rbuch zum Herunterladen"},"content":{"rendered":"<p>Zweisprachiges Kinderbuch Deutsch-Ukrainisch ab 6 Jahren. Der Fisch Sefa ist sehr faul. Auch als Leyla und alle anderen Tiere anfangen das Haus aufzur\u00e4umen, zu schm\u00fccken und sich h\u00fcbsch zu machen, f\u00e4llt es Sefa nicht ein, mitzumachen. Dabei verpasst er so einiges \u2013 an Spa\u00df!. Die Tiergeschichten werden erz\u00e4hlt von der 86-j\u00e4hrigen Leyla Fontaine, der fiktiven Ur-, Ur-, Ur-, Urenkelin des franz\u00f6sischen Fabelautors La Fontaine. In jeder Geschichte wird die Einzigartigkeit eines ihrer Tiere durch fabelhafte Abenteuer dargestellt und ein Weg gefunden, um mit den unterschiedlichen Pers\u00f6nlichkeiten klarzukommen.. Die Texte, in Versform geschrieben, sind eine Hommage an den franz\u00f6sischen Autor, jedoch in moderner Sprache und Rhythmus.. F\u00fcr weitere Sprachen erh\u00e4ltlich.<\/p>\n","protected":false},"excerpt":{"rendered":"<p>Zweisprachiges Kinderbuch Deutsch-Ukrainisch ab 6 Jahren. Der Fisch Sefa ist sehr faul. Auch als Leyla und alle anderen Tiere anfangen das Haus aufzur\u00e4umen, zu schm\u00fccken und sich h\u00fcbsch zu machen, f\u00e4llt es Sefa nicht ein, mitzumachen. Dabei verpasst er so&#8230;<\/p>\n","protected":false},"featured_media":507228,"template":"","meta":{"_acf_changed":false,"inline_featured_image":false},"product_brand":[],"product_cat":[851],"product_tag":[],"series":[{"id":2118,"name":"Der faule Fisch Sefa","slug":"der-faule-fisch-sefa"}],"publisher":[{"id":1305,"name":"Edition bi:libri","slug":"edition-bilibri"}],"class_list":{"0":"post-109369","1":"product","2":"type-product","3":"status-publish","4":"has-post-thumbnail","6":"product_cat-lesetexte-deutsch","7":"series-der-faule-fisch-sefa","8":"publisher-edition-bilibri","10":"first","11":"onbackorder","12":"taxable","13":"shipping-taxable","14":"purchasable","15":"product-type-simple"},"acf":[],"_links":{"self":[{"href":"https:\/\/exlibris.ee\/ru\/wp-json\/wp\/v2\/product\/109369","targetHints":{"allow":["GET"]}}],"collection":[{"href":"https:\/\/exlibris.ee\/ru\/wp-json\/wp\/v2\/product"}],"about":[{"href":"https:\/\/exlibris.ee\/ru\/wp-json\/wp\/v2\/types\/product"}],"wp:featuredmedia":[{"embeddable":true,"href":"https:\/\/exlibris.ee\/ru\/wp-json\/wp\/v2\/media\/507228"}],"wp:attachment":[{"href":"https:\/\/exlibris.ee\/ru\/wp-json\/wp\/v2\/media?parent=109369"}],"wp:term":[{"taxonomy":"product_brand","embeddable":true,"href":"https:\/\/exlibris.ee\/ru\/wp-json\/wp\/v2\/product_brand?post=109369"},{"taxonomy":"product_cat","embeddable":true,"href":"https:\/\/exlibris.ee\/ru\/wp-json\/wp\/v2\/product_cat?post=109369"},{"taxonomy":"product_tag","embeddable":true,"href":"https:\/\/exlibris.ee\/ru\/wp-json\/wp\/v2\/product_tag?post=109369"},{"taxonomy":"series","embeddable":true,"href":"https:\/\/exlibris.ee\/ru\/wp-json\/wp\/v2\/series?post=109369"},{"taxonomy":"publisher","embeddable":true,"href":"https:\/\/exlibris.ee\/ru\/wp-json\/wp\/v2\/publisher?post=109369"}],"curies":[{"name":"wp","href":"https:\/\/api.w.org\/{rel}","templated":true}]}}