{"id":109373,"date":"2024-02-08T06:39:38","date_gmt":"2024-02-08T04:39:38","guid":{"rendered":"https:\/\/exlibris.ee\/toode\/munchhausen-sagen-materialien-und-kopiervorlagen-zur-klassenlekture\/"},"modified":"2026-05-11T22:42:01","modified_gmt":"2026-05-11T19:42:01","slug":"munchhausen-sagen-materialien-und-kopiervorlagen-zur-klassenlekture","status":"publish","type":"product","link":"https:\/\/exlibris.ee\/ru\/produkt\/munchhausen-sagen-materialien-und-kopiervorlagen-zur-klassenlekture\/","title":{"rendered":"M\u00fcnchhausen \/ Sagen \/ Materialien und Kopiervorlagen zur Klassenlekt\u00fcre"},"content":{"rendered":"<p>Neben Kopiervorlagen zum Textverst\u00e4ndnis und zur Spracharbeit bietet das Material zahlreiche Aufgaben, mit denen die Kinder von der Fabulierlust des L\u00fcgenbarons angesteckt werden: Sie erz\u00e4hlen Geschichten weiter, erfinden neue Abenteuer aus einer anderen Perspektive oder verfassen Briefe und Mitteilungen.<\/p>\n","protected":false},"excerpt":{"rendered":"<p>Neben Kopiervorlagen zum Textverst\u00e4ndnis und zur Spracharbeit bietet das Material zahlreiche Aufgaben, mit denen die Kinder von der Fabulierlust des L\u00fcgenbarons angesteckt werden: Sie erz\u00e4hlen Geschichten weiter, erfinden neue Abenteuer aus einer anderen Perspektive oder verfassen Briefe und Mitteilungen.<\/p>\n","protected":false},"featured_media":746530,"template":"","meta":{"_acf_changed":false,"inline_featured_image":false},"product_brand":[],"product_cat":[851],"product_tag":[],"series":[{"id":2121,"name":"M\u00fcnchhausen","slug":"munchhausen"}],"publisher":[{"id":2104,"name":"Hase und Igel Verlag","slug":"hase-und-igel-verlag"}],"class_list":{"0":"post-109373","1":"product","2":"type-product","3":"status-publish","4":"has-post-thumbnail","6":"product_cat-lesetexte-deutsch","7":"series-munchhausen","8":"publisher-hase-und-igel-verlag","10":"first","11":"onbackorder","12":"taxable","13":"shipping-taxable","14":"purchasable","15":"product-type-simple"},"acf":[],"_links":{"self":[{"href":"https:\/\/exlibris.ee\/ru\/wp-json\/wp\/v2\/product\/109373","targetHints":{"allow":["GET"]}}],"collection":[{"href":"https:\/\/exlibris.ee\/ru\/wp-json\/wp\/v2\/product"}],"about":[{"href":"https:\/\/exlibris.ee\/ru\/wp-json\/wp\/v2\/types\/product"}],"wp:featuredmedia":[{"embeddable":true,"href":"https:\/\/exlibris.ee\/ru\/wp-json\/wp\/v2\/media\/746530"}],"wp:attachment":[{"href":"https:\/\/exlibris.ee\/ru\/wp-json\/wp\/v2\/media?parent=109373"}],"wp:term":[{"taxonomy":"product_brand","embeddable":true,"href":"https:\/\/exlibris.ee\/ru\/wp-json\/wp\/v2\/product_brand?post=109373"},{"taxonomy":"product_cat","embeddable":true,"href":"https:\/\/exlibris.ee\/ru\/wp-json\/wp\/v2\/product_cat?post=109373"},{"taxonomy":"product_tag","embeddable":true,"href":"https:\/\/exlibris.ee\/ru\/wp-json\/wp\/v2\/product_tag?post=109373"},{"taxonomy":"series","embeddable":true,"href":"https:\/\/exlibris.ee\/ru\/wp-json\/wp\/v2\/series?post=109373"},{"taxonomy":"publisher","embeddable":true,"href":"https:\/\/exlibris.ee\/ru\/wp-json\/wp\/v2\/publisher?post=109373"}],"curies":[{"name":"wp","href":"https:\/\/api.w.org\/{rel}","templated":true}]}}