{"id":109377,"date":"2024-02-08T06:39:40","date_gmt":"2024-02-08T04:39:40","guid":{"rendered":"https:\/\/exlibris.ee\/toode\/momente-b1-intensivtrainer-mit-audios-online\/"},"modified":"2026-04-20T09:41:36","modified_gmt":"2026-04-20T06:41:36","slug":"momente-b1-intensivtrainer-mit-audios-online","status":"publish","type":"product","link":"https:\/\/exlibris.ee\/ru\/produkt\/momente-b1-intensivtrainer-mit-audios-online\/","title":{"rendered":"Momente B1 \/ Intensivtrainer mit Audios online"},"content":{"rendered":"<p>Zielniveau B1<br \/>\nMomente &#8212; das intermediale Grundstufenlehrwerk (A1 &#8212; B1)f\u00fcr Deutsch als Fremdsprache<\/p>\n<p>Dreib\u00e4ndige Ausgabe<\/p>\n<p>Zielgruppe: Erwachsene und Jugendliche ab 16 Jahren ohne Vorkenntnisse in allen Grundstufenkursen weltweit<\/p>\n<p>Momente enth\u00e4lt eine interaktive Version und bietet eine optimale Verzahnung von Print und Digital f\u00fcr Online- und Pr\u00e4senzunterricht.<br \/>\nDie interaktive Version ist wahlweise erh\u00e4ltlich als eigenst\u00e4ndiges Produkt oder \u00fcber Startcode im Buch.<\/p>\n<p>Momente stellt den Kompetenzerwerb in den Mittelpunkt und der handlungsorientierte Ansatz der Lehrwerks folgt drei Leitmotiven:<br \/>\n&#8212; gemeinsam lernen<br \/>\n&#8212; motiviert lernen<br \/>\n&#8212; individuell lernen<\/p>\n<p>Gemeinsam lernen<br \/>\nVieles lernt man in der Gruppe besser als allein.<br \/>\nZahlreiche Aufgaben in Momentef\u00f6rdern das kooperative Lernen und bieten damit vielf\u00e4ltige M\u00f6glichkeiten, durch ein Gemeinschaftsgef\u00fchl die Gruppenidentit\u00e4t zu st\u00e4rken.<\/p>\n<p>Motiviert lernen<br \/>\nVier wesentliche S\u00e4ulen menschlicher Motivation sind Interesse, Ziele, Zuwendung und Erfolgserlebnisse.<br \/>\nMomente setzt die Ergebnisse der Motivationsforschung konsequent um. Mit Geschichten und Themen rund um Menschen, die neugierig machen nach mehr. Mit Material, das Erfolge m\u00f6glich macht und aufzeigt.<\/p>\n<p>Individuell lernen<br \/>\nLernwege sind so individuell wie die Menschen.<br \/>\nMit Momente kann man lernen, wann und wo man will. Mit dem Buch, am PC, Tablet oder am Smartphone. Lernende haben mit Momente die Wahl, wie sie allein und selbstbestimmt lernen.<\/p>\n<p>Die interaktive Version des Kursbuchs enth\u00e4lt:<\/p>\n<p>&#8212; alle H\u00f6rdateien und Filme des Buches, direkt bei der jeweiligen Aufgabe abrufbar<\/p>\n<p>&#8212; interaktiv umgesetzte Kursbuch\u00fcbungen zum Einsatz im Unterricht oder zum individuellen Wiederholen der Kursinhalte<\/p>\n<p>&#8212; Erkl\u00e4r-Clips zu Grammatik, Wortschatz und Kommunikation greifen den gesamten Lernstoff des Buches auf.<\/p>\n<p>&#8212; passgenau auf diese Erkl\u00e4r-Clips abgestimmte interaktive \u00dcbungen: damit lassen sich die neuen Lerninhalte individuell oder im Kurs wiederholen und vertiefen<\/p>\n<p>&#8212; binnendifferenzierende interaktive \u00dcbungen zu den Schnelltests am Ende jeder Lektion<\/p>\n<p>&#8212; eine umfangreiche Toolbar mit vielseitigen Funktionen f\u00fcr den Einsatz am Whiteboard (u. a. markieren, Notizen, Schreibwerkzeuge u. v.m.)<\/p>\n","protected":false},"excerpt":{"rendered":"<p>Zielniveau B1 Momente &#8212; das intermediale Grundstufenlehrwerk (A1 &#8212; B1)f\u00fcr Deutsch als Fremdsprache Dreib\u00e4ndige Ausgabe Zielgruppe: Erwachsene und Jugendliche ab 16 Jahren ohne Vorkenntnisse in allen Grundstufenkursen weltweit Momente enth\u00e4lt eine interaktive Version und bietet eine optimale Verzahnung von Print&#8230;<\/p>\n","protected":false},"featured_media":372636,"template":"","meta":{"_acf_changed":false,"inline_featured_image":false},"product_brand":[],"product_cat":[1121],"product_tag":[],"series":[{"id":1128,"name":"Momente","slug":"momente"}],"publisher":[{"id":497,"name":"Hueber Verlag","slug":"hueber-verlag"}],"class_list":{"0":"post-109377","1":"product","2":"type-product","3":"status-publish","4":"has-post-thumbnail","6":"product_cat-lehrwerke-fur-jugendliche-und-erwachsene","7":"series-momente","8":"publisher-hueber-verlag","10":"first","11":"instock","12":"taxable","13":"shipping-taxable","14":"purchasable","15":"product-type-simple"},"acf":[],"_links":{"self":[{"href":"https:\/\/exlibris.ee\/ru\/wp-json\/wp\/v2\/product\/109377","targetHints":{"allow":["GET"]}}],"collection":[{"href":"https:\/\/exlibris.ee\/ru\/wp-json\/wp\/v2\/product"}],"about":[{"href":"https:\/\/exlibris.ee\/ru\/wp-json\/wp\/v2\/types\/product"}],"wp:featuredmedia":[{"embeddable":true,"href":"https:\/\/exlibris.ee\/ru\/wp-json\/wp\/v2\/media\/372636"}],"wp:attachment":[{"href":"https:\/\/exlibris.ee\/ru\/wp-json\/wp\/v2\/media?parent=109377"}],"wp:term":[{"taxonomy":"product_brand","embeddable":true,"href":"https:\/\/exlibris.ee\/ru\/wp-json\/wp\/v2\/product_brand?post=109377"},{"taxonomy":"product_cat","embeddable":true,"href":"https:\/\/exlibris.ee\/ru\/wp-json\/wp\/v2\/product_cat?post=109377"},{"taxonomy":"product_tag","embeddable":true,"href":"https:\/\/exlibris.ee\/ru\/wp-json\/wp\/v2\/product_tag?post=109377"},{"taxonomy":"series","embeddable":true,"href":"https:\/\/exlibris.ee\/ru\/wp-json\/wp\/v2\/series?post=109377"},{"taxonomy":"publisher","embeddable":true,"href":"https:\/\/exlibris.ee\/ru\/wp-json\/wp\/v2\/publisher?post=109377"}],"curies":[{"name":"wp","href":"https:\/\/api.w.org\/{rel}","templated":true}]}}