{"id":109436,"date":"2024-02-08T06:41:48","date_gmt":"2024-02-08T04:41:48","guid":{"rendered":"https:\/\/exlibris.ee\/toode\/schritt-fur-schritt-zum-dtz-kursbuch-arbeitsbuch\/"},"modified":"2026-04-23T05:51:18","modified_gmt":"2026-04-23T02:51:18","slug":"schritt-fur-schritt-zum-dtz-kursbuch-arbeitsbuch","status":"publish","type":"product","link":"https:\/\/exlibris.ee\/ru\/produkt\/schritt-fur-schritt-zum-dtz-kursbuch-arbeitsbuch\/","title":{"rendered":"Schritt f\u00fcr Schritt zum DTZ \/ Kursbuch + Arbeitsbuch"},"content":{"rendered":"<p>Schritt f\u00fcr Schritt zum DTZ ist speziell f\u00fcr lese- und schreibunge\u00fcbte Erwachsene und junge Erwachsene in Integrationskursen in einem deutschsprachigen Land konzipiert.. Es greift die f\u00fcr Zuwanderer:innen relevanten Themen aus dem deutschsprachigen Alltag auf und f\u00fchrt zum Deutsch-Test f\u00fcr Zuwanderer (Stufe A2\u2013B1).. Inklusive Muster-Antwortbogen im neuen Format des seit 2023 neuen Pr\u00fcfungsanbieters g.a.s.t.. Das Lehrwerk r\u00fcckt die Bed\u00fcrfnisse von Lese- und Schreibunge\u00fcbten in den Fokus:. &#8212; \u00fcberschaubare Lernportionen. &#8212; kleinschrittiges Vorgehen mit vielen Wiederholungssequenzen. &#8212; Reduzierung des Lernstoffs auf das Wesentliche. &#8212; ein luftiges und \u00fcbersichtliches Layout und viele Aufgaben, die das Schreiben \u00fcben. &#8212; hohe Identifikationsm\u00f6glichkeit durch zielgruppenrelevante Themen. &#8212; mehrkanaliges Lernen<\/p>\n","protected":false},"excerpt":{"rendered":"<p>Schritt f\u00fcr Schritt zum DTZ ist speziell f\u00fcr lese- und schreibunge\u00fcbte Erwachsene und junge Erwachsene in Integrationskursen in einem deutschsprachigen Land konzipiert.. Es greift die f\u00fcr Zuwanderer:innen relevanten Themen aus dem deutschsprachigen Alltag auf und f\u00fchrt zum Deutsch-Test f\u00fcr Zuwanderer&#8230;<\/p>\n","protected":false},"featured_media":423527,"template":"","meta":{"_acf_changed":false,"inline_featured_image":false},"product_brand":[],"product_cat":[507],"product_tag":[],"series":[],"publisher":[{"id":497,"name":"Hueber Verlag","slug":"hueber-verlag"}],"class_list":{"0":"post-109436","1":"product","2":"type-product","3":"status-publish","4":"has-post-thumbnail","6":"product_cat-prufungsvorbereitung","7":"publisher-hueber-verlag","9":"first","10":"onbackorder","11":"taxable","12":"shipping-taxable","13":"purchasable","14":"product-type-simple"},"acf":[],"_links":{"self":[{"href":"https:\/\/exlibris.ee\/ru\/wp-json\/wp\/v2\/product\/109436","targetHints":{"allow":["GET"]}}],"collection":[{"href":"https:\/\/exlibris.ee\/ru\/wp-json\/wp\/v2\/product"}],"about":[{"href":"https:\/\/exlibris.ee\/ru\/wp-json\/wp\/v2\/types\/product"}],"wp:featuredmedia":[{"embeddable":true,"href":"https:\/\/exlibris.ee\/ru\/wp-json\/wp\/v2\/media\/423527"}],"wp:attachment":[{"href":"https:\/\/exlibris.ee\/ru\/wp-json\/wp\/v2\/media?parent=109436"}],"wp:term":[{"taxonomy":"product_brand","embeddable":true,"href":"https:\/\/exlibris.ee\/ru\/wp-json\/wp\/v2\/product_brand?post=109436"},{"taxonomy":"product_cat","embeddable":true,"href":"https:\/\/exlibris.ee\/ru\/wp-json\/wp\/v2\/product_cat?post=109436"},{"taxonomy":"product_tag","embeddable":true,"href":"https:\/\/exlibris.ee\/ru\/wp-json\/wp\/v2\/product_tag?post=109436"},{"taxonomy":"series","embeddable":true,"href":"https:\/\/exlibris.ee\/ru\/wp-json\/wp\/v2\/series?post=109436"},{"taxonomy":"publisher","embeddable":true,"href":"https:\/\/exlibris.ee\/ru\/wp-json\/wp\/v2\/publisher?post=109436"}],"curies":[{"name":"wp","href":"https:\/\/api.w.org\/{rel}","templated":true}]}}