{"id":109441,"date":"2024-02-08T06:41:50","date_gmt":"2024-02-08T04:41:50","guid":{"rendered":"https:\/\/exlibris.ee\/toode\/auf-heiser-spur-mit-kugelblitz-materialien-und-kopiervorlagen-zur-klassenlekture\/"},"modified":"2026-04-12T11:34:30","modified_gmt":"2026-04-12T08:34:30","slug":"auf-heiser-spur-mit-kugelblitz-materialien-und-kopiervorlagen-zur-klassenlekture","status":"publish","type":"product","link":"https:\/\/exlibris.ee\/ru\/produkt\/auf-heiser-spur-mit-kugelblitz-materialien-und-kopiervorlagen-zur-klassenlekture\/","title":{"rendered":"Auf hei\u00dfer Spur mit Kugelblitz \/ Materialien und Kopiervorlagen zur Klassenlekt\u00fcre"},"content":{"rendered":"<p>Die Aufl\u00f6sungen der F\u00e4lle werden gemeinsam in der Klasse mithilfe der Kopiervorlagen und Arbeitsanregungen des Begleitmaterials ermittelt. Die differenzierenden Aufgaben des Materials bieten ein breites Spektrum, um auf Begabungen und Lernschw\u00e4chen gezielt einzugehen. Neben den rein fallorientierten Arbeitsbl\u00e4ttern er\u00f6ffnet die Kugelblitz-Detektivschule viele M\u00f6glichkeiten, um sinnerfassendes Lesen, die Wahrnehmung von Unterschieden mit allen Sinnen und das genaue Beobachten zu trainieren. Spiele f\u00fcr das Klassenzimmer und Recherchen au\u00dfer Haus runden das umfangreiche Angebot ab.<\/p>\n","protected":false},"excerpt":{"rendered":"<p>Die Aufl\u00f6sungen der F\u00e4lle werden gemeinsam in der Klasse mithilfe der Kopiervorlagen und Arbeitsanregungen des Begleitmaterials ermittelt. Die differenzierenden Aufgaben des Materials bieten ein breites Spektrum, um auf Begabungen und Lernschw\u00e4chen gezielt einzugehen. Neben den rein fallorientierten Arbeitsbl\u00e4ttern er\u00f6ffnet die&#8230;<\/p>\n","protected":false},"featured_media":219352,"template":"","meta":{"_acf_changed":false,"inline_featured_image":false},"product_brand":[],"product_cat":[851],"product_tag":[],"series":[{"id":2123,"name":"Auf hei\u00dfer Spur mit Kugelblitz","slug":"auf-heiser-spur-mit-kugelblitz"}],"publisher":[{"id":2104,"name":"Hase und Igel Verlag","slug":"hase-und-igel-verlag"}],"class_list":{"0":"post-109441","1":"product","2":"type-product","3":"status-publish","4":"has-post-thumbnail","6":"product_cat-lesetexte-deutsch","7":"series-auf-heiser-spur-mit-kugelblitz","8":"publisher-hase-und-igel-verlag","10":"first","11":"onbackorder","12":"taxable","13":"shipping-taxable","14":"purchasable","15":"product-type-simple"},"acf":[],"_links":{"self":[{"href":"https:\/\/exlibris.ee\/ru\/wp-json\/wp\/v2\/product\/109441","targetHints":{"allow":["GET"]}}],"collection":[{"href":"https:\/\/exlibris.ee\/ru\/wp-json\/wp\/v2\/product"}],"about":[{"href":"https:\/\/exlibris.ee\/ru\/wp-json\/wp\/v2\/types\/product"}],"wp:featuredmedia":[{"embeddable":true,"href":"https:\/\/exlibris.ee\/ru\/wp-json\/wp\/v2\/media\/219352"}],"wp:attachment":[{"href":"https:\/\/exlibris.ee\/ru\/wp-json\/wp\/v2\/media?parent=109441"}],"wp:term":[{"taxonomy":"product_brand","embeddable":true,"href":"https:\/\/exlibris.ee\/ru\/wp-json\/wp\/v2\/product_brand?post=109441"},{"taxonomy":"product_cat","embeddable":true,"href":"https:\/\/exlibris.ee\/ru\/wp-json\/wp\/v2\/product_cat?post=109441"},{"taxonomy":"product_tag","embeddable":true,"href":"https:\/\/exlibris.ee\/ru\/wp-json\/wp\/v2\/product_tag?post=109441"},{"taxonomy":"series","embeddable":true,"href":"https:\/\/exlibris.ee\/ru\/wp-json\/wp\/v2\/series?post=109441"},{"taxonomy":"publisher","embeddable":true,"href":"https:\/\/exlibris.ee\/ru\/wp-json\/wp\/v2\/publisher?post=109441"}],"curies":[{"name":"wp","href":"https:\/\/api.w.org\/{rel}","templated":true}]}}