{"id":109442,"date":"2024-02-08T06:41:50","date_gmt":"2024-02-08T04:41:50","guid":{"rendered":"https:\/\/exlibris.ee\/toode\/kugelblitz-und-die-drei-minuten-gangster-lekture-fur-kinder\/"},"modified":"2026-05-02T11:51:40","modified_gmt":"2026-05-02T08:51:40","slug":"kugelblitz-und-die-drei-minuten-gangster-lekture-fur-kinder","status":"publish","type":"product","link":"https:\/\/exlibris.ee\/ru\/produkt\/kugelblitz-und-die-drei-minuten-gangster-lekture-fur-kinder\/","title":{"rendered":"Kugelblitz und die Drei-Minuten-Gangster \/ Lekt\u00fcre f\u00fcr Kinder"},"content":{"rendered":"<p>Spannung wird gro\u00dfgeschrieben bei Kommissar Kugelblitz, der die jungen Leser:innen stets mit Ratefragen und Knobelaufgaben fordert. Doch in diesem Band sind nicht nur Schnelldenker und Blitzmerker, sondern auch Rechenk\u00fcnstler gefragt. Immer wieder ist eine kleine mathematische Aufgabe hilfreich, um den T\u00e4tern auf die Spur zu kommen. Zugleich f\u00fchrt die Einbindung von Alltagssituationen, die mathematische Kenntnisse verlangen (Verschicken eines Pakets, Bezahlen einer Restaurantrechnung, Abfahrtszeit eines Zuges etc.), den Kindern den praktischen Nutzen dieser Kenntnisse vor Augen.<\/p>\n","protected":false},"excerpt":{"rendered":"<p>Spannung wird gro\u00dfgeschrieben bei Kommissar Kugelblitz, der die jungen Leser:innen stets mit Ratefragen und Knobelaufgaben fordert. Doch in diesem Band sind nicht nur Schnelldenker und Blitzmerker, sondern auch Rechenk\u00fcnstler gefragt. Immer wieder ist eine kleine mathematische Aufgabe hilfreich, um den&#8230;<\/p>\n","protected":false},"featured_media":608890,"template":"","meta":{"_acf_changed":false,"inline_featured_image":false},"product_brand":[],"product_cat":[851],"product_tag":[],"series":[{"id":2115,"name":"Kugelblitz auf Gaunerjagd durch Deutschland","slug":"kugelblitz-auf-gaunerjagd-durch-deutschland"}],"publisher":[{"id":2104,"name":"Hase und Igel Verlag","slug":"hase-und-igel-verlag"}],"class_list":{"0":"post-109442","1":"product","2":"type-product","3":"status-publish","4":"has-post-thumbnail","6":"product_cat-lesetexte-deutsch","7":"series-kugelblitz-auf-gaunerjagd-durch-deutschland","8":"publisher-hase-und-igel-verlag","10":"first","11":"onbackorder","12":"taxable","13":"shipping-taxable","14":"purchasable","15":"product-type-simple"},"acf":[],"_links":{"self":[{"href":"https:\/\/exlibris.ee\/ru\/wp-json\/wp\/v2\/product\/109442","targetHints":{"allow":["GET"]}}],"collection":[{"href":"https:\/\/exlibris.ee\/ru\/wp-json\/wp\/v2\/product"}],"about":[{"href":"https:\/\/exlibris.ee\/ru\/wp-json\/wp\/v2\/types\/product"}],"wp:featuredmedia":[{"embeddable":true,"href":"https:\/\/exlibris.ee\/ru\/wp-json\/wp\/v2\/media\/608890"}],"wp:attachment":[{"href":"https:\/\/exlibris.ee\/ru\/wp-json\/wp\/v2\/media?parent=109442"}],"wp:term":[{"taxonomy":"product_brand","embeddable":true,"href":"https:\/\/exlibris.ee\/ru\/wp-json\/wp\/v2\/product_brand?post=109442"},{"taxonomy":"product_cat","embeddable":true,"href":"https:\/\/exlibris.ee\/ru\/wp-json\/wp\/v2\/product_cat?post=109442"},{"taxonomy":"product_tag","embeddable":true,"href":"https:\/\/exlibris.ee\/ru\/wp-json\/wp\/v2\/product_tag?post=109442"},{"taxonomy":"series","embeddable":true,"href":"https:\/\/exlibris.ee\/ru\/wp-json\/wp\/v2\/series?post=109442"},{"taxonomy":"publisher","embeddable":true,"href":"https:\/\/exlibris.ee\/ru\/wp-json\/wp\/v2\/publisher?post=109442"}],"curies":[{"name":"wp","href":"https:\/\/api.w.org\/{rel}","templated":true}]}}