{"id":109443,"date":"2024-02-08T06:41:50","date_gmt":"2024-02-08T04:41:50","guid":{"rendered":"https:\/\/exlibris.ee\/toode\/kugelblitz-und-die-drei-minuten-gangster-materialien-und-kopiervorlagen-zur-klassenlekture\/"},"modified":"2026-05-01T14:05:52","modified_gmt":"2026-05-01T11:05:52","slug":"kugelblitz-und-die-drei-minuten-gangster-materialien-und-kopiervorlagen-zur-klassenlekture","status":"publish","type":"product","link":"https:\/\/exlibris.ee\/ru\/produkt\/kugelblitz-und-die-drei-minuten-gangster-materialien-und-kopiervorlagen-zur-klassenlekture\/","title":{"rendered":"Kugelblitz und die Drei-Minuten-Gangster \/ Materialien und Kopiervorlagen zur Klassenlekt\u00fcre"},"content":{"rendered":"<p>Das Begleitmaterial zu diesem Krimi kn\u00fcpft an die Themen der Geschichte an und vertieft schwerpunktm\u00e4\u00dfig mathematische Lerninhalte des dritten Schuljahrs. Die Arbeitsbl\u00e4tter folgen dem Differenzierungsgedanken und bieten auch Ausblicke auf gr\u00f6\u00dfere Zahlenr\u00e4ume, die sich aber mit bekannten Rechenstrategien erschlie\u00dfen lassen.<\/p>\n","protected":false},"excerpt":{"rendered":"<p>Das Begleitmaterial zu diesem Krimi kn\u00fcpft an die Themen der Geschichte an und vertieft schwerpunktm\u00e4\u00dfig mathematische Lerninhalte des dritten Schuljahrs. Die Arbeitsbl\u00e4tter folgen dem Differenzierungsgedanken und bieten auch Ausblicke auf gr\u00f6\u00dfere Zahlenr\u00e4ume, die sich aber mit bekannten Rechenstrategien erschlie\u00dfen lassen.<\/p>\n","protected":false},"featured_media":591783,"template":"","meta":{"_acf_changed":false,"inline_featured_image":false},"product_brand":[],"product_cat":[851],"product_tag":[],"series":[{"id":2115,"name":"Kugelblitz auf Gaunerjagd durch Deutschland","slug":"kugelblitz-auf-gaunerjagd-durch-deutschland"}],"publisher":[{"id":2104,"name":"Hase und Igel Verlag","slug":"hase-und-igel-verlag"}],"class_list":{"0":"post-109443","1":"product","2":"type-product","3":"status-publish","4":"has-post-thumbnail","6":"product_cat-lesetexte-deutsch","7":"series-kugelblitz-auf-gaunerjagd-durch-deutschland","8":"publisher-hase-und-igel-verlag","10":"first","11":"onbackorder","12":"taxable","13":"shipping-taxable","14":"purchasable","15":"product-type-simple"},"acf":[],"_links":{"self":[{"href":"https:\/\/exlibris.ee\/ru\/wp-json\/wp\/v2\/product\/109443","targetHints":{"allow":["GET"]}}],"collection":[{"href":"https:\/\/exlibris.ee\/ru\/wp-json\/wp\/v2\/product"}],"about":[{"href":"https:\/\/exlibris.ee\/ru\/wp-json\/wp\/v2\/types\/product"}],"wp:featuredmedia":[{"embeddable":true,"href":"https:\/\/exlibris.ee\/ru\/wp-json\/wp\/v2\/media\/591783"}],"wp:attachment":[{"href":"https:\/\/exlibris.ee\/ru\/wp-json\/wp\/v2\/media?parent=109443"}],"wp:term":[{"taxonomy":"product_brand","embeddable":true,"href":"https:\/\/exlibris.ee\/ru\/wp-json\/wp\/v2\/product_brand?post=109443"},{"taxonomy":"product_cat","embeddable":true,"href":"https:\/\/exlibris.ee\/ru\/wp-json\/wp\/v2\/product_cat?post=109443"},{"taxonomy":"product_tag","embeddable":true,"href":"https:\/\/exlibris.ee\/ru\/wp-json\/wp\/v2\/product_tag?post=109443"},{"taxonomy":"series","embeddable":true,"href":"https:\/\/exlibris.ee\/ru\/wp-json\/wp\/v2\/series?post=109443"},{"taxonomy":"publisher","embeddable":true,"href":"https:\/\/exlibris.ee\/ru\/wp-json\/wp\/v2\/publisher?post=109443"}],"curies":[{"name":"wp","href":"https:\/\/api.w.org\/{rel}","templated":true}]}}