{"id":109451,"date":"2024-02-08T06:41:52","date_gmt":"2024-02-08T04:41:52","guid":{"rendered":"https:\/\/exlibris.ee\/toode\/kugelblitz-auf-gaunerjagd-durch-deutschland-materialien-und-kopiervorlagen-zur-klassenlekture\/"},"modified":"2026-05-04T09:32:05","modified_gmt":"2026-05-04T06:32:05","slug":"kugelblitz-auf-gaunerjagd-durch-deutschland-materialien-und-kopiervorlagen-zur-klassenlekture","status":"publish","type":"product","link":"https:\/\/exlibris.ee\/ru\/produkt\/kugelblitz-auf-gaunerjagd-durch-deutschland-materialien-und-kopiervorlagen-zur-klassenlekture\/","title":{"rendered":"Kugelblitz auf Gaunerjagd durch Deutschland \/ Materialien und Kopiervorlagen zur Klassenlekt\u00fcre"},"content":{"rendered":"<p>Mithilfe der Kopiervorlagen kommen Ihre Sch\u00fcler den Dieben Schritt f\u00fcr Schritt auf die Schliche. Anhand verschiedener Deutschlandkarten verfolgen sie ihre Spur, entlarven dreiste L\u00fcgen und legen T\u00e4terprofile an.. Sie lernen z. B. N\u00fcrnberg, Hamburg und Berlin n\u00e4her kennen, begleiten Kugelblitz\u2019 ermittlungstechnische Arbeit und entdecken dabei spielerisch zahlreiche Facetten Deutschlands. Die Kinder erhalten Infos \u00fcber typische Speisen, Dialekte und wichtige Sehensw\u00fcrdigkeiten.<\/p>\n","protected":false},"excerpt":{"rendered":"<p>Mithilfe der Kopiervorlagen kommen Ihre Sch\u00fcler den Dieben Schritt f\u00fcr Schritt auf die Schliche. Anhand verschiedener Deutschlandkarten verfolgen sie ihre Spur, entlarven dreiste L\u00fcgen und legen T\u00e4terprofile an.. Sie lernen z. B. N\u00fcrnberg, Hamburg und Berlin n\u00e4her kennen, begleiten Kugelblitz\u2019&#8230;<\/p>\n","protected":false},"featured_media":642723,"template":"","meta":{"_acf_changed":false,"inline_featured_image":false},"product_brand":[],"product_cat":[851],"product_tag":[],"series":[{"id":2115,"name":"Kugelblitz auf Gaunerjagd durch Deutschland","slug":"kugelblitz-auf-gaunerjagd-durch-deutschland"}],"publisher":[{"id":2104,"name":"Hase und Igel Verlag","slug":"hase-und-igel-verlag"}],"class_list":{"0":"post-109451","1":"product","2":"type-product","3":"status-publish","4":"has-post-thumbnail","6":"product_cat-lesetexte-deutsch","7":"series-kugelblitz-auf-gaunerjagd-durch-deutschland","8":"publisher-hase-und-igel-verlag","10":"first","11":"onbackorder","12":"taxable","13":"shipping-taxable","14":"purchasable","15":"product-type-simple"},"acf":[],"_links":{"self":[{"href":"https:\/\/exlibris.ee\/ru\/wp-json\/wp\/v2\/product\/109451","targetHints":{"allow":["GET"]}}],"collection":[{"href":"https:\/\/exlibris.ee\/ru\/wp-json\/wp\/v2\/product"}],"about":[{"href":"https:\/\/exlibris.ee\/ru\/wp-json\/wp\/v2\/types\/product"}],"wp:featuredmedia":[{"embeddable":true,"href":"https:\/\/exlibris.ee\/ru\/wp-json\/wp\/v2\/media\/642723"}],"wp:attachment":[{"href":"https:\/\/exlibris.ee\/ru\/wp-json\/wp\/v2\/media?parent=109451"}],"wp:term":[{"taxonomy":"product_brand","embeddable":true,"href":"https:\/\/exlibris.ee\/ru\/wp-json\/wp\/v2\/product_brand?post=109451"},{"taxonomy":"product_cat","embeddable":true,"href":"https:\/\/exlibris.ee\/ru\/wp-json\/wp\/v2\/product_cat?post=109451"},{"taxonomy":"product_tag","embeddable":true,"href":"https:\/\/exlibris.ee\/ru\/wp-json\/wp\/v2\/product_tag?post=109451"},{"taxonomy":"series","embeddable":true,"href":"https:\/\/exlibris.ee\/ru\/wp-json\/wp\/v2\/series?post=109451"},{"taxonomy":"publisher","embeddable":true,"href":"https:\/\/exlibris.ee\/ru\/wp-json\/wp\/v2\/publisher?post=109451"}],"curies":[{"name":"wp","href":"https:\/\/api.w.org\/{rel}","templated":true}]}}