{"id":109453,"date":"2024-02-08T06:41:53","date_gmt":"2024-02-08T04:41:53","guid":{"rendered":"https:\/\/exlibris.ee\/toode\/in-die-steinzeit-und-zuruck-eine-abenteuerliche-zeitreise-lekture-fur-kinder\/"},"modified":"2026-04-04T03:22:00","modified_gmt":"2026-04-04T00:22:00","slug":"in-die-steinzeit-und-zuruck-eine-abenteuerliche-zeitreise-lekture-fur-kinder","status":"publish","type":"product","link":"https:\/\/exlibris.ee\/ru\/produkt\/in-die-steinzeit-und-zuruck-eine-abenteuerliche-zeitreise-lekture-fur-kinder\/","title":{"rendered":"In die Steinzeit und zur\u00fcck \/ Eine abenteuerliche Zeitreise \/ Lekt\u00fcre f\u00fcr Kinder"},"content":{"rendered":"<p>Sommerferien \u2013 aber f\u00fcr Timo keine tollen Aussichten. Er soll mit seinem Vater, dessen Freundin und deren Tochter Leonie gemeinsam in den Urlaub fahren. Da geschieht etwas Unglaubliches: Timo und Leonie landen pl\u00f6tzlich in der J\u00fcngeren Altsteinzeit! Liegt das an der kleinen Mammutfigur, die sie in einer H\u00f6hle auf der Schw\u00e4bischen Alb gefunden haben? Und wie kommen sie wieder in die Gegenwart? Zun\u00e4chst m\u00fcssen sie sich in einer fremden Welt zurechtfinden: Wie macht man Feuer ohne Feuerzeug? Was kann man essen? Wo sind andere Menschen? Zum Gl\u00fcck treffen sie auf zwei Kinder, die sie zu ihrem Lager bringen. Aber Timo und Leonie sind in Gefahr: Sie werden f\u00fcr das ausbleibende Jagdgl\u00fcck der Steinzeitmenschen verantwortlich gemacht \u2026. Die Geschichte wird aus Timos Perspektive erz\u00e4hlt. Er und Leonie lernen nicht nur viel \u00fcber die Steinzeit, sondern auch \u00fcber sich selbst. Mit ihren Interessen, Sorgen, St\u00e4rken und Schw\u00e4chen bieten sie f\u00fcr Jungen und M\u00e4dchen gleicherma\u00dfen Identifikationsm\u00f6glichkeiten. Ihre Begegnung mit den Steinzeitkindern l\u00e4sst eine l\u00e4ngst vergangene Zeit lebendig werden.<\/p>\n","protected":false},"excerpt":{"rendered":"<p>Sommerferien \u2013 aber f\u00fcr Timo keine tollen Aussichten. Er soll mit seinem Vater, dessen Freundin und deren Tochter Leonie gemeinsam in den Urlaub fahren. Da geschieht etwas Unglaubliches: Timo und Leonie landen pl\u00f6tzlich in der J\u00fcngeren Altsteinzeit! Liegt das an&#8230;<\/p>\n","protected":false},"featured_media":109420,"template":"","meta":{"_acf_changed":false,"inline_featured_image":false},"product_brand":[],"product_cat":[851],"product_tag":[],"series":[{"id":2124,"name":"In die Steinzeit und zur\u00fcck","slug":"in-die-steinzeit-und-zuruck"}],"publisher":[{"id":2104,"name":"Hase und Igel Verlag","slug":"hase-und-igel-verlag"}],"class_list":{"0":"post-109453","1":"product","2":"type-product","3":"status-publish","4":"has-post-thumbnail","6":"product_cat-lesetexte-deutsch","7":"series-in-die-steinzeit-und-zuruck","8":"publisher-hase-und-igel-verlag","10":"first","11":"onbackorder","12":"taxable","13":"shipping-taxable","14":"purchasable","15":"product-type-simple"},"acf":[],"_links":{"self":[{"href":"https:\/\/exlibris.ee\/ru\/wp-json\/wp\/v2\/product\/109453","targetHints":{"allow":["GET"]}}],"collection":[{"href":"https:\/\/exlibris.ee\/ru\/wp-json\/wp\/v2\/product"}],"about":[{"href":"https:\/\/exlibris.ee\/ru\/wp-json\/wp\/v2\/types\/product"}],"wp:featuredmedia":[{"embeddable":true,"href":"https:\/\/exlibris.ee\/ru\/wp-json\/wp\/v2\/media\/109420"}],"wp:attachment":[{"href":"https:\/\/exlibris.ee\/ru\/wp-json\/wp\/v2\/media?parent=109453"}],"wp:term":[{"taxonomy":"product_brand","embeddable":true,"href":"https:\/\/exlibris.ee\/ru\/wp-json\/wp\/v2\/product_brand?post=109453"},{"taxonomy":"product_cat","embeddable":true,"href":"https:\/\/exlibris.ee\/ru\/wp-json\/wp\/v2\/product_cat?post=109453"},{"taxonomy":"product_tag","embeddable":true,"href":"https:\/\/exlibris.ee\/ru\/wp-json\/wp\/v2\/product_tag?post=109453"},{"taxonomy":"series","embeddable":true,"href":"https:\/\/exlibris.ee\/ru\/wp-json\/wp\/v2\/series?post=109453"},{"taxonomy":"publisher","embeddable":true,"href":"https:\/\/exlibris.ee\/ru\/wp-json\/wp\/v2\/publisher?post=109453"}],"curies":[{"name":"wp","href":"https:\/\/api.w.org\/{rel}","templated":true}]}}