{"id":109454,"date":"2024-02-08T06:41:53","date_gmt":"2024-02-08T04:41:53","guid":{"rendered":"https:\/\/exlibris.ee\/toode\/schritte-plus-alpha-3-kursbuch-mit-audios-online\/"},"modified":"2026-04-18T15:43:05","modified_gmt":"2026-04-18T12:43:05","slug":"schritte-plus-alpha-3-kursbuch-mit-audios-online","status":"publish","type":"product","link":"https:\/\/exlibris.ee\/ru\/produkt\/schritte-plus-alpha-3-kursbuch-mit-audios-online\/","title":{"rendered":"Schritte plus Alpha 3 \/ Kursbuch mit Audios online"},"content":{"rendered":"<p>Zielgruppe: Teilnehmerinnen und Teilnehmer an Alphabetisierungskursen im In- und Ausland: prim\u00e4re und funktionale Analphabeten sowie Zweitschriftlerner.. In Alphabetisierungskursen zu unterrichten, ist eine echte Herausforderung:. Unsere Alpha-Materialien bieten Ihnen dabei optimale Unterst\u00fctzung!. Schritte plus Alpha bedeutet &#171;Deutschunterricht + Alphabetisierung&#187;: Das umfangreiche Lern- und Lehrmaterial entspricht damit dem integrativen Konzept des Bundesamts f\u00fcr Migration und Fl\u00fcchtlinge und unterst\u00fctzt Sie dabei, Sprach- und Alphabetisierungsunterricht miteinander zu vereinbaren.. Grundalphabetisierung und Vermittlung elementarer Deutschkenntnisse. Band 1\u20133: Grundalphabetisierung und Vermittlung elementarer Deutschkenntnisse im m\u00fcndlichen Bereich (f\u00fcr die Kursabschnitte des Basis-Alpha-Kurses Modul 1).. Jeder Band enth\u00e4lt acht Lektionen, die an je einem Thema sowohl die schriftsprachliche als auch die kommunikative Kompetenz trainieren. Wiederholung und Festigung ist gro\u00dfer Raum einger\u00e4umt.. Das vierfarbige Lehrbuch bietet einfaches, klar strukturiertes und sehr ansprechend gestaltetes Material mit erwachsenengerechten Illustrationen. Es macht Lernfortschritte sichtbar und st\u00e4rkt das Selbstbewusstsein der Lernenden.. Die Audios online bieten H\u00f6rtexte, Laut-Differenzierungs\u00fcbungen, Diktate uvm.. Zu jedem Band steht Ihnen im Internet ein umfassender Unterrichtsleitfaden als PDF-Datei zum kostenlosen Download zur Verf\u00fcgung.<\/p>\n","protected":false},"excerpt":{"rendered":"<p>Zielgruppe: Teilnehmerinnen und Teilnehmer an Alphabetisierungskursen im In- und Ausland: prim\u00e4re und funktionale Analphabeten sowie Zweitschriftlerner.. In Alphabetisierungskursen zu unterrichten, ist eine echte Herausforderung:. Unsere Alpha-Materialien bieten Ihnen dabei optimale Unterst\u00fctzung!. Schritte plus Alpha bedeutet &#171;Deutschunterricht + Alphabetisierung&#187;: Das umfangreiche&#8230;<\/p>\n","protected":false},"featured_media":338288,"template":"","meta":{"_acf_changed":false,"inline_featured_image":false},"product_brand":[],"product_cat":[1121],"product_tag":[],"series":[{"id":551,"name":"Mein Leben in Deutschland","slug":"mein-leben-in-deutschland"}],"publisher":[{"id":497,"name":"Hueber Verlag","slug":"hueber-verlag"}],"class_list":{"0":"post-109454","1":"product","2":"type-product","3":"status-publish","4":"has-post-thumbnail","6":"product_cat-lehrwerke-fur-jugendliche-und-erwachsene","7":"series-mein-leben-in-deutschland","8":"publisher-hueber-verlag","10":"first","11":"onbackorder","12":"taxable","13":"shipping-taxable","14":"purchasable","15":"product-type-simple"},"acf":[],"_links":{"self":[{"href":"https:\/\/exlibris.ee\/ru\/wp-json\/wp\/v2\/product\/109454","targetHints":{"allow":["GET"]}}],"collection":[{"href":"https:\/\/exlibris.ee\/ru\/wp-json\/wp\/v2\/product"}],"about":[{"href":"https:\/\/exlibris.ee\/ru\/wp-json\/wp\/v2\/types\/product"}],"wp:featuredmedia":[{"embeddable":true,"href":"https:\/\/exlibris.ee\/ru\/wp-json\/wp\/v2\/media\/338288"}],"wp:attachment":[{"href":"https:\/\/exlibris.ee\/ru\/wp-json\/wp\/v2\/media?parent=109454"}],"wp:term":[{"taxonomy":"product_brand","embeddable":true,"href":"https:\/\/exlibris.ee\/ru\/wp-json\/wp\/v2\/product_brand?post=109454"},{"taxonomy":"product_cat","embeddable":true,"href":"https:\/\/exlibris.ee\/ru\/wp-json\/wp\/v2\/product_cat?post=109454"},{"taxonomy":"product_tag","embeddable":true,"href":"https:\/\/exlibris.ee\/ru\/wp-json\/wp\/v2\/product_tag?post=109454"},{"taxonomy":"series","embeddable":true,"href":"https:\/\/exlibris.ee\/ru\/wp-json\/wp\/v2\/series?post=109454"},{"taxonomy":"publisher","embeddable":true,"href":"https:\/\/exlibris.ee\/ru\/wp-json\/wp\/v2\/publisher?post=109454"}],"curies":[{"name":"wp","href":"https:\/\/api.w.org\/{rel}","templated":true}]}}