{"id":109456,"date":"2024-02-08T06:41:54","date_gmt":"2024-02-08T04:41:54","guid":{"rendered":"https:\/\/exlibris.ee\/toode\/in-die-steinzeit-und-zuruck-eine-abenteuerliche-zeitreise-materialien-und-kopiervorlagen-zur-klassenlekture\/"},"modified":"2026-04-24T19:41:12","modified_gmt":"2026-04-24T16:41:12","slug":"in-die-steinzeit-und-zuruck-eine-abenteuerliche-zeitreise-materialien-und-kopiervorlagen-zur-klassenlekture","status":"publish","type":"product","link":"https:\/\/exlibris.ee\/ru\/produkt\/in-die-steinzeit-und-zuruck-eine-abenteuerliche-zeitreise-materialien-und-kopiervorlagen-zur-klassenlekture\/","title":{"rendered":"In die Steinzeit und zur\u00fcck \/ Eine abenteuerliche Zeitreise \/ Materialien und Kopiervorlagen zur Klassenlekt\u00fcre"},"content":{"rendered":"<p>Das Material liefert interessantes Hintergrundwissen zur Steinzeit und spannende Informationen, z. B. \u00fcber die Arbeit von Arch\u00e4ologen. Themen aus der Lekt\u00fcre wie das Verh\u00e4ltnis des Menschen zur Natur oder der Umgang mit Lebensmitteln damals und heute werden anschaulich vertieft.. Die Kopiervorlagen bieten abwechslungsreiche Aufgabenstellungen, die die Sch\u00fcler zum Schreiben, Lesen, Basteln, Rechnen und Spielen auffordern. F\u00e4cher\u00fcbergreifende Bez\u00fcge unterst\u00fctzen das ganzheitliche Lernen.<\/p>\n","protected":false},"excerpt":{"rendered":"<p>Das Material liefert interessantes Hintergrundwissen zur Steinzeit und spannende Informationen, z. B. \u00fcber die Arbeit von Arch\u00e4ologen. Themen aus der Lekt\u00fcre wie das Verh\u00e4ltnis des Menschen zur Natur oder der Umgang mit Lebensmitteln damals und heute werden anschaulich vertieft.. Die&#8230;<\/p>\n","protected":false},"featured_media":457122,"template":"","meta":{"_acf_changed":false,"inline_featured_image":false},"product_brand":[],"product_cat":[851],"product_tag":[],"series":[{"id":2124,"name":"In die Steinzeit und zur\u00fcck","slug":"in-die-steinzeit-und-zuruck"}],"publisher":[{"id":2104,"name":"Hase und Igel Verlag","slug":"hase-und-igel-verlag"}],"class_list":{"0":"post-109456","1":"product","2":"type-product","3":"status-publish","4":"has-post-thumbnail","6":"product_cat-lesetexte-deutsch","7":"series-in-die-steinzeit-und-zuruck","8":"publisher-hase-und-igel-verlag","10":"first","11":"onbackorder","12":"taxable","13":"shipping-taxable","14":"purchasable","15":"product-type-simple"},"acf":[],"_links":{"self":[{"href":"https:\/\/exlibris.ee\/ru\/wp-json\/wp\/v2\/product\/109456","targetHints":{"allow":["GET"]}}],"collection":[{"href":"https:\/\/exlibris.ee\/ru\/wp-json\/wp\/v2\/product"}],"about":[{"href":"https:\/\/exlibris.ee\/ru\/wp-json\/wp\/v2\/types\/product"}],"wp:featuredmedia":[{"embeddable":true,"href":"https:\/\/exlibris.ee\/ru\/wp-json\/wp\/v2\/media\/457122"}],"wp:attachment":[{"href":"https:\/\/exlibris.ee\/ru\/wp-json\/wp\/v2\/media?parent=109456"}],"wp:term":[{"taxonomy":"product_brand","embeddable":true,"href":"https:\/\/exlibris.ee\/ru\/wp-json\/wp\/v2\/product_brand?post=109456"},{"taxonomy":"product_cat","embeddable":true,"href":"https:\/\/exlibris.ee\/ru\/wp-json\/wp\/v2\/product_cat?post=109456"},{"taxonomy":"product_tag","embeddable":true,"href":"https:\/\/exlibris.ee\/ru\/wp-json\/wp\/v2\/product_tag?post=109456"},{"taxonomy":"series","embeddable":true,"href":"https:\/\/exlibris.ee\/ru\/wp-json\/wp\/v2\/series?post=109456"},{"taxonomy":"publisher","embeddable":true,"href":"https:\/\/exlibris.ee\/ru\/wp-json\/wp\/v2\/publisher?post=109456"}],"curies":[{"name":"wp","href":"https:\/\/api.w.org\/{rel}","templated":true}]}}