{"id":109550,"date":"2024-02-08T06:44:15","date_gmt":"2024-02-08T04:44:15","guid":{"rendered":"https:\/\/exlibris.ee\/toode\/zu-den-romern-und-zuruck-eine-abenteuerliche-zeitreise-lekture-fur-kinder\/"},"modified":"2026-04-04T03:22:05","modified_gmt":"2026-04-04T00:22:05","slug":"zu-den-romern-und-zuruck-eine-abenteuerliche-zeitreise-lekture-fur-kinder","status":"publish","type":"product","link":"https:\/\/exlibris.ee\/ru\/produkt\/zu-den-romern-und-zuruck-eine-abenteuerliche-zeitreise-lekture-fur-kinder\/","title":{"rendered":"Zu den R\u00f6mern und zur\u00fcck \/ Eine abenteuerliche Zeitreise \/ Lekt\u00fcre f\u00fcr Kinder"},"content":{"rendered":"<p>Die Zeit der alten R\u00f6mer \u00fcbt auf Grundsch\u00fcler eine besondere Faszination aus. Bettina Eikemeier schildert anschaulich und lebendig, wie sich der Alltag auf einem r\u00f6mischen Gutshof im heutigen S\u00fcddeutschland gestaltete, welche Berufe die Menschen aus\u00fcbten und wie sie gekleidet waren. In dieser Umgebung l\u00e4sst die Autorin eine packende Geschichte um ein verschwundenes M\u00e4dchen und einen Angriff der Alemannen spielen.. Die freche, sympathische Hauptfigur des Buches nimmt Ihre Sch\u00fcler:innen mit auf ein spannendes Abenteuer. Von ihrer Ururoma hat Hannah eine au\u00dfergew\u00f6hnliche F\u00e4higkeit geerbt: Sie kann in die Vergangenheit reisen! Auf einem Klassenausflug zur Villa Rustica in Hechingen-Stein begegnet sie einem seltsamen Jungen \u2013 und landet pl\u00f6tzlich in der Zeit, als die R\u00f6mer Baden-W\u00fcrttemberg besiedelten.<\/p>\n","protected":false},"excerpt":{"rendered":"<p>Die Zeit der alten R\u00f6mer \u00fcbt auf Grundsch\u00fcler eine besondere Faszination aus. Bettina Eikemeier schildert anschaulich und lebendig, wie sich der Alltag auf einem r\u00f6mischen Gutshof im heutigen S\u00fcddeutschland gestaltete, welche Berufe die Menschen aus\u00fcbten und wie sie gekleidet waren&#8230;.<\/p>\n","protected":false},"featured_media":109466,"template":"","meta":{"_acf_changed":false,"inline_featured_image":false},"product_brand":[],"product_cat":[851],"product_tag":[],"series":[{"id":2125,"name":"Zu den R\u00f6mern und zur\u00fcck","slug":"zu-den-romern-und-zuruck"}],"publisher":[{"id":2104,"name":"Hase und Igel Verlag","slug":"hase-und-igel-verlag"}],"class_list":{"0":"post-109550","1":"product","2":"type-product","3":"status-publish","4":"has-post-thumbnail","6":"product_cat-lesetexte-deutsch","7":"series-zu-den-romern-und-zuruck","8":"publisher-hase-und-igel-verlag","10":"first","11":"onbackorder","12":"taxable","13":"shipping-taxable","14":"purchasable","15":"product-type-simple"},"acf":[],"_links":{"self":[{"href":"https:\/\/exlibris.ee\/ru\/wp-json\/wp\/v2\/product\/109550","targetHints":{"allow":["GET"]}}],"collection":[{"href":"https:\/\/exlibris.ee\/ru\/wp-json\/wp\/v2\/product"}],"about":[{"href":"https:\/\/exlibris.ee\/ru\/wp-json\/wp\/v2\/types\/product"}],"wp:featuredmedia":[{"embeddable":true,"href":"https:\/\/exlibris.ee\/ru\/wp-json\/wp\/v2\/media\/109466"}],"wp:attachment":[{"href":"https:\/\/exlibris.ee\/ru\/wp-json\/wp\/v2\/media?parent=109550"}],"wp:term":[{"taxonomy":"product_brand","embeddable":true,"href":"https:\/\/exlibris.ee\/ru\/wp-json\/wp\/v2\/product_brand?post=109550"},{"taxonomy":"product_cat","embeddable":true,"href":"https:\/\/exlibris.ee\/ru\/wp-json\/wp\/v2\/product_cat?post=109550"},{"taxonomy":"product_tag","embeddable":true,"href":"https:\/\/exlibris.ee\/ru\/wp-json\/wp\/v2\/product_tag?post=109550"},{"taxonomy":"series","embeddable":true,"href":"https:\/\/exlibris.ee\/ru\/wp-json\/wp\/v2\/series?post=109550"},{"taxonomy":"publisher","embeddable":true,"href":"https:\/\/exlibris.ee\/ru\/wp-json\/wp\/v2\/publisher?post=109550"}],"curies":[{"name":"wp","href":"https:\/\/api.w.org\/{rel}","templated":true}]}}