{"id":109552,"date":"2024-02-08T06:44:16","date_gmt":"2024-02-08T04:44:16","guid":{"rendered":"https:\/\/exlibris.ee\/toode\/ich-bin-anders-als-du-ich-bin-wie-du-ein-wendebuch-kinderbuch-deutsch-russisch-mit-mp3-horbuch-zum-herunterladen\/"},"modified":"2026-04-04T03:22:57","modified_gmt":"2026-04-04T00:22:57","slug":"ich-bin-anders-als-du-ich-bin-wie-du-ein-wendebuch-kinderbuch-deutsch-russisch-mit-mp3-horbuch-zum-herunterladen","status":"publish","type":"product","link":"https:\/\/exlibris.ee\/ru\/produkt\/ich-bin-anders-als-du-ich-bin-wie-du-ein-wendebuch-kinderbuch-deutsch-russisch-mit-mp3-horbuch-zum-herunterladen\/","title":{"rendered":"Ich bin anders als du \/ Ich bin wie du \/ Ein Wendebuch \/ Kinderbuch Deutsch-Russisch mit MP3-H\u00f6rbuch zum Herunterladen"},"content":{"rendered":"<p>Zweisprachiges Kinderbuch Deutsch-Russisch ab 3 Jahren. Ein Wendebuch \u2013 Zwei Geschichten in einem!. Verschiedene Kinder, viele Gemeinsamkeiten und Unterschiede \u2013 dieses intelligente Wendebuch zeigt auf kindgerechte Weise, was manche Kinder ausmacht, wie sie sich von anderen unterscheiden und was sie mit anderen gemeinsam haben.. Die Vermittlung von Verschiedenheiten und Gemeinsamkeiten ist vielf\u00e4ltig. Und immer wird dabei mit Erwartungen und vorschnellen Zuschreibungen gespielt \u2013 und manches Umbl\u00e4ttern \u00fcberrascht. In der Mitte des Buches steht schlie\u00dflich die Erkenntnis: Ich bin ich!. F\u00fcr weitere Sprachen erh\u00e4ltlich.<\/p>\n","protected":false},"excerpt":{"rendered":"<p>Zweisprachiges Kinderbuch Deutsch-Russisch ab 3 Jahren. Ein Wendebuch \u2013 Zwei Geschichten in einem!. Verschiedene Kinder, viele Gemeinsamkeiten und Unterschiede \u2013 dieses intelligente Wendebuch zeigt auf kindgerechte Weise, was manche Kinder ausmacht, wie sie sich von anderen unterscheiden und was sie&#8230;<\/p>\n","protected":false},"featured_media":109469,"template":"","meta":{"_acf_changed":false,"inline_featured_image":false},"product_brand":[],"product_cat":[851],"product_tag":[],"series":[],"publisher":[{"id":1305,"name":"Edition bi:libri","slug":"edition-bilibri"}],"class_list":{"0":"post-109552","1":"product","2":"type-product","3":"status-publish","4":"has-post-thumbnail","6":"product_cat-lesetexte-deutsch","7":"publisher-edition-bilibri","9":"first","10":"onbackorder","11":"taxable","12":"shipping-taxable","13":"purchasable","14":"product-type-simple"},"acf":[],"_links":{"self":[{"href":"https:\/\/exlibris.ee\/ru\/wp-json\/wp\/v2\/product\/109552","targetHints":{"allow":["GET"]}}],"collection":[{"href":"https:\/\/exlibris.ee\/ru\/wp-json\/wp\/v2\/product"}],"about":[{"href":"https:\/\/exlibris.ee\/ru\/wp-json\/wp\/v2\/types\/product"}],"wp:featuredmedia":[{"embeddable":true,"href":"https:\/\/exlibris.ee\/ru\/wp-json\/wp\/v2\/media\/109469"}],"wp:attachment":[{"href":"https:\/\/exlibris.ee\/ru\/wp-json\/wp\/v2\/media?parent=109552"}],"wp:term":[{"taxonomy":"product_brand","embeddable":true,"href":"https:\/\/exlibris.ee\/ru\/wp-json\/wp\/v2\/product_brand?post=109552"},{"taxonomy":"product_cat","embeddable":true,"href":"https:\/\/exlibris.ee\/ru\/wp-json\/wp\/v2\/product_cat?post=109552"},{"taxonomy":"product_tag","embeddable":true,"href":"https:\/\/exlibris.ee\/ru\/wp-json\/wp\/v2\/product_tag?post=109552"},{"taxonomy":"series","embeddable":true,"href":"https:\/\/exlibris.ee\/ru\/wp-json\/wp\/v2\/series?post=109552"},{"taxonomy":"publisher","embeddable":true,"href":"https:\/\/exlibris.ee\/ru\/wp-json\/wp\/v2\/publisher?post=109552"}],"curies":[{"name":"wp","href":"https:\/\/api.w.org\/{rel}","templated":true}]}}