{"id":109556,"date":"2024-02-08T06:44:17","date_gmt":"2024-02-08T04:44:17","guid":{"rendered":"https:\/\/exlibris.ee\/toode\/neulich-am-sudpol-kinderbuch-deutsch-russisch-mit-audio-cd\/"},"modified":"2026-05-11T22:47:56","modified_gmt":"2026-05-11T19:47:56","slug":"neulich-am-sudpol-kinderbuch-deutsch-russisch-mit-audio-cd","status":"publish","type":"product","link":"https:\/\/exlibris.ee\/ru\/produkt\/neulich-am-sudpol-kinderbuch-deutsch-russisch-mit-audio-cd\/","title":{"rendered":"Neulich am S\u00fcdpol \/ Kinderbuch Deutsch-Russisch mit Audio-CD"},"content":{"rendered":"<p>Zielgruppe: Kinder ab 4 Jahren. Eines Morgens h\u00f6rt Herr Fr\u00fch eine g\u00e4hnend langweilige Geschichte im Radio. Wer h\u00e4tte gedacht, was das f\u00fcr Folgen hat \u2026 Eine spannende, clevere Erz\u00e4hlung zum Wachwerden!. Die zweisprachige Erz\u00e4hlung wird von gro\u00dfen Illustrationen in Retro-Farben begleitet. Auf der mitgelieferten Audio-CD wird die Geschichte in acht Sprachen von Muttersprachlern vorgelesen.<\/p>\n","protected":false},"excerpt":{"rendered":"<p>Zielgruppe: Kinder ab 4 Jahren. Eines Morgens h\u00f6rt Herr Fr\u00fch eine g\u00e4hnend langweilige Geschichte im Radio. Wer h\u00e4tte gedacht, was das f\u00fcr Folgen hat \u2026 Eine spannende, clevere Erz\u00e4hlung zum Wachwerden!. Die zweisprachige Erz\u00e4hlung wird von gro\u00dfen Illustrationen in Retro-Farben&#8230;<\/p>\n","protected":false},"featured_media":746709,"template":"","meta":{"_acf_changed":false,"inline_featured_image":false},"product_brand":[],"product_cat":[851],"product_tag":[],"series":[],"publisher":[{"id":1305,"name":"Edition bi:libri","slug":"edition-bilibri"}],"class_list":{"0":"post-109556","1":"product","2":"type-product","3":"status-publish","4":"has-post-thumbnail","6":"product_cat-lesetexte-deutsch","7":"publisher-edition-bilibri","9":"first","10":"onbackorder","11":"taxable","12":"shipping-taxable","13":"purchasable","14":"product-type-simple"},"acf":[],"_links":{"self":[{"href":"https:\/\/exlibris.ee\/ru\/wp-json\/wp\/v2\/product\/109556","targetHints":{"allow":["GET"]}}],"collection":[{"href":"https:\/\/exlibris.ee\/ru\/wp-json\/wp\/v2\/product"}],"about":[{"href":"https:\/\/exlibris.ee\/ru\/wp-json\/wp\/v2\/types\/product"}],"wp:featuredmedia":[{"embeddable":true,"href":"https:\/\/exlibris.ee\/ru\/wp-json\/wp\/v2\/media\/746709"}],"wp:attachment":[{"href":"https:\/\/exlibris.ee\/ru\/wp-json\/wp\/v2\/media?parent=109556"}],"wp:term":[{"taxonomy":"product_brand","embeddable":true,"href":"https:\/\/exlibris.ee\/ru\/wp-json\/wp\/v2\/product_brand?post=109556"},{"taxonomy":"product_cat","embeddable":true,"href":"https:\/\/exlibris.ee\/ru\/wp-json\/wp\/v2\/product_cat?post=109556"},{"taxonomy":"product_tag","embeddable":true,"href":"https:\/\/exlibris.ee\/ru\/wp-json\/wp\/v2\/product_tag?post=109556"},{"taxonomy":"series","embeddable":true,"href":"https:\/\/exlibris.ee\/ru\/wp-json\/wp\/v2\/series?post=109556"},{"taxonomy":"publisher","embeddable":true,"href":"https:\/\/exlibris.ee\/ru\/wp-json\/wp\/v2\/publisher?post=109556"}],"curies":[{"name":"wp","href":"https:\/\/api.w.org\/{rel}","templated":true}]}}