{"id":109560,"date":"2024-02-08T06:44:18","date_gmt":"2024-02-08T04:44:18","guid":{"rendered":"https:\/\/exlibris.ee\/toode\/kikus-deutsch-die-kikus-methode-ein-leitfaden-mit-multilingualer-sprach-lern-software-lehrerhandbuch-plus-kikus-interaktiv\/"},"modified":"2026-04-20T09:45:20","modified_gmt":"2026-04-20T06:45:20","slug":"kikus-deutsch-die-kikus-methode-ein-leitfaden-mit-multilingualer-sprach-lern-software-lehrerhandbuch-plus-kikus-interaktiv","status":"publish","type":"product","link":"https:\/\/exlibris.ee\/ru\/produkt\/kikus-deutsch-die-kikus-methode-ein-leitfaden-mit-multilingualer-sprach-lern-software-lehrerhandbuch-plus-kikus-interaktiv\/","title":{"rendered":"KIKUS Deutsch \/ Die Kikus-Methode. Ein Leitfaden mit Multilingualer Sprach-Lern-Software \/ Lehrerhandbuch plus KIKUS interaktiv"},"content":{"rendered":"<p>Der Leitfaden enth\u00e4lt. &#8212; eine praxisorientierte Einf\u00fchrung in die KIKUS-Methode. &#8212; detaillierte Hinweise zur Arbeit mit den KIKUS Lehr- und Lernmaterialien. &#8212; Vorschl\u00e4ge zur Planung und Durchf\u00fchrung einzelner F\u00f6rdereinheiten. &#8212; Hintergrundwissen zur Sprachf\u00f6rderung Deutsch als Zweitsprache und Deutsch als Fremdsprache. &#8212; n\u00fctzliche Kopiervorlagen im Anhang. &#8212; einen Code f\u00fcr eine einj\u00e4hrige Einzellizenz von KIKUS interaktiv: KIKUS interaktiv ist eine multilinguale Sprach-Lern-Software f\u00fcr Windows, die auf den KIKUS Bildkarten basiert. Sie kann im Klassenzimmer, zu Hause und an jedem anderen Ort erg\u00e4nzend eingesetzt werden.<\/p>\n","protected":false},"excerpt":{"rendered":"<p>Der Leitfaden enth\u00e4lt. &#8212; eine praxisorientierte Einf\u00fchrung in die KIKUS-Methode. &#8212; detaillierte Hinweise zur Arbeit mit den KIKUS Lehr- und Lernmaterialien. &#8212; Vorschl\u00e4ge zur Planung und Durchf\u00fchrung einzelner F\u00f6rdereinheiten. &#8212; Hintergrundwissen zur Sprachf\u00f6rderung Deutsch als Zweitsprache und Deutsch als Fremdsprache&#8230;.<\/p>\n","protected":false},"featured_media":372799,"template":"","meta":{"_acf_changed":false,"inline_featured_image":false},"product_brand":[],"product_cat":[471],"product_tag":[],"series":[{"id":575,"name":"Kikus","slug":"kikus"}],"publisher":[{"id":497,"name":"Hueber Verlag","slug":"hueber-verlag"}],"class_list":{"0":"post-109560","1":"product","2":"type-product","3":"status-publish","4":"has-post-thumbnail","6":"product_cat-lehrwerke-fur-kinder","7":"series-kikus","8":"publisher-hueber-verlag","10":"first","11":"onbackorder","12":"taxable","13":"shipping-taxable","14":"purchasable","15":"product-type-simple"},"acf":[],"_links":{"self":[{"href":"https:\/\/exlibris.ee\/ru\/wp-json\/wp\/v2\/product\/109560","targetHints":{"allow":["GET"]}}],"collection":[{"href":"https:\/\/exlibris.ee\/ru\/wp-json\/wp\/v2\/product"}],"about":[{"href":"https:\/\/exlibris.ee\/ru\/wp-json\/wp\/v2\/types\/product"}],"wp:featuredmedia":[{"embeddable":true,"href":"https:\/\/exlibris.ee\/ru\/wp-json\/wp\/v2\/media\/372799"}],"wp:attachment":[{"href":"https:\/\/exlibris.ee\/ru\/wp-json\/wp\/v2\/media?parent=109560"}],"wp:term":[{"taxonomy":"product_brand","embeddable":true,"href":"https:\/\/exlibris.ee\/ru\/wp-json\/wp\/v2\/product_brand?post=109560"},{"taxonomy":"product_cat","embeddable":true,"href":"https:\/\/exlibris.ee\/ru\/wp-json\/wp\/v2\/product_cat?post=109560"},{"taxonomy":"product_tag","embeddable":true,"href":"https:\/\/exlibris.ee\/ru\/wp-json\/wp\/v2\/product_tag?post=109560"},{"taxonomy":"series","embeddable":true,"href":"https:\/\/exlibris.ee\/ru\/wp-json\/wp\/v2\/series?post=109560"},{"taxonomy":"publisher","embeddable":true,"href":"https:\/\/exlibris.ee\/ru\/wp-json\/wp\/v2\/publisher?post=109560"}],"curies":[{"name":"wp","href":"https:\/\/api.w.org\/{rel}","templated":true}]}}