{"id":109562,"date":"2024-02-08T06:44:19","date_gmt":"2024-02-08T04:44:19","guid":{"rendered":"https:\/\/exlibris.ee\/toode\/projekt-b1-neu-10-modelltests-zur-vorbereitung-auf-das-zertifikat-b1-goethe-institut-und-osd-ubungsbuch-mit-audios-online\/"},"modified":"2026-04-21T10:03:58","modified_gmt":"2026-04-21T07:03:58","slug":"projekt-b1-neu-10-modelltests-zur-vorbereitung-auf-das-zertifikat-b1-goethe-institut-und-osd-ubungsbuch-mit-audios-online","status":"publish","type":"product","link":"https:\/\/exlibris.ee\/ru\/produkt\/projekt-b1-neu-10-modelltests-zur-vorbereitung-auf-das-zertifikat-b1-goethe-institut-und-osd-ubungsbuch-mit-audios-online\/","title":{"rendered":"Projekt B1 neu \/ 10 Modelltests zur Vorbereitung auf das Zertifikat B1 (Goethe-Institut und \u00d6SD) \/ \u00dcbungsbuch mit Audios online"},"content":{"rendered":"<p>Projekt B1 neu ist ein Trainingsprogramm f\u00fcr jugendliche und erwachsene Lernende, die sich auf das Zertifikat B1 vorbereiten wollen. Texte und Aufgaben weisen eine ansteigende Progression auf und k\u00f6nnen jedes B1-Lehrwerk begleiten.. Das \u00dcbungsbuch enth\u00e4lt 10 komplette Modelltests in ansteigender Progression zu allen Modulen: Lesen, H\u00f6ren, Schreiben und Sprechen. In der Einleitung werden alle Pr\u00fcfungsaufgaben detailliert beschrieben sowie Tipps und Strategien vermittelt und ge\u00fcbt. Au\u00dferdem bietet die Einleitung n\u00fctzliche Redemittel f\u00fcr die Module Schreiben und Sprechen.. Alle Audio-Dateien stehen als kostenloser MP3-Download zur Verf\u00fcgung.<\/p>\n","protected":false},"excerpt":{"rendered":"<p>Projekt B1 neu ist ein Trainingsprogramm f\u00fcr jugendliche und erwachsene Lernende, die sich auf das Zertifikat B1 vorbereiten wollen. Texte und Aufgaben weisen eine ansteigende Progression auf und k\u00f6nnen jedes B1-Lehrwerk begleiten.. Das \u00dcbungsbuch enth\u00e4lt 10 komplette Modelltests in ansteigender&#8230;<\/p>\n","protected":false},"featured_media":390249,"template":"","meta":{"_acf_changed":false,"inline_featured_image":false},"product_brand":[],"product_cat":[507],"product_tag":[],"series":[{"id":2127,"name":"Projekt B1 neu","slug":"projekt-b1-neu"}],"publisher":[{"id":1297,"name":"Karabatos Verlag","slug":"karabatos-verlag"}],"class_list":{"0":"post-109562","1":"product","2":"type-product","3":"status-publish","4":"has-post-thumbnail","6":"product_cat-prufungsvorbereitung","7":"series-projekt-b1-neu","8":"publisher-karabatos-verlag","10":"first","11":"onbackorder","12":"taxable","13":"shipping-taxable","14":"purchasable","15":"product-type-simple"},"acf":[],"_links":{"self":[{"href":"https:\/\/exlibris.ee\/ru\/wp-json\/wp\/v2\/product\/109562","targetHints":{"allow":["GET"]}}],"collection":[{"href":"https:\/\/exlibris.ee\/ru\/wp-json\/wp\/v2\/product"}],"about":[{"href":"https:\/\/exlibris.ee\/ru\/wp-json\/wp\/v2\/types\/product"}],"wp:featuredmedia":[{"embeddable":true,"href":"https:\/\/exlibris.ee\/ru\/wp-json\/wp\/v2\/media\/390249"}],"wp:attachment":[{"href":"https:\/\/exlibris.ee\/ru\/wp-json\/wp\/v2\/media?parent=109562"}],"wp:term":[{"taxonomy":"product_brand","embeddable":true,"href":"https:\/\/exlibris.ee\/ru\/wp-json\/wp\/v2\/product_brand?post=109562"},{"taxonomy":"product_cat","embeddable":true,"href":"https:\/\/exlibris.ee\/ru\/wp-json\/wp\/v2\/product_cat?post=109562"},{"taxonomy":"product_tag","embeddable":true,"href":"https:\/\/exlibris.ee\/ru\/wp-json\/wp\/v2\/product_tag?post=109562"},{"taxonomy":"series","embeddable":true,"href":"https:\/\/exlibris.ee\/ru\/wp-json\/wp\/v2\/series?post=109562"},{"taxonomy":"publisher","embeddable":true,"href":"https:\/\/exlibris.ee\/ru\/wp-json\/wp\/v2\/publisher?post=109562"}],"curies":[{"name":"wp","href":"https:\/\/api.w.org\/{rel}","templated":true}]}}