{"id":109575,"date":"2024-02-08T06:44:22","date_gmt":"2024-02-08T04:44:22","guid":{"rendered":"https:\/\/exlibris.ee\/toode\/und-jetzt-sehen-mich-alle-materialien-und-kopiervorlagen-zur-klassenlekture-light-x-light\/"},"modified":"2026-04-04T03:23:05","modified_gmt":"2026-04-04T00:23:05","slug":"und-jetzt-sehen-mich-alle-materialien-und-kopiervorlagen-zur-klassenlekture-light-x-light","status":"publish","type":"product","link":"https:\/\/exlibris.ee\/ru\/produkt\/und-jetzt-sehen-mich-alle-materialien-und-kopiervorlagen-zur-klassenlekture-light-x-light\/","title":{"rendered":"&#8230; und jetzt sehen mich alle! \/ Materialien und Kopiervorlagen zur Klassenlekt\u00fcre light\/x-light"},"content":{"rendered":"<p>Das Material vertieft das Textverst\u00e4ndnis und die Auseinandersetzung mit den wichtigsten Themen der Lekt\u00fcre: Cybermobbing, Sicherheit im Internet, soziale Netzwerke und Freundschaft. Die Kopiervorlagen bieten dar\u00fcber hinaus abwechslungsreiche Arbeitsauftr\u00e4ge zur Spracharbeit (z.B. Redewendungen, Konjunktionen, Begr\u00fcndungen formulieren, Stilmittel) und zur Rechtschreibung. Zahlreiche Gespr\u00e4chs- und Schreibanl\u00e4sse regen dazu an, \u00fcber das eigene Medienverhalten und einen fairen Umgang im Netz nachzudenken.. Das Begleitmaterial ist sowohl f\u00fcr die Ausgabe \u201elight\u201c als auch f\u00fcr die parallel lesbare Variante \u201eextra light\u201c verwendbar.<\/p>\n","protected":false},"excerpt":{"rendered":"<p>Das Material vertieft das Textverst\u00e4ndnis und die Auseinandersetzung mit den wichtigsten Themen der Lekt\u00fcre: Cybermobbing, Sicherheit im Internet, soziale Netzwerke und Freundschaft. Die Kopiervorlagen bieten dar\u00fcber hinaus abwechslungsreiche Arbeitsauftr\u00e4ge zur Spracharbeit (z.B. Redewendungen, Konjunktionen, Begr\u00fcndungen formulieren, Stilmittel) und zur Rechtschreibung&#8230;.<\/p>\n","protected":false},"featured_media":109532,"template":"","meta":{"_acf_changed":false,"inline_featured_image":false},"product_brand":[],"product_cat":[851],"product_tag":[],"series":[{"id":2130,"name":"... und jetzt sehen mich alle!","slug":"und-jetzt-sehen-mich-alle"}],"publisher":[{"id":2104,"name":"Hase und Igel Verlag","slug":"hase-und-igel-verlag"}],"class_list":{"0":"post-109575","1":"product","2":"type-product","3":"status-publish","4":"has-post-thumbnail","6":"product_cat-lesetexte-deutsch","7":"series-und-jetzt-sehen-mich-alle","8":"publisher-hase-und-igel-verlag","10":"first","11":"onbackorder","12":"taxable","13":"shipping-taxable","14":"purchasable","15":"product-type-simple"},"acf":[],"_links":{"self":[{"href":"https:\/\/exlibris.ee\/ru\/wp-json\/wp\/v2\/product\/109575","targetHints":{"allow":["GET"]}}],"collection":[{"href":"https:\/\/exlibris.ee\/ru\/wp-json\/wp\/v2\/product"}],"about":[{"href":"https:\/\/exlibris.ee\/ru\/wp-json\/wp\/v2\/types\/product"}],"wp:featuredmedia":[{"embeddable":true,"href":"https:\/\/exlibris.ee\/ru\/wp-json\/wp\/v2\/media\/109532"}],"wp:attachment":[{"href":"https:\/\/exlibris.ee\/ru\/wp-json\/wp\/v2\/media?parent=109575"}],"wp:term":[{"taxonomy":"product_brand","embeddable":true,"href":"https:\/\/exlibris.ee\/ru\/wp-json\/wp\/v2\/product_brand?post=109575"},{"taxonomy":"product_cat","embeddable":true,"href":"https:\/\/exlibris.ee\/ru\/wp-json\/wp\/v2\/product_cat?post=109575"},{"taxonomy":"product_tag","embeddable":true,"href":"https:\/\/exlibris.ee\/ru\/wp-json\/wp\/v2\/product_tag?post=109575"},{"taxonomy":"series","embeddable":true,"href":"https:\/\/exlibris.ee\/ru\/wp-json\/wp\/v2\/series?post=109575"},{"taxonomy":"publisher","embeddable":true,"href":"https:\/\/exlibris.ee\/ru\/wp-json\/wp\/v2\/publisher?post=109575"}],"curies":[{"name":"wp","href":"https:\/\/api.w.org\/{rel}","templated":true}]}}