{"id":109578,"date":"2024-02-08T06:44:23","date_gmt":"2024-02-08T04:44:23","guid":{"rendered":"https:\/\/exlibris.ee\/toode\/grammatikland-a1-lehrerbuch\/"},"modified":"2026-04-10T03:31:44","modified_gmt":"2026-04-10T00:31:44","slug":"grammatikland-a1-lehrerbuch","status":"publish","type":"product","link":"https:\/\/exlibris.ee\/ru\/produkt\/grammatikland-a1-lehrerbuch\/","title":{"rendered":"Grammatikland A1 \/ Lehrerbuch"},"content":{"rendered":"<p>Das Lehrerbuch enth\u00e4lt das gesamte Sch\u00fclerbuch mit den L\u00f6sungen aller \u00dcbungen in Rot eingetragen sowie die Transkriptionen der m\u00fcndlichen Grammatik\u00fcbungen.<\/p>\n","protected":false},"excerpt":{"rendered":"<p>Das Lehrerbuch enth\u00e4lt das gesamte Sch\u00fclerbuch mit den L\u00f6sungen aller \u00dcbungen in Rot eingetragen sowie die Transkriptionen der m\u00fcndlichen Grammatik\u00fcbungen.<\/p>\n","protected":false},"featured_media":109535,"template":"","meta":{"_acf_changed":false,"inline_featured_image":false},"product_brand":[],"product_cat":[480],"product_tag":[],"series":[{"id":2131,"name":"Grammatikland","slug":"grammatikland"}],"publisher":[{"id":1297,"name":"Karabatos Verlag","slug":"karabatos-verlag"}],"class_list":{"0":"post-109578","1":"product","2":"type-product","3":"status-publish","4":"has-post-thumbnail","6":"product_cat-grammatiken","7":"series-grammatikland","8":"publisher-karabatos-verlag","10":"first","11":"onbackorder","12":"taxable","13":"shipping-taxable","14":"purchasable","15":"product-type-simple"},"acf":[],"_links":{"self":[{"href":"https:\/\/exlibris.ee\/ru\/wp-json\/wp\/v2\/product\/109578","targetHints":{"allow":["GET"]}}],"collection":[{"href":"https:\/\/exlibris.ee\/ru\/wp-json\/wp\/v2\/product"}],"about":[{"href":"https:\/\/exlibris.ee\/ru\/wp-json\/wp\/v2\/types\/product"}],"wp:featuredmedia":[{"embeddable":true,"href":"https:\/\/exlibris.ee\/ru\/wp-json\/wp\/v2\/media\/109535"}],"wp:attachment":[{"href":"https:\/\/exlibris.ee\/ru\/wp-json\/wp\/v2\/media?parent=109578"}],"wp:term":[{"taxonomy":"product_brand","embeddable":true,"href":"https:\/\/exlibris.ee\/ru\/wp-json\/wp\/v2\/product_brand?post=109578"},{"taxonomy":"product_cat","embeddable":true,"href":"https:\/\/exlibris.ee\/ru\/wp-json\/wp\/v2\/product_cat?post=109578"},{"taxonomy":"product_tag","embeddable":true,"href":"https:\/\/exlibris.ee\/ru\/wp-json\/wp\/v2\/product_tag?post=109578"},{"taxonomy":"series","embeddable":true,"href":"https:\/\/exlibris.ee\/ru\/wp-json\/wp\/v2\/series?post=109578"},{"taxonomy":"publisher","embeddable":true,"href":"https:\/\/exlibris.ee\/ru\/wp-json\/wp\/v2\/publisher?post=109578"}],"curies":[{"name":"wp","href":"https:\/\/api.w.org\/{rel}","templated":true}]}}