{"id":109580,"date":"2024-02-08T06:44:24","date_gmt":"2024-02-08T04:44:24","guid":{"rendered":"https:\/\/exlibris.ee\/toode\/lucky-loser-lekture-fur-jugendliche-light\/"},"modified":"2026-05-02T13:31:11","modified_gmt":"2026-05-02T10:31:11","slug":"lucky-loser-lekture-fur-jugendliche-light","status":"publish","type":"product","link":"https:\/\/exlibris.ee\/ru\/produkt\/lucky-loser-lekture-fur-jugendliche-light\/","title":{"rendered":"Lucky Loser \/ Lekt\u00fcre f\u00fcr Jugendliche \/ light"},"content":{"rendered":"<p>Vielen Jugendlichen scheint es manchmal, als habe sich alles gegen sie verschworen: Schulisch ist der Wurm drin, Streit mit den Eltern, Liebeskummer \u2013 und dann ger\u00e4t man vielleicht noch mit dem Gesetz in Konflikt. Zu all diesen Herausforderungen gesellen sich die sozialen Medien mit ihren vielf\u00e4ltigen M\u00f6glichkeiten, einem Tiefschl\u00e4ge in die Seele zu verpassen.. Genau so ergeht es dem 15-j\u00e4hrigen Lukas Loser. Nicht genug damit, dass er zu Sozialstunden im Altenheim verdonnert wurde. An seinem ersten Arbeitstag blockiert ihn auch noch seine Freundin bei WhatsApp. Warum nur? Und wie kann Lucky trotz \u201eKontaktabbruch\u201c f\u00fcr Klarheit sorgen? Ausgerechnet ein alter Mann mit dunkler Vergangenheit ist es dann, der wieder Licht in Luckys Leben bringt \u2026. In einfacher, jugendgem\u00e4\u00dfer Sprache erz\u00e4hlt Heidemarie Brosche eine spannende Geschichte voller Situationskomik, in der auch nachdenkliche Momente nicht zu kurz kommen.<\/p>\n","protected":false},"excerpt":{"rendered":"<p>Vielen Jugendlichen scheint es manchmal, als habe sich alles gegen sie verschworen: Schulisch ist der Wurm drin, Streit mit den Eltern, Liebeskummer \u2013 und dann ger\u00e4t man vielleicht noch mit dem Gesetz in Konflikt. Zu all diesen Herausforderungen gesellen sich&#8230;<\/p>\n","protected":false},"featured_media":609156,"template":"","meta":{"_acf_changed":false,"inline_featured_image":false},"product_brand":[],"product_cat":[851],"product_tag":[],"series":[{"id":2133,"name":"Lucky Loser","slug":"lucky-loser"}],"publisher":[{"id":2104,"name":"Hase und Igel Verlag","slug":"hase-und-igel-verlag"}],"class_list":{"0":"post-109580","1":"product","2":"type-product","3":"status-publish","4":"has-post-thumbnail","6":"product_cat-lesetexte-deutsch","7":"series-lucky-loser","8":"publisher-hase-und-igel-verlag","10":"first","11":"onbackorder","12":"taxable","13":"shipping-taxable","14":"purchasable","15":"product-type-simple"},"acf":[],"_links":{"self":[{"href":"https:\/\/exlibris.ee\/ru\/wp-json\/wp\/v2\/product\/109580","targetHints":{"allow":["GET"]}}],"collection":[{"href":"https:\/\/exlibris.ee\/ru\/wp-json\/wp\/v2\/product"}],"about":[{"href":"https:\/\/exlibris.ee\/ru\/wp-json\/wp\/v2\/types\/product"}],"wp:featuredmedia":[{"embeddable":true,"href":"https:\/\/exlibris.ee\/ru\/wp-json\/wp\/v2\/media\/609156"}],"wp:attachment":[{"href":"https:\/\/exlibris.ee\/ru\/wp-json\/wp\/v2\/media?parent=109580"}],"wp:term":[{"taxonomy":"product_brand","embeddable":true,"href":"https:\/\/exlibris.ee\/ru\/wp-json\/wp\/v2\/product_brand?post=109580"},{"taxonomy":"product_cat","embeddable":true,"href":"https:\/\/exlibris.ee\/ru\/wp-json\/wp\/v2\/product_cat?post=109580"},{"taxonomy":"product_tag","embeddable":true,"href":"https:\/\/exlibris.ee\/ru\/wp-json\/wp\/v2\/product_tag?post=109580"},{"taxonomy":"series","embeddable":true,"href":"https:\/\/exlibris.ee\/ru\/wp-json\/wp\/v2\/series?post=109580"},{"taxonomy":"publisher","embeddable":true,"href":"https:\/\/exlibris.ee\/ru\/wp-json\/wp\/v2\/publisher?post=109580"}],"curies":[{"name":"wp","href":"https:\/\/api.w.org\/{rel}","templated":true}]}}