{"id":109583,"date":"2024-02-08T06:44:24","date_gmt":"2024-02-08T04:44:24","guid":{"rendered":"https:\/\/exlibris.ee\/toode\/projekt-c1-neu-10-modelltests-zur-vorbereitung-auf-das-goethe-zertifikat-c1-ubungsbuch-mit-audios-online\/"},"modified":"2026-04-24T01:57:44","modified_gmt":"2026-04-23T22:57:44","slug":"projekt-c1-neu-10-modelltests-zur-vorbereitung-auf-das-goethe-zertifikat-c1-ubungsbuch-mit-audios-online","status":"publish","type":"product","link":"https:\/\/exlibris.ee\/ru\/produkt\/projekt-c1-neu-10-modelltests-zur-vorbereitung-auf-das-goethe-zertifikat-c1-ubungsbuch-mit-audios-online\/","title":{"rendered":"Projekt C1 neu \/ 10 Modelltests zur Vorbereitung auf das Goethe-Zertifikat C1 \/ \u00dcbungsbuch mit Audios online"},"content":{"rendered":"<p>Projekt C1 neu ist ein Trainingsprogramm f\u00fcr jugendliche und erwachsene Lernende, die sich auf das neue modulare Goethe-Zertifikat C1 (ab Januar 2024) vorbereiten wollen. Texte und Aufgaben weisen eine ansteigende Progression auf und k\u00f6nnen jedes C1-Lehrwerk begleiten.. Das \u00dcbungsbuch enth\u00e4lt 10 komplette Modelltests zu allen Modulen: Lesen, H\u00f6ren, Schreiben und Sprechen. Au\u00dferdem bietet es eine \u00dcbersicht \u00fcber den Aufbau der Pr\u00fcfung, den vorgegebenen Zeitrahmen und die Bewertung der einzelnen Pr\u00fcfungsteile. Im Anhang gibt es auch Antwortb\u00f6gen als Kopiervorlage.. Alle Audio-Dateien stehen als kostenloser MP3-Download zur Verf\u00fcgung.<\/p>\n","protected":false},"excerpt":{"rendered":"<p>Projekt C1 neu ist ein Trainingsprogramm f\u00fcr jugendliche und erwachsene Lernende, die sich auf das neue modulare Goethe-Zertifikat C1 (ab Januar 2024) vorbereiten wollen. Texte und Aufgaben weisen eine ansteigende Progression auf und k\u00f6nnen jedes C1-Lehrwerk begleiten.. Das \u00dcbungsbuch enth\u00e4lt&#8230;<\/p>\n","protected":false},"featured_media":440491,"template":"","meta":{"_acf_changed":false,"inline_featured_image":false},"product_brand":[],"product_cat":[507],"product_tag":[],"series":[{"id":2134,"name":"Projekt C1 neu","slug":"projekt-c1-neu"}],"publisher":[{"id":1297,"name":"Karabatos Verlag","slug":"karabatos-verlag"}],"class_list":{"0":"post-109583","1":"product","2":"type-product","3":"status-publish","4":"has-post-thumbnail","6":"product_cat-prufungsvorbereitung","7":"series-projekt-c1-neu","8":"publisher-karabatos-verlag","10":"first","11":"onbackorder","12":"taxable","13":"shipping-taxable","14":"purchasable","15":"product-type-simple"},"acf":[],"_links":{"self":[{"href":"https:\/\/exlibris.ee\/ru\/wp-json\/wp\/v2\/product\/109583","targetHints":{"allow":["GET"]}}],"collection":[{"href":"https:\/\/exlibris.ee\/ru\/wp-json\/wp\/v2\/product"}],"about":[{"href":"https:\/\/exlibris.ee\/ru\/wp-json\/wp\/v2\/types\/product"}],"wp:featuredmedia":[{"embeddable":true,"href":"https:\/\/exlibris.ee\/ru\/wp-json\/wp\/v2\/media\/440491"}],"wp:attachment":[{"href":"https:\/\/exlibris.ee\/ru\/wp-json\/wp\/v2\/media?parent=109583"}],"wp:term":[{"taxonomy":"product_brand","embeddable":true,"href":"https:\/\/exlibris.ee\/ru\/wp-json\/wp\/v2\/product_brand?post=109583"},{"taxonomy":"product_cat","embeddable":true,"href":"https:\/\/exlibris.ee\/ru\/wp-json\/wp\/v2\/product_cat?post=109583"},{"taxonomy":"product_tag","embeddable":true,"href":"https:\/\/exlibris.ee\/ru\/wp-json\/wp\/v2\/product_tag?post=109583"},{"taxonomy":"series","embeddable":true,"href":"https:\/\/exlibris.ee\/ru\/wp-json\/wp\/v2\/series?post=109583"},{"taxonomy":"publisher","embeddable":true,"href":"https:\/\/exlibris.ee\/ru\/wp-json\/wp\/v2\/publisher?post=109583"}],"curies":[{"name":"wp","href":"https:\/\/api.w.org\/{rel}","templated":true}]}}