{"id":109674,"date":"2024-02-08T06:46:36","date_gmt":"2024-02-08T04:46:36","guid":{"rendered":"https:\/\/exlibris.ee\/toode\/im-berufssprachkurs-a2-kurs-und-arbeitsbuch-plus-interaktive-version\/"},"modified":"2026-04-17T17:29:57","modified_gmt":"2026-04-17T14:29:57","slug":"im-berufssprachkurs-a2-kurs-und-arbeitsbuch-plus-interaktive-version","status":"publish","type":"product","link":"https:\/\/exlibris.ee\/ru\/produkt\/im-berufssprachkurs-a2-kurs-und-arbeitsbuch-plus-interaktive-version\/","title":{"rendered":"Im Berufssprachkurs A2 \/ Kurs- und Arbeitsbuch plus interaktive Version"},"content":{"rendered":"<p>Kurs- und Arbeitsbuch inklusive Code zur interaktiven Version. Im Berufssprachkurs ist ein berufssprachliches Lehrwerk f\u00fcr Deutsch als Zweitsprache.. Zielgruppe: Erwachsene und Jugendliche ab 16 Jahren in Deutschland, die aus beruflichen Gr\u00fcnden Deutsch lernen. Die berufsbezogenen Handlungsfelder folgen dem Lernzielkatalog des BAMF und sind berufs\u00fcbergreifend angelegt.. Die Lernenden werden mit typischen beruflichen Situationen vertraut gemacht und bekommen die daf\u00fcr n\u00f6tigen sprachlichen Mittel an die Hand.. Durch die Integration von Pr\u00fcfungsformaten in den Lektionsablauf und eine Abschlusslektion mit einem Modelltest werden die Lernenden gezielt auf den Deutsch-Test f\u00fcr den Beruf vorbereitet.. Damit ist das Lehrwerk passgenau auf Lernende in Berufssprachkursen des BAMF zugeschnitten.<\/p>\n","protected":false},"excerpt":{"rendered":"<p>Kurs- und Arbeitsbuch inklusive Code zur interaktiven Version. Im Berufssprachkurs ist ein berufssprachliches Lehrwerk f\u00fcr Deutsch als Zweitsprache.. Zielgruppe: Erwachsene und Jugendliche ab 16 Jahren in Deutschland, die aus beruflichen Gr\u00fcnden Deutsch lernen. Die berufsbezogenen Handlungsfelder folgen dem Lernzielkatalog des&#8230;<\/p>\n","protected":false},"featured_media":321532,"template":"","meta":{"_acf_changed":false,"inline_featured_image":false},"product_brand":[],"product_cat":[885],"product_tag":[],"series":[{"id":1185,"name":"Im Berufssprachkurs","slug":"im-berufssprachkurs"}],"publisher":[{"id":497,"name":"Hueber Verlag","slug":"hueber-verlag"}],"class_list":{"0":"post-109674","1":"product","2":"type-product","3":"status-publish","4":"has-post-thumbnail","6":"product_cat-berufssprache","7":"series-im-berufssprachkurs","8":"publisher-hueber-verlag","10":"first","11":"onbackorder","12":"taxable","13":"shipping-taxable","14":"purchasable","15":"product-type-simple"},"acf":[],"_links":{"self":[{"href":"https:\/\/exlibris.ee\/ru\/wp-json\/wp\/v2\/product\/109674","targetHints":{"allow":["GET"]}}],"collection":[{"href":"https:\/\/exlibris.ee\/ru\/wp-json\/wp\/v2\/product"}],"about":[{"href":"https:\/\/exlibris.ee\/ru\/wp-json\/wp\/v2\/types\/product"}],"wp:featuredmedia":[{"embeddable":true,"href":"https:\/\/exlibris.ee\/ru\/wp-json\/wp\/v2\/media\/321532"}],"wp:attachment":[{"href":"https:\/\/exlibris.ee\/ru\/wp-json\/wp\/v2\/media?parent=109674"}],"wp:term":[{"taxonomy":"product_brand","embeddable":true,"href":"https:\/\/exlibris.ee\/ru\/wp-json\/wp\/v2\/product_brand?post=109674"},{"taxonomy":"product_cat","embeddable":true,"href":"https:\/\/exlibris.ee\/ru\/wp-json\/wp\/v2\/product_cat?post=109674"},{"taxonomy":"product_tag","embeddable":true,"href":"https:\/\/exlibris.ee\/ru\/wp-json\/wp\/v2\/product_tag?post=109674"},{"taxonomy":"series","embeddable":true,"href":"https:\/\/exlibris.ee\/ru\/wp-json\/wp\/v2\/series?post=109674"},{"taxonomy":"publisher","embeddable":true,"href":"https:\/\/exlibris.ee\/ru\/wp-json\/wp\/v2\/publisher?post=109674"}],"curies":[{"name":"wp","href":"https:\/\/api.w.org\/{rel}","templated":true}]}}