{"id":109677,"date":"2024-02-08T06:46:36","date_gmt":"2024-02-08T04:46:36","guid":{"rendered":"https:\/\/exlibris.ee\/toode\/lucky-loser-materialien-und-kopiervorlagen-zur-klassenlekture-light-x-light\/"},"modified":"2026-05-02T13:31:12","modified_gmt":"2026-05-02T10:31:12","slug":"lucky-loser-materialien-und-kopiervorlagen-zur-klassenlekture-light-x-light","status":"publish","type":"product","link":"https:\/\/exlibris.ee\/ru\/produkt\/lucky-loser-materialien-und-kopiervorlagen-zur-klassenlekture-light-x-light\/","title":{"rendered":"Lucky Loser \/ Materialien und Kopiervorlagen zur Klassenlekt\u00fcre light\/x-light"},"content":{"rendered":"<p>Die Arbeitsbl\u00e4tter bieten den Jugendlichen Identifikationsm\u00f6glichkeiten, f\u00f6rdern ihre Empathief\u00e4higkeit, vermitteln Hintergrundinfos, gehen auf sprachliche Besonderheiten ein und regen dazu an, sich kreativ mit dem Buch auseinanderzusetzen. Abgerundet wird das Material durch einen Brief der Autorin zur Entstehungsgeschichte von \u201eLucky Loser\u201c.. Das Begleitmaterial l\u00e4sst sich zu beiden Varianten der Lekt\u00fcre im Unterricht einsetzen<\/p>\n","protected":false},"excerpt":{"rendered":"<p>Die Arbeitsbl\u00e4tter bieten den Jugendlichen Identifikationsm\u00f6glichkeiten, f\u00f6rdern ihre Empathief\u00e4higkeit, vermitteln Hintergrundinfos, gehen auf sprachliche Besonderheiten ein und regen dazu an, sich kreativ mit dem Buch auseinanderzusetzen. Abgerundet wird das Material durch einen Brief der Autorin zur Entstehungsgeschichte von \u201eLucky Loser\u201c&#8230;..<\/p>\n","protected":false},"featured_media":609168,"template":"","meta":{"_acf_changed":false,"inline_featured_image":false},"product_brand":[],"product_cat":[851],"product_tag":[],"series":[{"id":2133,"name":"Lucky Loser","slug":"lucky-loser"}],"publisher":[{"id":2104,"name":"Hase und Igel Verlag","slug":"hase-und-igel-verlag"}],"class_list":{"0":"post-109677","1":"product","2":"type-product","3":"status-publish","4":"has-post-thumbnail","6":"product_cat-lesetexte-deutsch","7":"series-lucky-loser","8":"publisher-hase-und-igel-verlag","10":"first","11":"onbackorder","12":"taxable","13":"shipping-taxable","14":"purchasable","15":"product-type-simple"},"acf":[],"_links":{"self":[{"href":"https:\/\/exlibris.ee\/ru\/wp-json\/wp\/v2\/product\/109677","targetHints":{"allow":["GET"]}}],"collection":[{"href":"https:\/\/exlibris.ee\/ru\/wp-json\/wp\/v2\/product"}],"about":[{"href":"https:\/\/exlibris.ee\/ru\/wp-json\/wp\/v2\/types\/product"}],"wp:featuredmedia":[{"embeddable":true,"href":"https:\/\/exlibris.ee\/ru\/wp-json\/wp\/v2\/media\/609168"}],"wp:attachment":[{"href":"https:\/\/exlibris.ee\/ru\/wp-json\/wp\/v2\/media?parent=109677"}],"wp:term":[{"taxonomy":"product_brand","embeddable":true,"href":"https:\/\/exlibris.ee\/ru\/wp-json\/wp\/v2\/product_brand?post=109677"},{"taxonomy":"product_cat","embeddable":true,"href":"https:\/\/exlibris.ee\/ru\/wp-json\/wp\/v2\/product_cat?post=109677"},{"taxonomy":"product_tag","embeddable":true,"href":"https:\/\/exlibris.ee\/ru\/wp-json\/wp\/v2\/product_tag?post=109677"},{"taxonomy":"series","embeddable":true,"href":"https:\/\/exlibris.ee\/ru\/wp-json\/wp\/v2\/series?post=109677"},{"taxonomy":"publisher","embeddable":true,"href":"https:\/\/exlibris.ee\/ru\/wp-json\/wp\/v2\/publisher?post=109677"}],"curies":[{"name":"wp","href":"https:\/\/api.w.org\/{rel}","templated":true}]}}