{"id":109684,"date":"2024-02-08T06:46:38","date_gmt":"2024-02-08T04:46:38","guid":{"rendered":"https:\/\/exlibris.ee\/toode\/geht-unser-licht-aus-wenn-kein-wind-weht-fragen-und-antworten-zur-energiegewinnung-schauen-und-wissen-lekture-fur-kinder\/"},"modified":"2026-04-04T03:23:59","modified_gmt":"2026-04-04T00:23:59","slug":"geht-unser-licht-aus-wenn-kein-wind-weht-fragen-und-antworten-zur-energiegewinnung-schauen-und-wissen-lekture-fur-kinder","status":"publish","type":"product","link":"https:\/\/exlibris.ee\/ru\/produkt\/geht-unser-licht-aus-wenn-kein-wind-weht-fragen-und-antworten-zur-energiegewinnung-schauen-und-wissen-lekture-fur-kinder\/","title":{"rendered":"Geht unser Licht aus, wenn kein Wind weht? \/ Fragen und Antworten zur Energiegewinnung \u2013 Schauen und Wissen! \/ Lekt\u00fcre f\u00fcr Kinder"},"content":{"rendered":"<p>Zielgruppe: Kinder ab 6 Jahren. Windr\u00e4der kennt heute jedes Kind. Aber wieso brauchen wir diese Riesen in der Landschaft und was haben sie mit Umweltschutz zu tun? Der Band macht deutlich, warum die Zukunft der Erzeugung von Strom und W\u00e4rme in erneuerbaren Energien wie Wind, Sonne und Wasser liegt.<\/p>\n","protected":false},"excerpt":{"rendered":"<p>Zielgruppe: Kinder ab 6 Jahren. Windr\u00e4der kennt heute jedes Kind. Aber wieso brauchen wir diese Riesen in der Landschaft und was haben sie mit Umweltschutz zu tun? Der Band macht deutlich, warum die Zukunft der Erzeugung von Strom und W\u00e4rme&#8230;<\/p>\n","protected":false},"featured_media":109617,"template":"","meta":{"_acf_changed":false,"inline_featured_image":false},"product_brand":[],"product_cat":[851],"product_tag":[],"series":[],"publisher":[{"id":2104,"name":"Hase und Igel Verlag","slug":"hase-und-igel-verlag"}],"class_list":{"0":"post-109684","1":"product","2":"type-product","3":"status-publish","4":"has-post-thumbnail","6":"product_cat-lesetexte-deutsch","7":"publisher-hase-und-igel-verlag","9":"first","10":"onbackorder","11":"taxable","12":"shipping-taxable","13":"purchasable","14":"product-type-simple"},"acf":[],"_links":{"self":[{"href":"https:\/\/exlibris.ee\/ru\/wp-json\/wp\/v2\/product\/109684","targetHints":{"allow":["GET"]}}],"collection":[{"href":"https:\/\/exlibris.ee\/ru\/wp-json\/wp\/v2\/product"}],"about":[{"href":"https:\/\/exlibris.ee\/ru\/wp-json\/wp\/v2\/types\/product"}],"wp:featuredmedia":[{"embeddable":true,"href":"https:\/\/exlibris.ee\/ru\/wp-json\/wp\/v2\/media\/109617"}],"wp:attachment":[{"href":"https:\/\/exlibris.ee\/ru\/wp-json\/wp\/v2\/media?parent=109684"}],"wp:term":[{"taxonomy":"product_brand","embeddable":true,"href":"https:\/\/exlibris.ee\/ru\/wp-json\/wp\/v2\/product_brand?post=109684"},{"taxonomy":"product_cat","embeddable":true,"href":"https:\/\/exlibris.ee\/ru\/wp-json\/wp\/v2\/product_cat?post=109684"},{"taxonomy":"product_tag","embeddable":true,"href":"https:\/\/exlibris.ee\/ru\/wp-json\/wp\/v2\/product_tag?post=109684"},{"taxonomy":"series","embeddable":true,"href":"https:\/\/exlibris.ee\/ru\/wp-json\/wp\/v2\/series?post=109684"},{"taxonomy":"publisher","embeddable":true,"href":"https:\/\/exlibris.ee\/ru\/wp-json\/wp\/v2\/publisher?post=109684"}],"curies":[{"name":"wp","href":"https:\/\/api.w.org\/{rel}","templated":true}]}}