{"id":109692,"date":"2024-02-08T06:46:40","date_gmt":"2024-02-08T04:46:40","guid":{"rendered":"https:\/\/exlibris.ee\/toode\/wer-hat-mein-t-shirt-gemacht-fragen-und-antworten-rund-um-unsere-kleidung-schauen-und-wissen-lekture-fur-kinder\/"},"modified":"2026-04-04T03:24:01","modified_gmt":"2026-04-04T00:24:01","slug":"wer-hat-mein-t-shirt-gemacht-fragen-und-antworten-rund-um-unsere-kleidung-schauen-und-wissen-lekture-fur-kinder","status":"publish","type":"product","link":"https:\/\/exlibris.ee\/ru\/produkt\/wer-hat-mein-t-shirt-gemacht-fragen-und-antworten-rund-um-unsere-kleidung-schauen-und-wissen-lekture-fur-kinder\/","title":{"rendered":"Wer hat mein T-Shirt gemacht? \/ Fragen und Antworten rund um unsere Kleidung \u2013 Schauen und Wissen! \/ Lekt\u00fcre f\u00fcr Kinder"},"content":{"rendered":"<p>Zielgruppe: Kinder ab 6 Jahren. \u201eKleider machen Leute\u201c hei\u00dft eine Redensart. Aber wer macht unsere Kleider? Der Band schafft ein Bewusstsein f\u00fcr den Unterschied zwischen billiger Massenware und fair gehandelter Kleidung. Au\u00dferdem enth\u00e4lt er viele Tipps, wie man aussortierte St\u00fccke selbst recyceln kann.<\/p>\n","protected":false},"excerpt":{"rendered":"<p>Zielgruppe: Kinder ab 6 Jahren. \u201eKleider machen Leute\u201c hei\u00dft eine Redensart. Aber wer macht unsere Kleider? Der Band schafft ein Bewusstsein f\u00fcr den Unterschied zwischen billiger Massenware und fair gehandelter Kleidung. Au\u00dferdem enth\u00e4lt er viele Tipps, wie man aussortierte St\u00fccke&#8230;<\/p>\n","protected":false},"featured_media":109629,"template":"","meta":{"_acf_changed":false,"inline_featured_image":false},"product_brand":[],"product_cat":[851],"product_tag":[],"series":[],"publisher":[{"id":2104,"name":"Hase und Igel Verlag","slug":"hase-und-igel-verlag"}],"class_list":{"0":"post-109692","1":"product","2":"type-product","3":"status-publish","4":"has-post-thumbnail","6":"product_cat-lesetexte-deutsch","7":"publisher-hase-und-igel-verlag","9":"first","10":"onbackorder","11":"taxable","12":"shipping-taxable","13":"purchasable","14":"product-type-simple"},"acf":[],"_links":{"self":[{"href":"https:\/\/exlibris.ee\/ru\/wp-json\/wp\/v2\/product\/109692","targetHints":{"allow":["GET"]}}],"collection":[{"href":"https:\/\/exlibris.ee\/ru\/wp-json\/wp\/v2\/product"}],"about":[{"href":"https:\/\/exlibris.ee\/ru\/wp-json\/wp\/v2\/types\/product"}],"wp:featuredmedia":[{"embeddable":true,"href":"https:\/\/exlibris.ee\/ru\/wp-json\/wp\/v2\/media\/109629"}],"wp:attachment":[{"href":"https:\/\/exlibris.ee\/ru\/wp-json\/wp\/v2\/media?parent=109692"}],"wp:term":[{"taxonomy":"product_brand","embeddable":true,"href":"https:\/\/exlibris.ee\/ru\/wp-json\/wp\/v2\/product_brand?post=109692"},{"taxonomy":"product_cat","embeddable":true,"href":"https:\/\/exlibris.ee\/ru\/wp-json\/wp\/v2\/product_cat?post=109692"},{"taxonomy":"product_tag","embeddable":true,"href":"https:\/\/exlibris.ee\/ru\/wp-json\/wp\/v2\/product_tag?post=109692"},{"taxonomy":"series","embeddable":true,"href":"https:\/\/exlibris.ee\/ru\/wp-json\/wp\/v2\/series?post=109692"},{"taxonomy":"publisher","embeddable":true,"href":"https:\/\/exlibris.ee\/ru\/wp-json\/wp\/v2\/publisher?post=109692"}],"curies":[{"name":"wp","href":"https:\/\/api.w.org\/{rel}","templated":true}]}}