{"id":109696,"date":"2024-02-08T06:46:42","date_gmt":"2024-02-08T04:46:42","guid":{"rendered":"https:\/\/exlibris.ee\/toode\/gute-idee-b1-1-deutsch-fur-jugendliche-arbeitsbuch-plus-interaktive-version\/"},"modified":"2026-04-05T15:36:58","modified_gmt":"2026-04-05T12:36:58","slug":"gute-idee-b1-1-deutsch-fur-jugendliche-arbeitsbuch-plus-interaktive-version","status":"publish","type":"product","link":"https:\/\/exlibris.ee\/ru\/produkt\/gute-idee-b1-1-deutsch-fur-jugendliche-arbeitsbuch-plus-interaktive-version\/","title":{"rendered":"Gute Idee! B1.1 \/ Deutsch f\u00fcr Jugendliche \/ Arbeitsbuch plus interaktive Version"},"content":{"rendered":"<p>Neuware &#8212; Niveau B1.1 bis B1.1Gute Idee! &#8212; das motivierend andere Jugendlichenlehrwerk f\u00fcr Deutsch als FremdspracheGute Idee! B1.1- Arbeitsbuch inklusive interaktiver Version mit integrierten Audiodateien und interaktiven \u00dcbungen Zielgruppe: Jugendliche in Kursen B1.1 an Schulen und anderen Institutionen weltweitDas Arbeitsbuch dient zum selbstst\u00e4ndigen \u00dcben und Vertiefen des Lernstoffs aus dem Kursbuch.In jeder Lektion finden sich \u00dcbungen zur Textarbeit, zu Grammatik und Wortschatz, zur Aussprache und zur Kommunikation. Verweise stellen die Bez\u00fcge zu den A- bis PLUS-Seiten des Kursbuchs her.Im Anschluss steht in jeder Lektion ein Training zu den Fertigkeiten H\u00f6ren, Lesen und Schreiben, das auf die g\u00e4ngigen B1-Pr\u00fcfungen ausgerichtet ist. Der zweiseitige Lektionswortschatz bildet den Abschluss jeder Lektion.Nach je zwei Lektionen bietet ein Test die M\u00f6glichkeit zur Selbstkontrolle. Die zugeh\u00f6rigen L\u00f6sungen hierzu befinden sich im Anhang des Arbeitsbuchs.Die interaktive Version des Arbeitsbuchs enth\u00e4lt:-alle H\u00f6rdateien des Buches, direkt bei der jeweiligen Aufgabe abrufbar-interaktiv umgesetzte \u00dcbungen des Arbeitsbuches zum Einsatz im Unterricht oder zum individuellen Wiederholen der Kursinhalte- zus\u00e4tzliche, passgenau abgestimmte, interaktive \u00dcbungen, um die neuen Lerninhalte individuell zu wiederholen und zu vertiefen-eine umfangreiche Toolbar mit vielseitigen Funktionen f\u00fcr den Einsatz am Whiteboard (u. a. markieren, Notizen, Schreibwerkzeuge u.v.m.)<\/p>\n","protected":false},"excerpt":{"rendered":"<p>Neuware &#8212; Niveau B1.1 bis B1.1Gute Idee! &#8212; das motivierend andere Jugendlichenlehrwerk f\u00fcr Deutsch als FremdspracheGute Idee! B1.1- Arbeitsbuch inklusive interaktiver Version mit integrierten Audiodateien und interaktiven \u00dcbungen Zielgruppe: Jugendliche in Kursen B1.1 an Schulen und anderen Institutionen weltweitDas Arbeitsbuch&#8230;<\/p>\n","protected":false},"featured_media":131171,"template":"","meta":{"_acf_changed":false,"inline_featured_image":false},"product_brand":[],"product_cat":[477],"product_tag":[],"series":[{"id":1188,"name":"Gute Idee!","slug":"gute-idee"}],"publisher":[{"id":497,"name":"Hueber Verlag","slug":"hueber-verlag"}],"class_list":{"0":"post-109696","1":"product","2":"type-product","3":"status-publish","4":"has-post-thumbnail","6":"product_cat-lehrwerke-fur-jugendliche","7":"series-gute-idee","8":"publisher-hueber-verlag","10":"first","11":"onbackorder","12":"taxable","13":"shipping-taxable","14":"purchasable","15":"product-type-simple"},"acf":[],"_links":{"self":[{"href":"https:\/\/exlibris.ee\/ru\/wp-json\/wp\/v2\/product\/109696","targetHints":{"allow":["GET"]}}],"collection":[{"href":"https:\/\/exlibris.ee\/ru\/wp-json\/wp\/v2\/product"}],"about":[{"href":"https:\/\/exlibris.ee\/ru\/wp-json\/wp\/v2\/types\/product"}],"wp:featuredmedia":[{"embeddable":true,"href":"https:\/\/exlibris.ee\/ru\/wp-json\/wp\/v2\/media\/131171"}],"wp:attachment":[{"href":"https:\/\/exlibris.ee\/ru\/wp-json\/wp\/v2\/media?parent=109696"}],"wp:term":[{"taxonomy":"product_brand","embeddable":true,"href":"https:\/\/exlibris.ee\/ru\/wp-json\/wp\/v2\/product_brand?post=109696"},{"taxonomy":"product_cat","embeddable":true,"href":"https:\/\/exlibris.ee\/ru\/wp-json\/wp\/v2\/product_cat?post=109696"},{"taxonomy":"product_tag","embeddable":true,"href":"https:\/\/exlibris.ee\/ru\/wp-json\/wp\/v2\/product_tag?post=109696"},{"taxonomy":"series","embeddable":true,"href":"https:\/\/exlibris.ee\/ru\/wp-json\/wp\/v2\/series?post=109696"},{"taxonomy":"publisher","embeddable":true,"href":"https:\/\/exlibris.ee\/ru\/wp-json\/wp\/v2\/publisher?post=109696"}],"curies":[{"name":"wp","href":"https:\/\/api.w.org\/{rel}","templated":true}]}}