{"id":109697,"date":"2024-02-08T06:46:42","date_gmt":"2024-02-08T04:46:42","guid":{"rendered":"https:\/\/exlibris.ee\/toode\/bakabu-und-das-osterlied-ei-audio-cd\/"},"modified":"2026-04-04T03:24:02","modified_gmt":"2026-04-04T00:24:02","slug":"bakabu-und-das-osterlied-ei-audio-cd","status":"publish","type":"product","link":"https:\/\/exlibris.ee\/ru\/produkt\/bakabu-und-das-osterlied-ei-audio-cd\/","title":{"rendered":"Bakabu und das Osterlied-Ei \/ Audio-CD"},"content":{"rendered":"<p>Ein Bakabu-H\u00f6rbuch \u00fcber Ostern f\u00fcr Kinder ab 3 Jahren. Eines Morgens liegt pl\u00f6tzlich ein knallrotes Ei unter Bakabus Glockenblume. Schnell holt der kleine Ohrwurm seine Freunde Charlie Gru und Mimi Lou. Aber als die drei zur\u00fcckkommen, finden sie kein Ei, sondern einen aufgeregten Hasen. Er stellt sich als Osterhase vor, dem das wertvolle Osterlied-Ei entwischt ist. Ohne dieses Ei gibt es auf der Erde kein Osterfest. Nat\u00fcrlich helfen die Freunde dem schrulligen Besucher bei seiner Suche. Doch die wird zu einem Wettlauf mit der Zeit, denn Eier sind im Singeland sehr beliebt \u2026 und es ist Fr\u00fchst\u00fcckszeit \u2026. Das H\u00f6rbuch wird von Christian Tramitz gelesen.. Bakabus Geschichten und Lieder machen nicht nur Spa\u00df \u2013 sie helfen Kindern, sich grundlegende Sprachkompetenzen anzueignen. Die Bakabu-Methode wurde speziell von Expert:innen aus Sprachwissenschaft und P\u00e4dagogik f\u00fcr die Sprachf\u00f6rderung ab 3 Jahren entwickelt.<\/p>\n","protected":false},"excerpt":{"rendered":"<p>Ein Bakabu-H\u00f6rbuch \u00fcber Ostern f\u00fcr Kinder ab 3 Jahren. Eines Morgens liegt pl\u00f6tzlich ein knallrotes Ei unter Bakabus Glockenblume. Schnell holt der kleine Ohrwurm seine Freunde Charlie Gru und Mimi Lou. Aber als die drei zur\u00fcckkommen, finden sie kein Ei,&#8230;<\/p>\n","protected":false},"featured_media":109635,"template":"","meta":{"_acf_changed":false,"inline_featured_image":false},"product_brand":[],"product_cat":[851],"product_tag":[],"series":[{"id":2132,"name":"Bakabu","slug":"bakabu"}],"publisher":[{"id":1351,"name":"Vermes-Verlag","slug":"vermes-verlag"}],"class_list":{"0":"post-109697","1":"product","2":"type-product","3":"status-publish","4":"has-post-thumbnail","6":"product_cat-lesetexte-deutsch","7":"series-bakabu","8":"publisher-vermes-verlag","10":"first","11":"onbackorder","12":"taxable","13":"shipping-taxable","14":"purchasable","15":"product-type-simple"},"acf":[],"_links":{"self":[{"href":"https:\/\/exlibris.ee\/ru\/wp-json\/wp\/v2\/product\/109697","targetHints":{"allow":["GET"]}}],"collection":[{"href":"https:\/\/exlibris.ee\/ru\/wp-json\/wp\/v2\/product"}],"about":[{"href":"https:\/\/exlibris.ee\/ru\/wp-json\/wp\/v2\/types\/product"}],"wp:featuredmedia":[{"embeddable":true,"href":"https:\/\/exlibris.ee\/ru\/wp-json\/wp\/v2\/media\/109635"}],"wp:attachment":[{"href":"https:\/\/exlibris.ee\/ru\/wp-json\/wp\/v2\/media?parent=109697"}],"wp:term":[{"taxonomy":"product_brand","embeddable":true,"href":"https:\/\/exlibris.ee\/ru\/wp-json\/wp\/v2\/product_brand?post=109697"},{"taxonomy":"product_cat","embeddable":true,"href":"https:\/\/exlibris.ee\/ru\/wp-json\/wp\/v2\/product_cat?post=109697"},{"taxonomy":"product_tag","embeddable":true,"href":"https:\/\/exlibris.ee\/ru\/wp-json\/wp\/v2\/product_tag?post=109697"},{"taxonomy":"series","embeddable":true,"href":"https:\/\/exlibris.ee\/ru\/wp-json\/wp\/v2\/series?post=109697"},{"taxonomy":"publisher","embeddable":true,"href":"https:\/\/exlibris.ee\/ru\/wp-json\/wp\/v2\/publisher?post=109697"}],"curies":[{"name":"wp","href":"https:\/\/api.w.org\/{rel}","templated":true}]}}