{"id":109707,"date":"2024-02-08T06:46:44","date_gmt":"2024-02-08T04:46:44","guid":{"rendered":"https:\/\/exlibris.ee\/toode\/bakabu-und-die-kostum-party-kinderbuch\/"},"modified":"2026-04-18T15:48:43","modified_gmt":"2026-04-18T12:48:43","slug":"bakabu-und-die-kostum-party-kinderbuch","status":"publish","type":"product","link":"https:\/\/exlibris.ee\/ru\/produkt\/bakabu-und-die-kostum-party-kinderbuch\/","title":{"rendered":"Bakabu und die Kost\u00fcm-Party \/ Kinderbuch"},"content":{"rendered":"<p>Eine Bakabu-Geschichte f\u00fcr Kinder ab 3 Jahren. Charlie Gru, die \u00e4ngstlichste Tontaube im ganzen Singeland, hat ein Monster gesehen. Riesengro\u00df, mit einem schrecklichen Maul und furchtbaren Z\u00e4hnen. Aber stimmt das wirklich?. Oder war es doch nur Camillo, das kleine Cham\u00e4leon, das mit allen anderen Cham\u00e4leons endlich seine erste richtige Kost\u00fcm-Party feiern m\u00f6chte. Doch daf\u00fcr muss er sich verf\u00e4rben. Und um sich zu verf\u00e4rben, muss er pfeifen. Und genau das will und will nicht gelingen.. Da stehen Bakabu, der Ohrwurm, und seine Freunde nat\u00fcrlich mit Rat und Tat zur Seite. Vor allem, wenn es um eine Party geht&#8230;. + neuer Bakabu-Song: \u201eCha-Cha-Cham\u00e4leon\u201c. Bakabus Geschichten und Lieder machen nicht nur Spa\u00df \u2013 sie helfen Kindern, sich grundlegende Sprachkompetenzen anzueignen. Die Bakabu-Methode wurde speziell von Expert:innen aus Sprachwissenschaft und P\u00e4dagogik f\u00fcr die Sprachf\u00f6rderung ab 3 Jahren entwickelt.<\/p>\n","protected":false},"excerpt":{"rendered":"<p>Eine Bakabu-Geschichte f\u00fcr Kinder ab 3 Jahren. Charlie Gru, die \u00e4ngstlichste Tontaube im ganzen Singeland, hat ein Monster gesehen. Riesengro\u00df, mit einem schrecklichen Maul und furchtbaren Z\u00e4hnen. Aber stimmt das wirklich?. Oder war es doch nur Camillo, das kleine Cham\u00e4leon,&#8230;<\/p>\n","protected":false},"featured_media":338475,"template":"","meta":{"_acf_changed":false,"inline_featured_image":false},"product_brand":[],"product_cat":[851],"product_tag":[],"series":[{"id":2132,"name":"Bakabu","slug":"bakabu"}],"publisher":[{"id":1351,"name":"Vermes-Verlag","slug":"vermes-verlag"}],"class_list":{"0":"post-109707","1":"product","2":"type-product","3":"status-publish","4":"has-post-thumbnail","6":"product_cat-lesetexte-deutsch","7":"series-bakabu","8":"publisher-vermes-verlag","10":"first","11":"onbackorder","12":"taxable","13":"shipping-taxable","14":"purchasable","15":"product-type-simple"},"acf":[],"_links":{"self":[{"href":"https:\/\/exlibris.ee\/ru\/wp-json\/wp\/v2\/product\/109707","targetHints":{"allow":["GET"]}}],"collection":[{"href":"https:\/\/exlibris.ee\/ru\/wp-json\/wp\/v2\/product"}],"about":[{"href":"https:\/\/exlibris.ee\/ru\/wp-json\/wp\/v2\/types\/product"}],"wp:featuredmedia":[{"embeddable":true,"href":"https:\/\/exlibris.ee\/ru\/wp-json\/wp\/v2\/media\/338475"}],"wp:attachment":[{"href":"https:\/\/exlibris.ee\/ru\/wp-json\/wp\/v2\/media?parent=109707"}],"wp:term":[{"taxonomy":"product_brand","embeddable":true,"href":"https:\/\/exlibris.ee\/ru\/wp-json\/wp\/v2\/product_brand?post=109707"},{"taxonomy":"product_cat","embeddable":true,"href":"https:\/\/exlibris.ee\/ru\/wp-json\/wp\/v2\/product_cat?post=109707"},{"taxonomy":"product_tag","embeddable":true,"href":"https:\/\/exlibris.ee\/ru\/wp-json\/wp\/v2\/product_tag?post=109707"},{"taxonomy":"series","embeddable":true,"href":"https:\/\/exlibris.ee\/ru\/wp-json\/wp\/v2\/series?post=109707"},{"taxonomy":"publisher","embeddable":true,"href":"https:\/\/exlibris.ee\/ru\/wp-json\/wp\/v2\/publisher?post=109707"}],"curies":[{"name":"wp","href":"https:\/\/api.w.org\/{rel}","templated":true}]}}