{"id":109714,"date":"2024-02-08T06:46:46","date_gmt":"2024-02-08T04:46:46","guid":{"rendered":"https:\/\/exlibris.ee\/toode\/landeskunde-deutschland-digital-2024-teil-1-geografie-bevolkerung-migration-mit-kommunikativen-aufgaben-pdf-download\/"},"modified":"2026-04-05T17:22:21","modified_gmt":"2026-04-05T14:22:21","slug":"landeskunde-deutschland-digital-2024-teil-1-geografie-bevolkerung-migration-mit-kommunikativen-aufgaben-pdf-download","status":"publish","type":"product","link":"https:\/\/exlibris.ee\/ru\/produkt\/landeskunde-deutschland-digital-2024-teil-1-geografie-bevolkerung-migration-mit-kommunikativen-aufgaben-pdf-download\/","title":{"rendered":"Landeskunde Deutschland digital 2024, Teil 1: Geografie, Bev\u00f6lkerung, Migration \/ mit kommunikativen Aufgaben \/ PDF-Download"},"content":{"rendered":"<p>Die Landeskunde Deutschland vermittelt eine Auswahl von Informationen f\u00fcr Lehrende und Lernende im In- und Ausland. Einfaches aktuelles Faktenwissen mit zahlreichen aktuellen Fotos ist kombiniert mit Hintergrundinformationen, die bis zu komplexen Themen auf Europa-Ebene, kontroversen Themen und dar\u00fcber hinaus reichen.. Geeignet f\u00fcr fortgeschrittene Deutschlernende ab Niveau B2.. Die Landeskunde Deutschland ist erh\u00e4ltlich als digitale Gesamtausgabe und in 6 Einzelkapiteln.. Einzelkapitel 1: Geografie, Bev\u00f6lkerung, Migration<\/p>\n","protected":false},"excerpt":{"rendered":"<p>Die Landeskunde Deutschland vermittelt eine Auswahl von Informationen f\u00fcr Lehrende und Lernende im In- und Ausland. Einfaches aktuelles Faktenwissen mit zahlreichen aktuellen Fotos ist kombiniert mit Hintergrundinformationen, die bis zu komplexen Themen auf Europa-Ebene, kontroversen Themen und dar\u00fcber hinaus reichen&#8230;..<\/p>\n","protected":false},"featured_media":109665,"template":"","meta":{"_acf_changed":false,"inline_featured_image":false},"product_brand":[],"product_cat":[490],"product_tag":[],"series":[{"id":1338,"name":"Landeskunde Deutschland","slug":"landeskunde-deutschland"}],"publisher":[{"id":1315,"name":"Verlag f\u00fcr Deutsch","slug":"verlag-fur-deutsch"}],"class_list":{"0":"post-109714","1":"product","2":"type-product","3":"status-publish","4":"has-post-thumbnail","6":"product_cat-landeskunde","7":"series-landeskunde-deutschland","8":"publisher-verlag-fur-deutsch","10":"first","11":"onbackorder","12":"taxable","13":"shipping-taxable","14":"purchasable","15":"product-type-simple"},"acf":[],"_links":{"self":[{"href":"https:\/\/exlibris.ee\/ru\/wp-json\/wp\/v2\/product\/109714","targetHints":{"allow":["GET"]}}],"collection":[{"href":"https:\/\/exlibris.ee\/ru\/wp-json\/wp\/v2\/product"}],"about":[{"href":"https:\/\/exlibris.ee\/ru\/wp-json\/wp\/v2\/types\/product"}],"wp:featuredmedia":[{"embeddable":true,"href":"https:\/\/exlibris.ee\/ru\/wp-json\/wp\/v2\/media\/109665"}],"wp:attachment":[{"href":"https:\/\/exlibris.ee\/ru\/wp-json\/wp\/v2\/media?parent=109714"}],"wp:term":[{"taxonomy":"product_brand","embeddable":true,"href":"https:\/\/exlibris.ee\/ru\/wp-json\/wp\/v2\/product_brand?post=109714"},{"taxonomy":"product_cat","embeddable":true,"href":"https:\/\/exlibris.ee\/ru\/wp-json\/wp\/v2\/product_cat?post=109714"},{"taxonomy":"product_tag","embeddable":true,"href":"https:\/\/exlibris.ee\/ru\/wp-json\/wp\/v2\/product_tag?post=109714"},{"taxonomy":"series","embeddable":true,"href":"https:\/\/exlibris.ee\/ru\/wp-json\/wp\/v2\/series?post=109714"},{"taxonomy":"publisher","embeddable":true,"href":"https:\/\/exlibris.ee\/ru\/wp-json\/wp\/v2\/publisher?post=109714"}],"curies":[{"name":"wp","href":"https:\/\/api.w.org\/{rel}","templated":true}]}}