{"id":109715,"date":"2024-02-08T06:46:47","date_gmt":"2024-02-08T04:46:47","guid":{"rendered":"https:\/\/exlibris.ee\/toode\/der-neue-bruder-lekture-mit-audios-online\/"},"modified":"2026-05-04T09:40:24","modified_gmt":"2026-05-04T06:40:24","slug":"der-neue-bruder-lekture-mit-audios-online","status":"publish","type":"product","link":"https:\/\/exlibris.ee\/ru\/produkt\/der-neue-bruder-lekture-mit-audios-online\/","title":{"rendered":"Der neue Bruder \/ Lekt\u00fcre mit Audios online"},"content":{"rendered":"<p>A2. Zielgruppe: Jugendliche von 12-16 Jahren (Niveaustufe A2).. Emma (15) freut sich auf die Sommerferien. Mit ihrer Mutter und ihrem kleinen Bruder Simon (10) geht es wie jedes Jahr zu Omi. Die besitzt eine Feriensiedlung in den Bergen mit vielen kleinen Ferienh\u00e4uschen, einem Pool und jeder Menge Tiere. F\u00fcr Emma ist das der sch\u00f6nste Ort der Welt.. Dort kann sie auch Abstand von ihrem Schulfrust gewinnen. Vor einem Jahr ist Wanja in ihre Klasse gekommen und seit kurzem ist er mit Emmas bester Freundin Linda zusammen. Linda hat in letzter Zeit immer weniger mit ihr unternommen und auch jetzt am letzten Schultag, den die M\u00e4dchen bisher immer gemeinsam verbracht haben, verschwinden Linda und Wanja nach der Verabschiedung. Im Weggehen h\u00f6rt Emma Wanja noch sagen: \u201eDie ist total langweilig.\u201c Emma k\u00f6nnte heulen.. Egal! Zu Hause wartet eine \u00dcberraschung auf sie. Mama hat was angedeutet und Emma kennt Mama und ihre \u00dcberraschungen: Die sind immer gut&#8230; gewesen! Dieses Mal ist es ein Schock f\u00fcr Emma. Ihre Mama hat sich verliebt \u2026 und zwar ausgerechnet in Milan, den Vater von Wanja! Und Vater und Sohn kommen f\u00fcr ein paar Tage in Omis Feriensiedlung \u2026.. Vierfarbige Illustrationen sprechen die Zielgruppe an und unterst\u00fctzen die Wortschatzarbeit. \u00dcbungen zum H\u00f6r- und Leseverstehen erg\u00e4nzen die Lekt\u00fcre. Ein kostenloser MP3-Download liefert den kompletten Lekt\u00fcretext als H\u00f6rbuch und erm\u00f6glicht zus\u00e4tzlich das Training des H\u00f6rverstehens.<\/p>\n","protected":false},"excerpt":{"rendered":"<p>A2. Zielgruppe: Jugendliche von 12-16 Jahren (Niveaustufe A2).. Emma (15) freut sich auf die Sommerferien. Mit ihrer Mutter und ihrem kleinen Bruder Simon (10) geht es wie jedes Jahr zu Omi. Die besitzt eine Feriensiedlung in den Bergen mit vielen&#8230;<\/p>\n","protected":false},"featured_media":642960,"template":"","meta":{"_acf_changed":false,"inline_featured_image":false},"product_brand":[],"product_cat":[851],"product_tag":[],"series":[{"id":2137,"name":"Der neue Bruder","slug":"der-neue-bruder"}],"publisher":[{"id":497,"name":"Hueber Verlag","slug":"hueber-verlag"}],"class_list":{"0":"post-109715","1":"product","2":"type-product","3":"status-publish","4":"has-post-thumbnail","6":"product_cat-lesetexte-deutsch","7":"series-der-neue-bruder","8":"publisher-hueber-verlag","10":"first","11":"onbackorder","12":"taxable","13":"shipping-taxable","14":"purchasable","15":"product-type-simple"},"acf":[],"_links":{"self":[{"href":"https:\/\/exlibris.ee\/ru\/wp-json\/wp\/v2\/product\/109715","targetHints":{"allow":["GET"]}}],"collection":[{"href":"https:\/\/exlibris.ee\/ru\/wp-json\/wp\/v2\/product"}],"about":[{"href":"https:\/\/exlibris.ee\/ru\/wp-json\/wp\/v2\/types\/product"}],"wp:featuredmedia":[{"embeddable":true,"href":"https:\/\/exlibris.ee\/ru\/wp-json\/wp\/v2\/media\/642960"}],"wp:attachment":[{"href":"https:\/\/exlibris.ee\/ru\/wp-json\/wp\/v2\/media?parent=109715"}],"wp:term":[{"taxonomy":"product_brand","embeddable":true,"href":"https:\/\/exlibris.ee\/ru\/wp-json\/wp\/v2\/product_brand?post=109715"},{"taxonomy":"product_cat","embeddable":true,"href":"https:\/\/exlibris.ee\/ru\/wp-json\/wp\/v2\/product_cat?post=109715"},{"taxonomy":"product_tag","embeddable":true,"href":"https:\/\/exlibris.ee\/ru\/wp-json\/wp\/v2\/product_tag?post=109715"},{"taxonomy":"series","embeddable":true,"href":"https:\/\/exlibris.ee\/ru\/wp-json\/wp\/v2\/series?post=109715"},{"taxonomy":"publisher","embeddable":true,"href":"https:\/\/exlibris.ee\/ru\/wp-json\/wp\/v2\/publisher?post=109715"}],"curies":[{"name":"wp","href":"https:\/\/api.w.org\/{rel}","templated":true}]}}