{"id":109811,"date":"2024-02-08T06:48:55","date_gmt":"2024-02-08T04:48:55","guid":{"rendered":"https:\/\/exlibris.ee\/toode\/wanderung-mit-finn-lekture-mit-audios-online\/"},"modified":"2026-05-04T09:40:25","modified_gmt":"2026-05-04T06:40:25","slug":"wanderung-mit-finn-lekture-mit-audios-online","status":"publish","type":"product","link":"https:\/\/exlibris.ee\/ru\/produkt\/wanderung-mit-finn-lekture-mit-audios-online\/","title":{"rendered":"Wanderung mit Finn \/ Lekt\u00fcre mit Audios online"},"content":{"rendered":"<p>Zielgruppe: Erwachsene mit Grundkenntnissen auf der Niveaustufe A2.. Jan freut sich beim Klassentreffen auf ein Wiedersehen mit Doris, seiner Jugendliebe. Sie war damals jedoch mit einem Mitsch\u00fcler zusammen. Und nun? Doris ist mittlerweile geschieden, es funkt zwischen den beiden und sie verabreden sich zum Wandern. Doch Doris bringt ihren achtj\u00e4hrigen Sohn mit \u2013 und das, wo Jan mit Kindern nichts anfangen kann. Als Doris sich verletzt und ins Krankenhaus muss, vertraut sie Jan ihren Sohn an. Sie haben tats\u00e4chlich Spa\u00df miteinander und Jan entwickelt Sympathie und Mitgef\u00fchl f\u00fcr das Kind. Ob es eine Zukunft zu dritt gibt?.. \u00dcbungen zum H\u00f6r- und Leseverstehen erg\u00e4nzen die Lekt\u00fcre. Ein kostenloser MP3-Download liefert den kompletten Lekt\u00fcretext als H\u00f6rbuch und erm\u00f6glicht zus\u00e4tzlich das Training des H\u00f6rverstehens.<\/p>\n","protected":false},"excerpt":{"rendered":"<p>Zielgruppe: Erwachsene mit Grundkenntnissen auf der Niveaustufe A2.. Jan freut sich beim Klassentreffen auf ein Wiedersehen mit Doris, seiner Jugendliebe. Sie war damals jedoch mit einem Mitsch\u00fcler zusammen. Und nun? Doris ist mittlerweile geschieden, es funkt zwischen den beiden und&#8230;<\/p>\n","protected":false},"featured_media":642975,"template":"","meta":{"_acf_changed":false,"inline_featured_image":false},"product_brand":[],"product_cat":[851],"product_tag":[],"series":[{"id":2139,"name":"Wanderung mit Finn","slug":"wanderung-mit-finn"}],"publisher":[{"id":497,"name":"Hueber Verlag","slug":"hueber-verlag"}],"class_list":{"0":"post-109811","1":"product","2":"type-product","3":"status-publish","4":"has-post-thumbnail","6":"product_cat-lesetexte-deutsch","7":"series-wanderung-mit-finn","8":"publisher-hueber-verlag","10":"first","11":"onbackorder","12":"taxable","13":"shipping-taxable","14":"purchasable","15":"product-type-simple"},"acf":[],"_links":{"self":[{"href":"https:\/\/exlibris.ee\/ru\/wp-json\/wp\/v2\/product\/109811","targetHints":{"allow":["GET"]}}],"collection":[{"href":"https:\/\/exlibris.ee\/ru\/wp-json\/wp\/v2\/product"}],"about":[{"href":"https:\/\/exlibris.ee\/ru\/wp-json\/wp\/v2\/types\/product"}],"wp:featuredmedia":[{"embeddable":true,"href":"https:\/\/exlibris.ee\/ru\/wp-json\/wp\/v2\/media\/642975"}],"wp:attachment":[{"href":"https:\/\/exlibris.ee\/ru\/wp-json\/wp\/v2\/media?parent=109811"}],"wp:term":[{"taxonomy":"product_brand","embeddable":true,"href":"https:\/\/exlibris.ee\/ru\/wp-json\/wp\/v2\/product_brand?post=109811"},{"taxonomy":"product_cat","embeddable":true,"href":"https:\/\/exlibris.ee\/ru\/wp-json\/wp\/v2\/product_cat?post=109811"},{"taxonomy":"product_tag","embeddable":true,"href":"https:\/\/exlibris.ee\/ru\/wp-json\/wp\/v2\/product_tag?post=109811"},{"taxonomy":"series","embeddable":true,"href":"https:\/\/exlibris.ee\/ru\/wp-json\/wp\/v2\/series?post=109811"},{"taxonomy":"publisher","embeddable":true,"href":"https:\/\/exlibris.ee\/ru\/wp-json\/wp\/v2\/publisher?post=109811"}],"curies":[{"name":"wp","href":"https:\/\/api.w.org\/{rel}","templated":true}]}}