{"id":109815,"date":"2024-02-08T06:48:56","date_gmt":"2024-02-08T04:48:56","guid":{"rendered":"https:\/\/exlibris.ee\/toode\/auf-der-suche-nach-der-perle-des-mekong-pdf-download\/"},"modified":"2026-04-19T12:09:08","modified_gmt":"2026-04-19T09:09:08","slug":"auf-der-suche-nach-der-perle-des-mekong-pdf-download","status":"publish","type":"product","link":"https:\/\/exlibris.ee\/ru\/produkt\/auf-der-suche-nach-der-perle-des-mekong-pdf-download\/","title":{"rendered":"Auf der Suche nach der Perle des Mekong \/ PDF-Download"},"content":{"rendered":"<p>Zielgruppe: Jugendliche von 12-16 Jahren (Niveaustufe A2).. Der 15-j\u00e4hrige Kai, Sohn vietnamesischer Einwanderer in Berlin, h\u00e4lt ein Referat \u00fcber seine Familiengeschichte. Dabei will er eine wertvolle Kette seiner Mutter zeigen, die er vorher in einem Social-Media-Post \u00fcber sein Referat teilt. Auf dem Weg in die Schule wird ihm die Kette jedoch aus seinem Rucksack gestohlen. Kai ist verzweifelt. Doch es finden sich schnell Freunde, die gemeinsam dem Fall auf die Spur gehen. Die vier haben alle ihre ganz eigenen St\u00e4rken und wachsen zu einem richtig guten Team zusammen \u2026 Ob sie den Fall l\u00f6sen k\u00f6nnen?.. Vierfarbige Illustrationen sprechen die Zielgruppe an und unterst\u00fctzen die Wortschatzarbeit. \u00dcbungen zum H\u00f6r- und Leseverstehen erg\u00e4nzen die Lekt\u00fcre. Ein kostenloser MP3-Download liefert den kompletten Lekt\u00fcretext als H\u00f6rbuch und erm\u00f6glicht zus\u00e4tzlich das Training des H\u00f6rverstehens.<\/p>\n","protected":false},"excerpt":{"rendered":"<p>Zielgruppe: Jugendliche von 12-16 Jahren (Niveaustufe A2).. Der 15-j\u00e4hrige Kai, Sohn vietnamesischer Einwanderer in Berlin, h\u00e4lt ein Referat \u00fcber seine Familiengeschichte. Dabei will er eine wertvolle Kette seiner Mutter zeigen, die er vorher in einem Social-Media-Post \u00fcber sein Referat teilt&#8230;.<\/p>\n","protected":false},"featured_media":355634,"template":"","meta":{"_acf_changed":false,"inline_featured_image":false},"product_brand":[],"product_cat":[851],"product_tag":[],"series":[{"id":2135,"name":"Auf der Suche nach der Perle des Mekong","slug":"auf-der-suche-nach-der-perle-des-mekong"}],"publisher":[{"id":497,"name":"Hueber Verlag","slug":"hueber-verlag"}],"class_list":{"0":"post-109815","1":"product","2":"type-product","3":"status-publish","4":"has-post-thumbnail","6":"product_cat-lesetexte-deutsch","7":"series-auf-der-suche-nach-der-perle-des-mekong","8":"publisher-hueber-verlag","10":"first","11":"onbackorder","12":"taxable","13":"shipping-taxable","14":"purchasable","15":"product-type-simple"},"acf":[],"_links":{"self":[{"href":"https:\/\/exlibris.ee\/ru\/wp-json\/wp\/v2\/product\/109815","targetHints":{"allow":["GET"]}}],"collection":[{"href":"https:\/\/exlibris.ee\/ru\/wp-json\/wp\/v2\/product"}],"about":[{"href":"https:\/\/exlibris.ee\/ru\/wp-json\/wp\/v2\/types\/product"}],"wp:featuredmedia":[{"embeddable":true,"href":"https:\/\/exlibris.ee\/ru\/wp-json\/wp\/v2\/media\/355634"}],"wp:attachment":[{"href":"https:\/\/exlibris.ee\/ru\/wp-json\/wp\/v2\/media?parent=109815"}],"wp:term":[{"taxonomy":"product_brand","embeddable":true,"href":"https:\/\/exlibris.ee\/ru\/wp-json\/wp\/v2\/product_brand?post=109815"},{"taxonomy":"product_cat","embeddable":true,"href":"https:\/\/exlibris.ee\/ru\/wp-json\/wp\/v2\/product_cat?post=109815"},{"taxonomy":"product_tag","embeddable":true,"href":"https:\/\/exlibris.ee\/ru\/wp-json\/wp\/v2\/product_tag?post=109815"},{"taxonomy":"series","embeddable":true,"href":"https:\/\/exlibris.ee\/ru\/wp-json\/wp\/v2\/series?post=109815"},{"taxonomy":"publisher","embeddable":true,"href":"https:\/\/exlibris.ee\/ru\/wp-json\/wp\/v2\/publisher?post=109815"}],"curies":[{"name":"wp","href":"https:\/\/api.w.org\/{rel}","templated":true}]}}