{"id":109829,"date":"2024-02-08T06:49:00","date_gmt":"2024-02-08T04:49:00","guid":{"rendered":"https:\/\/exlibris.ee\/toode\/sicher-aktuell-b2-1-kurs-und-arbeitsbuch-mit-audios-online-lektion-1-6\/"},"modified":"2026-04-19T12:11:36","modified_gmt":"2026-04-19T09:11:36","slug":"sicher-aktuell-b2-1-kurs-und-arbeitsbuch-mit-audios-online-lektion-1-6","status":"publish","type":"product","link":"https:\/\/exlibris.ee\/ru\/produkt\/sicher-aktuell-b2-1-kurs-und-arbeitsbuch-mit-audios-online-lektion-1-6\/","title":{"rendered":"Sicher! aktuell B2.1 \/ Kurs- und Arbeitsbuch mit Audios online, Lektion 1\u20136"},"content":{"rendered":"<p>Level: leads to B2.1. Sicher! aktuell ist die Aktualisierung des bestehenden Lehrwerks Sicher! mit Fokus auf die ge\u00e4nderten Pr\u00fcfungsformate des neuen Goethe-Zertifikats B2 (ab Januar 2019) sowie der Pr\u00fcfungen Telc B2, Telc B1-B2 Beruf und \u00d6SD ZB2. Zahlreiche neue Aufgaben decken die ge\u00e4nderten Pr\u00fcfungsformate dieser vier Pr\u00fcfungen ab. Im Anhang findet sich eine detaillierte \u00dcbersicht aller im Buch ge\u00fcbten Pr\u00fcfungsformate.. Kursbuchteil:. &#8212; transparenter Aufbau. &#8212; trainiert die vier Grundfertigkeiten sowie \u201eSehen und H\u00f6ren\u201c, \u201eWortschatz\u201c und \u201eGrammatik\u201c. &#8212; Checkliste zur Lernzielkontrolle am Ende jedes Bausteins. &#8212; interessante Themen aus den Bereichen Alltag, Beruf, Studium und Ausbildung. &#8212; abwechslungsreiche und fundierte Aufgaben- und \u00dcbungstypologie. &#8212; Vermittlung von Lernstrategien durch gezielte Aufgabenstellungen und praxisnahe Tipps. &#8212; Infos zur Landeskunde. Arbeitsbuchteil:. &#8212; vertiefende \u00dcbungen zu Wortschatz, Grammatik und allen Fertigkeiten. &#8212; zu Beginn jeder Lektion Wiederholung wichtiger Wortfelder aus den vorhergehenden Stufen. &#8212; Vorentlastung komplexer Grammatikthemen durch wiederholende Aufgaben. &#8212; Selbsttest am Ende jeder Lektion. &#8212; mit Aufdos online<\/p>\n","protected":false},"excerpt":{"rendered":"<p>Level: leads to B2.1. Sicher! aktuell ist die Aktualisierung des bestehenden Lehrwerks Sicher! mit Fokus auf die ge\u00e4nderten Pr\u00fcfungsformate des neuen Goethe-Zertifikats B2 (ab Januar 2019) sowie der Pr\u00fcfungen Telc B2, Telc B1-B2 Beruf und \u00d6SD ZB2. Zahlreiche neue Aufgaben&#8230;<\/p>\n","protected":false},"featured_media":355699,"template":"","meta":{"_acf_changed":false,"inline_featured_image":false},"product_brand":[],"product_cat":[1121],"product_tag":[],"series":[{"id":2141,"name":"Sicher! aktuell","slug":"sicher-aktuell"}],"publisher":[{"id":497,"name":"Hueber Verlag","slug":"hueber-verlag"}],"class_list":{"0":"post-109829","1":"product","2":"type-product","3":"status-publish","4":"has-post-thumbnail","6":"product_cat-lehrwerke-fur-jugendliche-und-erwachsene","7":"series-sicher-aktuell","8":"publisher-hueber-verlag","10":"first","11":"onbackorder","12":"taxable","13":"shipping-taxable","14":"purchasable","15":"product-type-simple"},"acf":[],"_links":{"self":[{"href":"https:\/\/exlibris.ee\/ru\/wp-json\/wp\/v2\/product\/109829","targetHints":{"allow":["GET"]}}],"collection":[{"href":"https:\/\/exlibris.ee\/ru\/wp-json\/wp\/v2\/product"}],"about":[{"href":"https:\/\/exlibris.ee\/ru\/wp-json\/wp\/v2\/types\/product"}],"wp:featuredmedia":[{"embeddable":true,"href":"https:\/\/exlibris.ee\/ru\/wp-json\/wp\/v2\/media\/355699"}],"wp:attachment":[{"href":"https:\/\/exlibris.ee\/ru\/wp-json\/wp\/v2\/media?parent=109829"}],"wp:term":[{"taxonomy":"product_brand","embeddable":true,"href":"https:\/\/exlibris.ee\/ru\/wp-json\/wp\/v2\/product_brand?post=109829"},{"taxonomy":"product_cat","embeddable":true,"href":"https:\/\/exlibris.ee\/ru\/wp-json\/wp\/v2\/product_cat?post=109829"},{"taxonomy":"product_tag","embeddable":true,"href":"https:\/\/exlibris.ee\/ru\/wp-json\/wp\/v2\/product_tag?post=109829"},{"taxonomy":"series","embeddable":true,"href":"https:\/\/exlibris.ee\/ru\/wp-json\/wp\/v2\/series?post=109829"},{"taxonomy":"publisher","embeddable":true,"href":"https:\/\/exlibris.ee\/ru\/wp-json\/wp\/v2\/publisher?post=109829"}],"curies":[{"name":"wp","href":"https:\/\/api.w.org\/{rel}","templated":true}]}}