{"id":109843,"date":"2024-02-08T06:49:04","date_gmt":"2024-02-08T04:49:04","guid":{"rendered":"https:\/\/exlibris.ee\/toode\/menschen-hier-b1-2-arbeitsbuch-mit-audios-online\/"},"modified":"2026-04-04T05:14:31","modified_gmt":"2026-04-04T02:14:31","slug":"menschen-hier-b1-2-arbeitsbuch-mit-audios-online","status":"publish","type":"product","link":"https:\/\/exlibris.ee\/ru\/produkt\/menschen-hier-b1-2-arbeitsbuch-mit-audios-online\/","title":{"rendered":"Menschen hier B1.2 \/ Arbeitsbuch mit Audios online"},"content":{"rendered":"<p>Arbeitsbuch Niveau B1.2 der sechsb\u00e4ndigen Ausgabe. Zu den sehr erfolgreichen Kursb\u00fcchern Menschen mit seinem bew\u00e4hrten Konzept gibt es die Arbeitsb\u00fccher Menschen hier, die sich an die Lebenswirklichkeit von Zuwanderern und ausl\u00e4ndischen Besch\u00e4ftigten orientieren und sowohl die Inhalte des Rahmencurriculums des Bundesamts f\u00fcr Migration und Fl\u00fcchtlinge (BAMF) als auch die Pr\u00fcfungsziele des Deutschtests f\u00fcr Zuwanderer (DTZ) aufgreifen.. Lebendig und realit\u00e4tsnah. Alltag und Berufsleben stehen im Mittelpunkt des Lehrwerks und haben eine erkennbare Relevanz f\u00fcr den Lebens- und Berufsalltag der Lernenden. So wird das Interesse am Lernstoff ganz automatisch geweckt und das Gelernte wird rascher verankert. Das Arbeitsbuch Menschen hier greift auf den Seiten Im Alltag, Im Beruf und In der Familie explizit die Lernziele des BAMF-Rahmencurriculums auf und erleichtert den Lernenden so die Integration in den deutschsprachigen Alltag.. Wechselnde, vielf\u00e4ltige \u00dcbungsformen helfen, das Gelernte in der Interaktion mit anderen Lernenden anzuwenden und zu vertiefen.. Mit der praktischen kostenlosen App Hueber Media k\u00f6nnen Sie die Audios per Smartphone abspielen.. Die Audiodateien finden Sie au\u00dferdem im Lehrwerkservice unter: www.hueber.de\/menschen-hier<\/p>\n","protected":false},"excerpt":{"rendered":"<p>Arbeitsbuch Niveau B1.2 der sechsb\u00e4ndigen Ausgabe. Zu den sehr erfolgreichen Kursb\u00fcchern Menschen mit seinem bew\u00e4hrten Konzept gibt es die Arbeitsb\u00fccher Menschen hier, die sich an die Lebenswirklichkeit von Zuwanderern und ausl\u00e4ndischen Besch\u00e4ftigten orientieren und sowohl die Inhalte des Rahmencurriculums des&#8230;<\/p>\n","protected":false},"featured_media":109791,"template":"","meta":{"_acf_changed":false,"inline_featured_image":false},"product_brand":[],"product_cat":[1121],"product_tag":[],"series":[{"id":2119,"name":"Menschen hier","slug":"menschen-hier"}],"publisher":[{"id":497,"name":"Hueber Verlag","slug":"hueber-verlag"}],"class_list":{"0":"post-109843","1":"product","2":"type-product","3":"status-publish","4":"has-post-thumbnail","6":"product_cat-lehrwerke-fur-jugendliche-und-erwachsene","7":"series-menschen-hier","8":"publisher-hueber-verlag","10":"first","11":"onbackorder","12":"taxable","13":"shipping-taxable","14":"purchasable","15":"product-type-simple"},"acf":[],"_links":{"self":[{"href":"https:\/\/exlibris.ee\/ru\/wp-json\/wp\/v2\/product\/109843","targetHints":{"allow":["GET"]}}],"collection":[{"href":"https:\/\/exlibris.ee\/ru\/wp-json\/wp\/v2\/product"}],"about":[{"href":"https:\/\/exlibris.ee\/ru\/wp-json\/wp\/v2\/types\/product"}],"wp:featuredmedia":[{"embeddable":true,"href":"https:\/\/exlibris.ee\/ru\/wp-json\/wp\/v2\/media\/109791"}],"wp:attachment":[{"href":"https:\/\/exlibris.ee\/ru\/wp-json\/wp\/v2\/media?parent=109843"}],"wp:term":[{"taxonomy":"product_brand","embeddable":true,"href":"https:\/\/exlibris.ee\/ru\/wp-json\/wp\/v2\/product_brand?post=109843"},{"taxonomy":"product_cat","embeddable":true,"href":"https:\/\/exlibris.ee\/ru\/wp-json\/wp\/v2\/product_cat?post=109843"},{"taxonomy":"product_tag","embeddable":true,"href":"https:\/\/exlibris.ee\/ru\/wp-json\/wp\/v2\/product_tag?post=109843"},{"taxonomy":"series","embeddable":true,"href":"https:\/\/exlibris.ee\/ru\/wp-json\/wp\/v2\/series?post=109843"},{"taxonomy":"publisher","embeddable":true,"href":"https:\/\/exlibris.ee\/ru\/wp-json\/wp\/v2\/publisher?post=109843"}],"curies":[{"name":"wp","href":"https:\/\/api.w.org\/{rel}","templated":true}]}}