{"id":109886,"date":"2024-02-08T06:51:10","date_gmt":"2024-02-08T04:51:10","guid":{"rendered":"https:\/\/exlibris.ee\/toode\/prufung-express-deutsch-test-fur-zuwanderer-a2-b1-neuausgabe-ubungsbuch-mit-audios-online\/"},"modified":"2026-04-17T17:35:30","modified_gmt":"2026-04-17T14:35:30","slug":"prufung-express-deutsch-test-fur-zuwanderer-a2-b1-neuausgabe-ubungsbuch-mit-audios-online","status":"publish","type":"product","link":"https:\/\/exlibris.ee\/ru\/produkt\/prufung-express-deutsch-test-fur-zuwanderer-a2-b1-neuausgabe-ubungsbuch-mit-audios-online\/","title":{"rendered":"Pr\u00fcfung Express \u2013 Deutsch-Test f\u00fcr Zuwanderer A2\u2013B1 \/ Neuausgabe \/ \u00dcbungsbuch mit Audios online"},"content":{"rendered":"<p>Entspricht den aktuellen Pr\u00fcfungsvorgaben des neuen Testanbieters g.a.s.t. (seit Anfang 2023).. Ein kompaktes und \u00fcbersichtliches Pr\u00fcfungsvorbereitungsmaterial f\u00fcr Lernende, die sich schnell auf die Pr\u00fcfung Deutsch-Test f\u00fcr Zuwanderer vorbereiten m\u00f6chten und Lehrende, die sich schnell \u00fcber diese Pr\u00fcfung informieren wollen bzw. eine kurze Pr\u00fcfungsvorbereitung am Ende eines Sprachkurses im Unterricht durchf\u00fchren m\u00f6chten.. Mit der kostenlosen App Hueber Media k\u00f6nnen Sie die Audios bequem auf dem Smartphone oder Tablet abrufen.<\/p>\n","protected":false},"excerpt":{"rendered":"<p>Entspricht den aktuellen Pr\u00fcfungsvorgaben des neuen Testanbieters g.a.s.t. (seit Anfang 2023).. Ein kompaktes und \u00fcbersichtliches Pr\u00fcfungsvorbereitungsmaterial f\u00fcr Lernende, die sich schnell auf die Pr\u00fcfung Deutsch-Test f\u00fcr Zuwanderer vorbereiten m\u00f6chten und Lehrende, die sich schnell \u00fcber diese Pr\u00fcfung informieren wollen bzw&#8230;.<\/p>\n","protected":false},"featured_media":321834,"template":"","meta":{"_acf_changed":false,"inline_featured_image":false},"product_brand":[],"product_cat":[885],"product_tag":[],"series":[{"id":1187,"name":"Pr\u00fcfung Express","slug":"prufung-express"}],"publisher":[{"id":497,"name":"Hueber Verlag","slug":"hueber-verlag"}],"class_list":{"0":"post-109886","1":"product","2":"type-product","3":"status-publish","4":"has-post-thumbnail","6":"product_cat-berufssprache","7":"series-prufung-express","8":"publisher-hueber-verlag","10":"first","11":"onbackorder","12":"taxable","13":"shipping-taxable","14":"purchasable","15":"product-type-simple"},"acf":[],"_links":{"self":[{"href":"https:\/\/exlibris.ee\/ru\/wp-json\/wp\/v2\/product\/109886","targetHints":{"allow":["GET"]}}],"collection":[{"href":"https:\/\/exlibris.ee\/ru\/wp-json\/wp\/v2\/product"}],"about":[{"href":"https:\/\/exlibris.ee\/ru\/wp-json\/wp\/v2\/types\/product"}],"wp:featuredmedia":[{"embeddable":true,"href":"https:\/\/exlibris.ee\/ru\/wp-json\/wp\/v2\/media\/321834"}],"wp:attachment":[{"href":"https:\/\/exlibris.ee\/ru\/wp-json\/wp\/v2\/media?parent=109886"}],"wp:term":[{"taxonomy":"product_brand","embeddable":true,"href":"https:\/\/exlibris.ee\/ru\/wp-json\/wp\/v2\/product_brand?post=109886"},{"taxonomy":"product_cat","embeddable":true,"href":"https:\/\/exlibris.ee\/ru\/wp-json\/wp\/v2\/product_cat?post=109886"},{"taxonomy":"product_tag","embeddable":true,"href":"https:\/\/exlibris.ee\/ru\/wp-json\/wp\/v2\/product_tag?post=109886"},{"taxonomy":"series","embeddable":true,"href":"https:\/\/exlibris.ee\/ru\/wp-json\/wp\/v2\/series?post=109886"},{"taxonomy":"publisher","embeddable":true,"href":"https:\/\/exlibris.ee\/ru\/wp-json\/wp\/v2\/publisher?post=109886"}],"curies":[{"name":"wp","href":"https:\/\/api.w.org\/{rel}","templated":true}]}}