{"id":109889,"date":"2024-02-08T06:51:11","date_gmt":"2024-02-08T04:51:11","guid":{"rendered":"https:\/\/exlibris.ee\/toode\/applaus-applaus-buhne-frei-fur-spas-fantasie-und-schlagfertigkeit-sprachspiel\/"},"modified":"2026-04-04T05:15:29","modified_gmt":"2026-04-04T02:15:29","slug":"applaus-applaus-buhne-frei-fur-spas-fantasie-und-schlagfertigkeit-sprachspiel","status":"publish","type":"product","link":"https:\/\/exlibris.ee\/ru\/produkt\/applaus-applaus-buhne-frei-fur-spas-fantasie-und-schlagfertigkeit-sprachspiel\/","title":{"rendered":"Applaus! Applaus! \/ B\u00fchne frei f\u00fcr Spa\u00df, Fantasie und Schlagfertigkeit \/ Sprachspiel"},"content":{"rendered":"<p>Level: A1. Zu Hause ein Partyspiel mit Lerneffekt. In Schule und Weiterbildung ein Spiel, das Abwechslung und Dynamik in den Unterricht bringt! Eine Sprache zu lernen ist gut, das Gelernte anzuwenden ist besser! Mit Spa\u00df und Fantasie wird hier kommuniziert, interagiert und improvisiert. Alle 84 Aufgaben haben mit freiem Sprechen und Ausdruck zu tun. Je nach Aufgabe fordern sie den Einzelnen, meist sind aber alle Spielerinnen und Spieler bei der Umsetzung einer \u201eChallenge\u201c beteiligt. Es ist ein kooperatives Spiel, bei dem richtig oder falsch bzw. gewinnen oder verlieren keine Rolle spielen. Eine R\u00fcckmeldung oder Belohnung gibt es aber bei jeder Aufgabe: einen Oscar, Applaus, einen Trostpreis, vielleicht aber auch die goldene Zitrone.. Die 84 Aufgaben sind gekennzeichnet als leicht\/medium\/anspruchsvoll \u2013 und somit ab A1 spielbar. Es kann beliebig oft gespielt werden, ohne sich zu wiederholen. Die Aufgaben k\u00f6nnen jedes Mal anders gel\u00f6st werden.. Die Texte stehen in Deutsch auf den Karten, \u00dcbersetzungen f\u00fcr Englisch, Franz\u00f6sisch, Italienisch und Spanisch sind als Download verf\u00fcgbar.. Spielmaterial:. 84 Aufgabenkarten. 84 Feedback-Chips. Zettelblock mit 200 Blatt. F\u00fcr 2-6 Spieler. Spieldauer: flexibel<\/p>\n","protected":false},"excerpt":{"rendered":"<p>Level: A1. Zu Hause ein Partyspiel mit Lerneffekt. In Schule und Weiterbildung ein Spiel, das Abwechslung und Dynamik in den Unterricht bringt! Eine Sprache zu lernen ist gut, das Gelernte anzuwenden ist besser! Mit Spa\u00df und Fantasie wird hier kommuniziert,&#8230;<\/p>\n","protected":false},"featured_media":109866,"template":"","meta":{"_acf_changed":false,"inline_featured_image":false},"product_brand":[],"product_cat":[503],"product_tag":[],"series":[],"publisher":[{"id":983,"name":"Grubbe Media","slug":"grubbe-media"}],"class_list":{"0":"post-109889","1":"product","2":"type-product","3":"status-publish","4":"has-post-thumbnail","6":"product_cat-lernen-mit-bildern-und-spielen","7":"publisher-grubbe-media","9":"first","10":"onbackorder","11":"taxable","12":"shipping-taxable","13":"purchasable","14":"product-type-simple"},"acf":[],"_links":{"self":[{"href":"https:\/\/exlibris.ee\/ru\/wp-json\/wp\/v2\/product\/109889","targetHints":{"allow":["GET"]}}],"collection":[{"href":"https:\/\/exlibris.ee\/ru\/wp-json\/wp\/v2\/product"}],"about":[{"href":"https:\/\/exlibris.ee\/ru\/wp-json\/wp\/v2\/types\/product"}],"wp:featuredmedia":[{"embeddable":true,"href":"https:\/\/exlibris.ee\/ru\/wp-json\/wp\/v2\/media\/109866"}],"wp:attachment":[{"href":"https:\/\/exlibris.ee\/ru\/wp-json\/wp\/v2\/media?parent=109889"}],"wp:term":[{"taxonomy":"product_brand","embeddable":true,"href":"https:\/\/exlibris.ee\/ru\/wp-json\/wp\/v2\/product_brand?post=109889"},{"taxonomy":"product_cat","embeddable":true,"href":"https:\/\/exlibris.ee\/ru\/wp-json\/wp\/v2\/product_cat?post=109889"},{"taxonomy":"product_tag","embeddable":true,"href":"https:\/\/exlibris.ee\/ru\/wp-json\/wp\/v2\/product_tag?post=109889"},{"taxonomy":"series","embeddable":true,"href":"https:\/\/exlibris.ee\/ru\/wp-json\/wp\/v2\/series?post=109889"},{"taxonomy":"publisher","embeddable":true,"href":"https:\/\/exlibris.ee\/ru\/wp-json\/wp\/v2\/publisher?post=109889"}],"curies":[{"name":"wp","href":"https:\/\/api.w.org\/{rel}","templated":true}]}}